{"id":554,"date":"2025-01-16T12:07:52","date_gmt":"2025-01-16T11:07:52","guid":{"rendered":"https:\/\/xn--arbetstimmarpermnad-gxb.se\/?page_id=554"},"modified":"2025-01-16T12:10:45","modified_gmt":"2025-01-16T11:10:45","slug":"roda-dagar-2025","status":"publish","type":"page","link":"https:\/\/xn--arbetstimmarpermnad-gxb.se\/nb\/roda-dagar-2025\/","title":{"rendered":"Planera din semester med hj\u00e4lp av r\u00f6da dagar 2025"},"content":{"rendered":"<h2>S\u00e5 maximerar du dina lediga dagar under 2025<\/h2>\n<p>Att planera semestern i god tid \u00e4r ett smart s\u00e4tt att f\u00e5 ut s\u00e5 mycket ledighet som m\u00f6jligt under \u00e5ret. Genom att utnyttja r\u00f6da dagar och kl\u00e4mdagar kan du f\u00f6rl\u00e4nga dina ledigheter med bara n\u00e5gra f\u00e5 semesterdagar. H\u00e4r \u00e4r en komplett guide f\u00f6r 2025 \u2013 m\u00e5nad f\u00f6r m\u00e5nad \u2013 med fokus p\u00e5 n\u00e4r du b\u00e4st kan planera din ledighet.<\/p>\n<h5>Januari \u2013 Ny\u00e5r och Trettondedag jul<\/h5>\n<p>Ny\u00e5rsdagen (1 januari) infaller p\u00e5 en onsdag, vilket ger ett bra l\u00e4ge f\u00f6r en kort vecka. Om du tar ledigt den 2 och 3 januari f\u00e5r du hela fem dagar ledigt i str\u00e4ck.<img loading=\"lazy\" decoding=\"async\" class=\"wp-image-555 size-medium alignright\" src=\"https:\/\/xn--arbetstimmarpermnad-gxb.se\/wp-content\/uploads\/2025\/01\/Januari-300x200.webp\" alt=\"\" width=\"300\" height=\"200\" srcset=\"https:\/\/xn--arbetstimmarpermnad-gxb.se\/wp-content\/uploads\/2025\/01\/Januari-300x200.webp 300w, https:\/\/xn--arbetstimmarpermnad-gxb.se\/wp-content\/uploads\/2025\/01\/Januari-1024x682.webp 1024w, https:\/\/xn--arbetstimmarpermnad-gxb.se\/wp-content\/uploads\/2025\/01\/Januari-768x512.webp 768w, https:\/\/xn--arbetstimmarpermnad-gxb.se\/wp-content\/uploads\/2025\/01\/Januari-18x12.webp 18w, https:\/\/xn--arbetstimmarpermnad-gxb.se\/wp-content\/uploads\/2025\/01\/Januari.webp 1280w\" sizes=\"auto, (max-width: 300px) 100vw, 300px\" \/><\/p>\n<p>Trettondedag jul (6 januari) infaller p\u00e5 en m\u00e5ndag. Om du tar ledigt fredagen den 3 januari f\u00f6rl\u00e4nger du helgen och f\u00e5r en fyradagars ledighet.<\/p>\n<p><strong>Tips:<\/strong><br \/>\n&#8211; Ta ledigt: 2, 3 januari (torsdag och fredag)<br \/>\n&#8211; Total ledighet: 5 dagar (1\u20135 januari)<br \/>\n&#8211; Alternativ: Ta ledigt den 3 januari och f\u00e5 en fyradagars helg (3\u20136 januari).<\/p>\n<p>&nbsp;<\/p>\n<h5>April \u2013 P\u00e5sken<\/h5>\n<p>P\u00e5sken \u00e4r alltid en klassiker f\u00f6r att f\u00e5 extra ledighet. \u00c5r 2025 infaller\u00a0 L\u00e5ngfredagen (18 april) och Annandag p\u00e5sk (21 april).\u00a0 Med bara fyra semesterdagar kan du f\u00e5 tio dagar ledigt i str\u00e4ck!<img loading=\"lazy\" decoding=\"async\" class=\"wp-image-124 size-medium alignright\" src=\"https:\/\/xn--arbetstimmarpermnad-gxb.se\/wp-content\/uploads\/2021\/03\/paskdagen-och-pingstdagen-300x200.webp\" alt=\"p\u00e5skedag og pinsedag\" width=\"300\" height=\"200\" srcset=\"https:\/\/xn--arbetstimmarpermnad-gxb.se\/wp-content\/uploads\/2021\/03\/paskdagen-och-pingstdagen-300x200.webp 300w, https:\/\/xn--arbetstimmarpermnad-gxb.se\/wp-content\/uploads\/2021\/03\/paskdagen-och-pingstdagen-1024x684.webp 1024w, https:\/\/xn--arbetstimmarpermnad-gxb.se\/wp-content\/uploads\/2021\/03\/paskdagen-och-pingstdagen-768x513.webp 768w, https:\/\/xn--arbetstimmarpermnad-gxb.se\/wp-content\/uploads\/2021\/03\/paskdagen-och-pingstdagen.webp 1200w\" sizes=\"auto, (max-width: 300px) 100vw, 300px\" \/><\/p>\n<p><strong>Tips:<\/strong><br \/>\n&#8211; Ta ledigt: 15\u201317 april (tisdag till torsdag) och 22 april (tisdag).<br \/>\n&#8211; Total ledighet: 10 dagar (12\u201321 april).<\/p>\n<p>&nbsp;<\/p>\n<h5>Maj \u2013 R\u00f6da dagar och l\u00e5nga helger<\/h5>\n<p>Maj \u00e4r en av de b\u00e4sta m\u00e5naderna f\u00f6r att optimera ledigheten tack vare flera r\u00f6da dagar:<img loading=\"lazy\" decoding=\"async\" class=\"wp-image-556 size-medium alignright\" src=\"https:\/\/xn--arbetstimmarpermnad-gxb.se\/wp-content\/uploads\/2025\/01\/maj-300x200.jpg\" alt=\"\" width=\"300\" height=\"200\" srcset=\"https:\/\/xn--arbetstimmarpermnad-gxb.se\/wp-content\/uploads\/2025\/01\/maj-300x200.jpg 300w, https:\/\/xn--arbetstimmarpermnad-gxb.se\/wp-content\/uploads\/2025\/01\/maj-1024x682.jpg 1024w, https:\/\/xn--arbetstimmarpermnad-gxb.se\/wp-content\/uploads\/2025\/01\/maj-768x512.jpg 768w, https:\/\/xn--arbetstimmarpermnad-gxb.se\/wp-content\/uploads\/2025\/01\/maj-18x12.jpg 18w, https:\/\/xn--arbetstimmarpermnad-gxb.se\/wp-content\/uploads\/2025\/01\/maj.jpg 1280w\" sizes=\"auto, (max-width: 300px) 100vw, 300px\" \/><\/p>\n<p><span style=\"font-size: 16px;\">1 maj (torsdag) \u2013 Tag ledigt fredagen den 2 maj f\u00f6r en l\u00e5nghelg.<\/span><\/p>\n<p>Kristi himmelsf\u00e4rds dag (29 maj) infaller p\u00e5 en torsdag. Ta ledigt fredagen den 30 maj och njut av en fyradagars ledighet.<\/p>\n<p><strong>Tips:<\/strong><br \/>\n&#8211; Ta ledigt: 2 maj och 30 maj.<br \/>\n&#8211; Total ledighet: Tv\u00e5 fyradagars helger.<\/p>\n<p>&nbsp;<\/p>\n<h5>Juni \u2013 Nationaldag och midsommar<\/h5>\n<p>Nationaldagen (6 juni) infaller i \u00e5r p\u00e5 en fredag, vilket automatiskt ger en l\u00e5nghelg.<img loading=\"lazy\" decoding=\"async\" class=\"wp-image-557 size-medium alignright\" src=\"https:\/\/xn--arbetstimmarpermnad-gxb.se\/wp-content\/uploads\/2025\/01\/juni-midsommar-300x225.jpg\" alt=\"\" width=\"300\" height=\"225\" srcset=\"https:\/\/xn--arbetstimmarpermnad-gxb.se\/wp-content\/uploads\/2025\/01\/juni-midsommar-300x225.jpg 300w, https:\/\/xn--arbetstimmarpermnad-gxb.se\/wp-content\/uploads\/2025\/01\/juni-midsommar-1024x768.jpg 1024w, https:\/\/xn--arbetstimmarpermnad-gxb.se\/wp-content\/uploads\/2025\/01\/juni-midsommar-768x576.jpg 768w, https:\/\/xn--arbetstimmarpermnad-gxb.se\/wp-content\/uploads\/2025\/01\/juni-midsommar-16x12.jpg 16w, https:\/\/xn--arbetstimmarpermnad-gxb.se\/wp-content\/uploads\/2025\/01\/juni-midsommar.jpg 1280w\" sizes=\"auto, (max-width: 300px) 100vw, 300px\" \/><\/p>\n<p>Midsommarafton (20 juni) \u00e4r en fredag. Eftersom midsommardagen (21 juni) \u00e4r en l\u00f6rdag, f\u00e5r du ingen extra ledighet, men det \u00e4r fortfarande ett ypperligt tillf\u00e4lle f\u00f6r att njuta av sommarens b\u00f6rjan.<\/p>\n<p><strong>Tips:<\/strong><br \/>\n&#8211; Inga extra semesterdagar beh\u00f6vs f\u00f6r nationaldagen.<br \/>\n&#8211; Planera \u00f6vriga semesterdagar i anslutning till midsommar f\u00f6r en l\u00e4ngre sommarledighet.<\/p>\n<p>&nbsp;<\/p>\n<h5>November \u2013 Alla helgons dag<\/h5>\n<p>Alla helgons dag (1 november) infaller p\u00e5 en l\u00f6rdag, vilket tyv\u00e4rr inte ger n\u00e5gon extra ledighet. Det kan dock vara ett bra tillf\u00e4lle att ta en semesterdag p\u00e5 fredagen f\u00f6r att f\u00f6rl\u00e4nga helgen.<img loading=\"lazy\" decoding=\"async\" class=\"wp-image-558 size-medium alignright\" src=\"https:\/\/xn--arbetstimmarpermnad-gxb.se\/wp-content\/uploads\/2025\/01\/halloween-5-300x200.jpg\" alt=\"\" width=\"300\" height=\"200\" srcset=\"https:\/\/xn--arbetstimmarpermnad-gxb.se\/wp-content\/uploads\/2025\/01\/halloween-5-300x200.jpg 300w, https:\/\/xn--arbetstimmarpermnad-gxb.se\/wp-content\/uploads\/2025\/01\/halloween-5-1024x682.jpg 1024w, https:\/\/xn--arbetstimmarpermnad-gxb.se\/wp-content\/uploads\/2025\/01\/halloween-5-768x511.jpg 768w, https:\/\/xn--arbetstimmarpermnad-gxb.se\/wp-content\/uploads\/2025\/01\/halloween-5-18x12.jpg 18w, https:\/\/xn--arbetstimmarpermnad-gxb.se\/wp-content\/uploads\/2025\/01\/halloween-5.jpg 1280w\" sizes=\"auto, (max-width: 300px) 100vw, 300px\" \/><\/p>\n<p><strong>Tips:<\/strong><br \/>\n&#8211; Ta ledigt: 31 oktober (fredag).<br \/>\n&#8211; Total ledighet: Tre dagar (31 oktober\u20132 november).<\/p>\n<p>&nbsp;<\/p>\n<h5>December \u2013 Jul och ny\u00e5r<\/h5>\n<p>Julafton (24 december) infaller p\u00e5 en onsdag, och juldagen (25 december) samt annandag jul (26 december) p\u00e5 torsdag respektive fredag. Genom att ta ledigt m\u00e5ndag och tisdag den 22 och 23 december kan du skapa en nio dagars ledighet med bara tv\u00e5 semesterdagar.<img loading=\"lazy\" decoding=\"async\" class=\"wp-image-559 size-medium alignright\" src=\"https:\/\/xn--arbetstimmarpermnad-gxb.se\/wp-content\/uploads\/2025\/01\/julute-300x193.jpg\" alt=\"\" width=\"300\" height=\"193\" srcset=\"https:\/\/xn--arbetstimmarpermnad-gxb.se\/wp-content\/uploads\/2025\/01\/julute-300x193.jpg 300w, https:\/\/xn--arbetstimmarpermnad-gxb.se\/wp-content\/uploads\/2025\/01\/julute-1024x659.jpg 1024w, https:\/\/xn--arbetstimmarpermnad-gxb.se\/wp-content\/uploads\/2025\/01\/julute-768x494.jpg 768w, https:\/\/xn--arbetstimmarpermnad-gxb.se\/wp-content\/uploads\/2025\/01\/julute-18x12.jpg 18w, https:\/\/xn--arbetstimmarpermnad-gxb.se\/wp-content\/uploads\/2025\/01\/julute.jpg 1280w\" sizes=\"auto, (max-width: 300px) 100vw, 300px\" \/><\/p>\n<p>Ny\u00e5r 2025 \u00e4r \u00e4nnu b\u00e4ttre, d\u00e5 ny\u00e5rsdagen (1 januari 2026) infaller p\u00e5 en torsdag. Om du tar ledigt fredagen den 2 januari f\u00e5r du ytterligare en l\u00e5nghelg.<\/p>\n<p><strong>Tips:<\/strong><br \/>\n&#8211; Ta ledigt: 22, 23 december (m\u00e5ndag och tisdag).<br \/>\n&#8211; Alternativ: Ta ledigt 29\u201330 december (m\u00e5ndag och tisdag) och 2 januari (fredag).<br \/>\n&#8211; Total ledighet: 9 dagar under jul och 4 dagar under ny\u00e5r.<\/p>\n<p>&nbsp;<\/p>\n<p>Genom att planera din semester strategiskt kan du f\u00e5 ut det mesta av 2025 \u00e5rs r\u00f6da dagar och kl\u00e4mdagar. H\u00e4r \u00e4r en snabb \u00f6versikt \u00f6ver de b\u00e4sta m\u00f6jligheterna:<\/p>\n<p><strong>&#8211; Januari<\/strong>: F\u00e5 fem dagar ledigt med tv\u00e5 semesterdagar.<br \/>\n<strong>&#8211; April<\/strong>: F\u00e5 tio dagar ledigt under p\u00e5sken.<br \/>\n&#8211;<strong> Maj:<\/strong> Tv\u00e5 fyradagars helger.<br \/>\n&#8211;<strong> Juni:<\/strong> L\u00e5nghelg vid nationaldagen.<br \/>\n<strong>&#8211; December<\/strong>: Upp till nio dagars ledighet under julen och fyra dagar vid ny\u00e5r.<\/p>\n<p>B\u00f6rja planera redan nu f\u00f6r att optimera dina lediga dagar och njuta av 2025 p\u00e5 b\u00e4sta s\u00e4tt!<\/p>","protected":false},"excerpt":{"rendered":"<p>S\u00e5 maximerar du dina lediga dagar under 2025 Att planera semestern i god tid \u00e4r ett smart s\u00e4tt att f\u00e5 ut s\u00e5 mycket ledighet som m\u00f6jligt under \u00e5ret. Genom att utnyttja r\u00f6da dagar och kl\u00e4mdagar kan du f\u00f6rl\u00e4nga dina ledigheter med bara n\u00e5gra f\u00e5 semesterdagar. H\u00e4r \u00e4r en komplett guide f\u00f6r 2025 \u2013 m\u00e5nad f\u00f6r [&hellip;]<\/p>","protected":false},"author":1,"featured_media":0,"parent":0,"menu_order":0,"comment_status":"closed","ping_status":"closed","template":"","meta":{"site-sidebar-layout":"default","site-content-layout":"default","ast-site-content-layout":"","site-content-style":"default","site-sidebar-style":"default","ast-global-header-display":"","ast-banner-title-visibility":"","ast-main-header-display":"","ast-hfb-above-header-display":"","ast-hfb-below-header-display":"","ast-hfb-mobile-header-display":"","site-post-title":"","ast-breadcrumbs-content":"","ast-featured-img":"","footer-sml-layout":"","theme-transparent-header-meta":"default","adv-header-id-meta":"","stick-header-meta":"","header-above-stick-meta":"","header-main-stick-meta":"","header-below-stick-meta":"","astra-migrate-meta-layouts":"default","ast-page-background-enabled":"default","ast-page-background-meta":{"desktop":{"background-color":"var(--ast-global-color-4)","background-image":"","background-repeat":"repeat","background-position":"center center","background-size":"auto","background-attachment":"scroll","background-type":"","background-media":"","overlay-type":"","overlay-color":"","overlay-opacity":"","overlay-gradient":""},"tablet":{"background-color":"","background-image":"","background-repeat":"repeat","background-position":"center center","background-size":"auto","background-attachment":"scroll","background-type":"","background-media":"","overlay-type":"","overlay-color":"","overlay-opacity":"","overlay-gradient":""},"mobile":{"background-color":"","background-image":"","background-repeat":"repeat","background-position":"center center","background-size":"auto","background-attachment":"scroll","background-type":"","background-media":"","overlay-type":"","overlay-color":"","overlay-opacity":"","overlay-gradient":""}},"ast-content-background-meta":{"desktop":{"background-color":"var(--ast-global-color-5)","background-image":"","background-repeat":"repeat","background-position":"center center","background-size":"auto","background-attachment":"scroll","background-type":"","background-media":"","overlay-type":"","overlay-color":"","overlay-opacity":"","overlay-gradient":""},"tablet":{"background-color":"var(--ast-global-color-5)","background-image":"","background-repeat":"repeat","background-position":"center center","background-size":"auto","background-attachment":"scroll","background-type":"","background-media":"","overlay-type":"","overlay-color":"","overlay-opacity":"","overlay-gradient":""},"mobile":{"background-color":"var(--ast-global-color-5)","background-image":"","background-repeat":"repeat","background-position":"center center","background-size":"auto","background-attachment":"scroll","background-type":"","background-media":"","overlay-type":"","overlay-color":"","overlay-opacity":"","overlay-gradient":""}},"footnotes":""},"class_list":["post-554","page","type-page","status-publish","hentry"],"_links":{"self":[{"href":"https:\/\/xn--arbetstimmarpermnad-gxb.se\/nb\/wp-json\/wp\/v2\/pages\/554","targetHints":{"allow":["GET"]}}],"collection":[{"href":"https:\/\/xn--arbetstimmarpermnad-gxb.se\/nb\/wp-json\/wp\/v2\/pages"}],"about":[{"href":"https:\/\/xn--arbetstimmarpermnad-gxb.se\/nb\/wp-json\/wp\/v2\/types\/page"}],"author":[{"embeddable":true,"href":"https:\/\/xn--arbetstimmarpermnad-gxb.se\/nb\/wp-json\/wp\/v2\/users\/1"}],"replies":[{"embeddable":true,"href":"https:\/\/xn--arbetstimmarpermnad-gxb.se\/nb\/wp-json\/wp\/v2\/comments?post=554"}],"version-history":[{"count":5,"href":"https:\/\/xn--arbetstimmarpermnad-gxb.se\/nb\/wp-json\/wp\/v2\/pages\/554\/revisions"}],"predecessor-version":[{"id":565,"href":"https:\/\/xn--arbetstimmarpermnad-gxb.se\/nb\/wp-json\/wp\/v2\/pages\/554\/revisions\/565"}],"wp:attachment":[{"href":"https:\/\/xn--arbetstimmarpermnad-gxb.se\/nb\/wp-json\/wp\/v2\/media?parent=554"}],"curies":[{"name":"wp","href":"https:\/\/api.w.org\/{rel}","templated":true}]}}