{"id":226,"date":"2024-02-28T20:46:18","date_gmt":"2024-02-28T19:46:18","guid":{"rendered":"https:\/\/xn--arbetstimmarpermnad-gxb.se\/?page_id=226"},"modified":"2025-02-07T12:21:11","modified_gmt":"2025-02-07T11:21:11","slug":"arbetstimmar-per-manad-2025","status":"publish","type":"page","link":"https:\/\/xn--arbetstimmarpermnad-gxb.se\/nb\/arbetstimmar-per-manad-2025\/","title":{"rendered":"Arbetstimmar per m\u00e5nad 2025"},"content":{"rendered":"<p><a style=\"font-size: 18px; font-weight: bold; color: red;\" href=\"https:\/\/xn--arbetstimmarpermnad-gxb.se\/nb\/roda-dagar-2025\/\"><br \/>\nGUIDE: Planera och maximera din semester med hj\u00e4lp av r\u00f6da dagar 2025<br \/>\n<\/a><\/p>\n\n<table id=\"tablepress-7\" class=\"tablepress tablepress-id-7 tablepress-responsive\">\n<thead>\n<tr class=\"row-1\">\n\t<th class=\"column-1\">M\u00e5ned<\/th><th class=\"column-2\">Arbeidsdager<\/th><th class=\"column-3\">Arbeidstid<\/th><th class=\"column-4\">L\u00f8r &amp; S\u00f8n.<\/th><th class=\"column-5\">Andre<\/th>\n<\/tr>\n<\/thead>\n<tbody class=\"row-striping row-hover\">\n<tr class=\"row-2\">\n\t<td class=\"column-1\"><a href=\"https:\/\/xn--arbetstimmarpermnad-gxb.se\/nb\/januari-2025\/\">januar<\/a><\/td><td class=\"column-2\">22<\/td><td class=\"column-3\">176<\/td><td class=\"column-4\">8<\/td><td class=\"column-5\">1<\/td>\n<\/tr>\n<tr class=\"row-3\">\n\t<td class=\"column-1\"><a href=\"https:\/\/xn--arbetstimmarpermnad-gxb.se\/nb\/februari-2025\/\">februar<\/a><\/td><td class=\"column-2\">20<\/td><td class=\"column-3\">160<\/td><td class=\"column-4\">8<\/td><td class=\"column-5\">0<\/td>\n<\/tr>\n<tr class=\"row-4\">\n\t<td class=\"column-1\"><a href=\"https:\/\/xn--arbetstimmarpermnad-gxb.se\/nb\/mars-2025\/\">mars<\/a><\/td><td class=\"column-2\">21<\/td><td class=\"column-3\">168<\/td><td class=\"column-4\">10<\/td><td class=\"column-5\">0<\/td>\n<\/tr>\n<tr class=\"row-5\">\n\t<td class=\"column-1\"><a href=\"https:\/\/xn--arbetstimmarpermnad-gxb.se\/nb\/april-2025\/\">april<\/a><\/td><td class=\"column-2\">20<\/td><td class=\"column-3\">160<\/td><td class=\"column-4\">8<\/td><td class=\"column-5\">2<\/td>\n<\/tr>\n<tr class=\"row-6\">\n\t<td class=\"column-1\"><a href=\"https:\/\/xn--arbetstimmarpermnad-gxb.se\/nb\/maj-2025\/\">Kan<\/a><\/td><td class=\"column-2\">20<\/td><td class=\"column-3\">160<\/td><td class=\"column-4\">9<\/td><td class=\"column-5\">2<\/td>\n<\/tr>\n<tr class=\"row-7\">\n\t<td class=\"column-1\"><a href=\"https:\/\/xn--arbetstimmarpermnad-gxb.se\/nb\/juni-2025\/\">juni<\/a><\/td><td class=\"column-2\">18<\/td><td class=\"column-3\">144<\/td><td class=\"column-4\">9<\/td><td class=\"column-5\">3<\/td>\n<\/tr>\n<tr class=\"row-8\">\n\t<td class=\"column-1\"><a href=\"https:\/\/xn--arbetstimmarpermnad-gxb.se\/nb\/juli-2025\/\">juli<\/a><\/td><td class=\"column-2\">23<\/td><td class=\"column-3\">184<\/td><td class=\"column-4\">8<\/td><td class=\"column-5\">0<\/td>\n<\/tr>\n<tr class=\"row-9\">\n\t<td class=\"column-1\"><a href=\"https:\/\/xn--arbetstimmarpermnad-gxb.se\/nb\/augusti-2025\/\">august<\/a><\/td><td class=\"column-2\">21<\/td><td class=\"column-3\">168<\/td><td class=\"column-4\">10<\/td><td class=\"column-5\">0<\/td>\n<\/tr>\n<tr class=\"row-10\">\n\t<td class=\"column-1\"><a href=\"https:\/\/xn--arbetstimmarpermnad-gxb.se\/nb\/september-2025\/\">september<\/a><\/td><td class=\"column-2\">22<\/td><td class=\"column-3\">176<\/td><td class=\"column-4\">8<\/td><td class=\"column-5\">0<\/td>\n<\/tr>\n<tr class=\"row-11\">\n\t<td class=\"column-1\"><a href=\"https:\/\/xn--arbetstimmarpermnad-gxb.se\/nb\/oktober-2025\/\">oktober<\/a><\/td><td class=\"column-2\">23<\/td><td class=\"column-3\">184<\/td><td class=\"column-4\">8<\/td><td class=\"column-5\">0<\/td>\n<\/tr>\n<tr class=\"row-12\">\n\t<td class=\"column-1\"><a href=\"https:\/\/xn--arbetstimmarpermnad-gxb.se\/nb\/november-2025\/\">november<\/a><\/td><td class=\"column-2\">20<\/td><td class=\"column-3\">160<\/td><td class=\"column-4\">10<\/td><td class=\"column-5\">0<\/td>\n<\/tr>\n<tr class=\"row-13\">\n\t<td class=\"column-1\"><a href=\"https:\/\/xn--arbetstimmarpermnad-gxb.se\/nb\/december-2025\/\">desember<\/a><\/td><td class=\"column-2\">21<\/td><td class=\"column-3\">168<\/td><td class=\"column-4\">8<\/td><td class=\"column-5\">2<\/td>\n<\/tr>\n<tr class=\"row-14\">\n\t<td class=\"column-1\"><strong>Total \u00e5rlig arbeidstid<\/strong><\/td><td class=\"column-2\"><strong>251<\/strong><\/td><td class=\"column-3\"><strong>2008<\/strong><\/td><td class=\"column-4\"><strong>104<\/strong><\/td><td class=\"column-5\"><strong>12<\/strong><\/td>\n<\/tr>\n<\/tbody>\n<tfoot>\n<tr class=\"row-15\">\n\t<th class=\"column-1\">Gjennomsnitt \/ m\u00e5ned<\/th><th class=\"column-2\">21<\/th><th class=\"column-3\">167<\/th><th class=\"column-4\">8.67<\/th><th class=\"column-5\">0.83<\/th>\n<\/tr>\n<\/tfoot>\n<\/table>\n\n<style>.wp-show-posts-columns#wpsp-113 {margin-left: -2em; }.wp-show-posts-columns#wpsp-113 .wp-show-posts-inner {margin: 0 0 2em 2em; }<\/style><section id=\"wpsp-113\" class=\"wp-show-posts\" style=\"\"><article class=\"wp-show-posts-single wpsp-clearfix post-162 post type-post status-publish format-standard hentry category-dagar\" itemtype=\"http:\/\/schema.org\/CreativeWork\" itemscope><div class=\"wp-show-posts-inner\" style=\"\">\t\t\t\t\t\t<header class=\"wp-show-posts-entry-header\">\n\t\t\t\t\t\t\t<h2 class=\"wp-show-posts-entry-title\" itemprop=\"headline\"><a href=\"https:\/\/xn--arbetstimmarpermnad-gxb.se\/nb\/midtsommerdag\/\" rel=\"bookmark\">Midtsommerdagen<\/a><\/h2>\t\t\t\t\t\t<\/header><!-- .entry-header -->\n\t\t\t\t\t\t\t\t\t\t\t<div class=\"wp-show-posts-entry-content\" itemprop=\"text\">\n\t\t\t\t\t\t\t<h1 class=\"western\" align=\"JUSTIFY\"><img loading=\"lazy\" decoding=\"async\" class=\"aligncenter size-full wp-image-163\" src=\"https:\/\/xn--arbetstimmarpermnad-gxb.se\/wp-content\/uploads\/2022\/04\/midsommardagen.webp\" alt=\"Midtsommerdagen\" width=\"800\" height=\"420\" srcset=\"https:\/\/xn--arbetstimmarpermnad-gxb.se\/wp-content\/uploads\/2022\/04\/midsommardagen.webp 800w, https:\/\/xn--arbetstimmarpermnad-gxb.se\/wp-content\/uploads\/2022\/04\/midsommardagen-300x158.webp 300w, https:\/\/xn--arbetstimmarpermnad-gxb.se\/wp-content\/uploads\/2022\/04\/midsommardagen-768x403.webp 768w\" sizes=\"auto, (max-width: 800px) 100vw, 800px\" \/>Midtsommerdagen<\/h1>\n<p align=\"JUSTIFY\">Selv om midtsommer for mange minner om en spesifikk svensk feiring, er midtsommerdagen en unik h\u00f8ytid som finner sted en lang rekke forskjellige steder i verden. Dette er fordi historien er todelt knyttet til b\u00e5de f\u00f8rkristen tid og spredningen av kristendommen over hele Europa.<\/p>\n<p align=\"JUSTIFY\">Her ser vi n\u00e6rmere p\u00e5 midtsommerdagen.<\/p>\n<h2 class=\"western\" align=\"JUSTIFY\">Folke- og kirkeh\u00f8ytid<\/h2>\n<p align=\"JUSTIFY\">I en svensk respekt for sankthansdagen, definitivt tankene om sankthansfeiringen. Denne veldig typiske feiringen som finner sted mellom 20. og 26. juni har en lang og uklar historie. Mens noen mener at det er et f\u00f8rkristent fenomen som er knyttet til feiringen av sommersolverv, mener noen at spredningen er n\u00e6rt knyttet til kristendommen og d\u00f8peren Johannesdag.<\/p>\n<p align=\"JUSTIFY\">Uansett hvor du plasserer dagen i en historisk scene, er det gitt at det er en felles h\u00f8ytid som feires mange forskjellige steder i verden. I Sverige har det tradisjonelt blitt feiret med midtsommerdans og klassisk midtsommermat.<\/p>\n<p align=\"JUSTIFY\">Andre steder i verden, hvor kirkens stilling er mer utbredt ogs\u00e5 i moderne tid, har feiringen et atskillig mye mer kirkelig utseende. Dette har f\u00f8rt til at mange har kommet for \u00e5 se midtsommerdagen som en slags klippe mellom f\u00f8rkristne tradisjoner og kristne skikker. Men ettersom det er uklart hvor \u00e5penbar den historiske forankringen egentlig er, har ingen kommet for \u00e5 trekke noen sikre konklusjoner.<\/p>\n<p align=\"JUSTIFY\">Det som imidlertid er klart er at dagen fortsetter \u00e5 bli feiret mange steder rundt om i verden, og at den fortsatt er ekstremt popul\u00e6r. Noe som er spesielt interessant er at alle land ser ut til \u00e5 ha en tendens til \u00e5 forbinde midtsommerdagen med sin egen feiring, selv om det faktisk er en internasjonal h\u00f8ytid. I det hele tatt, sannsynligvis en av de vanligste festivalene rundt om i verden, som interessant nok mangler felles elementer.<\/p>\n<div class=\"ast-oembed-container\" style=\"height: 100%;\"><iframe loading=\"lazy\" title=\"Midtsommerdagen\" width=\"500\" height=\"281\" src=\"https:\/\/www.youtube.com\/embed\/uS7n5kWv-T4?feature=oembed\" frameborder=\"0\" allow=\"accelerometer; autoplay; clipboard-write; encrypted-media; gyroscope; picture-in-picture; web-share\" referrerpolicy=\"strict-origin-when-cross-origin\" allowfullscreen><\/iframe><\/div>\n\t\t\t\t\t\t<\/div><!-- .entry-content -->\n\t\t\t\t\t<div class=\"wpsp-read-more\"><a title=\"Midtsommerdagen\" class=\"wp-show-posts-read-more\" href=\"https:\/\/xn--arbetstimmarpermnad-gxb.se\/nb\/midtsommerdag\/\">Les mer...<\/a><\/div><\/div><!-- wp-show-posts-inner --><div class=\"wpsp-clear\"><\/div><\/article><article class=\"wp-show-posts-single wpsp-clearfix post-157 post type-post status-publish format-standard hentry category-dagar\" itemtype=\"http:\/\/schema.org\/CreativeWork\" itemscope><div class=\"wp-show-posts-inner\" style=\"\">\t\t\t\t\t\t<header class=\"wp-show-posts-entry-header\">\n\t\t\t\t\t\t\t<h2 class=\"wp-show-posts-entry-title\" itemprop=\"headline\"><a href=\"https:\/\/xn--arbetstimmarpermnad-gxb.se\/nb\/sveriges-nasjonaldag\/\" rel=\"bookmark\">Sveriges nasjonaldag<\/a><\/h2>\t\t\t\t\t\t<\/header><!-- .entry-header -->\n\t\t\t\t\t\t\t\t\t\t\t<div class=\"wp-show-posts-entry-content\" itemprop=\"text\">\n\t\t\t\t\t\t\t<h1 class=\"western\" align=\"JUSTIFY\"><img loading=\"lazy\" decoding=\"async\" class=\"aligncenter size-full wp-image-158\" src=\"https:\/\/xn--arbetstimmarpermnad-gxb.se\/wp-content\/uploads\/2022\/04\/sveriges-nationaldag.jpg\" alt=\"Sveriges nasjonaldag\" width=\"600\" height=\"400\" srcset=\"https:\/\/xn--arbetstimmarpermnad-gxb.se\/wp-content\/uploads\/2022\/04\/sveriges-nationaldag.jpg 600w, https:\/\/xn--arbetstimmarpermnad-gxb.se\/wp-content\/uploads\/2022\/04\/sveriges-nationaldag-300x200.jpg 300w\" sizes=\"auto, (max-width: 600px) 100vw, 600px\" \/>Sveriges nasjonaldag<\/h1>\n<p align=\"JUSTIFY\">Til tross for sin helt spesielle posisjon har ikke Sveriges nasjonaldag faktisk v\u00e6rt en h\u00f8ytid p\u00e5 veldig lenge. Men samtidig har den sine aner som strekker seg flere hundre \u00e5r tilbake i tid. Hvordan den feires varierer derimot veldig mellom ulike steder i Sverige, og p\u00e5 en m\u00e5te er dens eksistens fortsatt kontroversiell.<\/p>\n<p align=\"JUSTIFY\">Vi har tatt et dypdykk i Sveriges nasjonaldag.<\/p>\n<h2 class=\"western\" align=\"JUSTIFY\">Gamle Sverige men moderne tradisjon<\/h2>\n<p align=\"JUSTIFY\">Internasjonalt er Sverige et av de landene som har v\u00e6rt forent lengst. Det er faktisk et av de eldste konged\u00f8mmene i verden. Men til tross for dette er Sveriges nasjonaldag et ganske nytt fenomen. Det var f\u00f8rst p\u00e5 slutten av 1800-tallet at det ble besluttet \u00e5 feire Sverige som et forent rike.<\/p>\n<p align=\"JUSTIFY\">Dagens historie er interessant nok n\u00e6rt knyttet til Skansen. Tanken med Skansen har alltid v\u00e6rt \u00e5 representere en slags levende miniatyr av Sverige, noe som betyr at det helt fra starten var en id\u00e9 om \u00e5 fokusere p\u00e5 Sverige som nasjonalstat.<\/p>\n<p align=\"JUSTIFY\">Da det i 1893 ble besluttet \u00e5 feire Sverige, ble det besluttet \u00e5 gi tilbakemelding til 6. juni 1523 da Gusta Vasa ble konge og ogs\u00e5 et symbol p\u00e5 et samlet Sverige.<\/p>\n<h2 class=\"western\" align=\"JUSTIFY\">En ganske ny h\u00f8ytid<\/h2>\n<p align=\"JUSTIFY\">Selv om feiringen av Sveriges nasjonaldag n\u00e5 strekker seg mer enn hundre \u00e5r tilbake i tid, var det f\u00f8rst i 2005 at det ble en helligdag. Det gj\u00f8r dagen til et spennende og b\u00e5de nytt og gammelt fenomen.<\/p>\n<p align=\"JUSTIFY\">Feiringen varierer veldig mellom ulike steder i Sverige. Men som flaggdag er det gitt \u00e5 heise det svenske flagget. I motsetning til andre h\u00f8ytider finnes det egentlig ingen egentlig mal for hvordan nasjonaldagen skal feires. S\u00e6rlig Skansen fortsetter \u00e5 v\u00e6re en fellesnevner og det er ogs\u00e5 her en stor del av feiringen faktisk finner sted. Hvorvidt dagen vil f\u00e5 st\u00f8rre bred folkelig oppslutning, er imidlertid fortsatt uklart.<\/p>\n<div class=\"ast-oembed-container\" style=\"height: 100%;\"><iframe loading=\"lazy\" title=\"Skansen forteller \u2013 Hvorfor feirer vi Sveriges nasjonaldag 6. juni?\" width=\"500\" height=\"281\" src=\"https:\/\/www.youtube.com\/embed\/7SdIPuWMo_k?feature=oembed\" frameborder=\"0\" allow=\"accelerometer; autoplay; clipboard-write; encrypted-media; gyroscope; picture-in-picture; web-share\" referrerpolicy=\"strict-origin-when-cross-origin\" allowfullscreen><\/iframe><\/div>\n\t\t\t\t\t\t<\/div><!-- .entry-content -->\n\t\t\t\t\t<div class=\"wpsp-read-more\"><a title=\"Sveriges nasjonaldag\" class=\"wp-show-posts-read-more\" href=\"https:\/\/xn--arbetstimmarpermnad-gxb.se\/nb\/sveriges-nasjonaldag\/\">Les mer...<\/a><\/div><\/div><!-- wp-show-posts-inner --><div class=\"wpsp-clear\"><\/div><\/article><\/section><!-- .wp-show-posts -->","protected":false},"excerpt":{"rendered":"<p>GUIDE: Planera och maximera din semester med hj\u00e4lp av r\u00f6da dagar 2025<\/p>","protected":false},"author":1,"featured_media":0,"parent":0,"menu_order":0,"comment_status":"closed","ping_status":"closed","template":"","meta":{"site-sidebar-layout":"default","site-content-layout":"default","ast-site-content-layout":"","site-content-style":"default","site-sidebar-style":"default","ast-global-header-display":"","ast-banner-title-visibility":"","ast-main-header-display":"","ast-hfb-above-header-display":"","ast-hfb-below-header-display":"","ast-hfb-mobile-header-display":"","site-post-title":"","ast-breadcrumbs-content":"","ast-featured-img":"","footer-sml-layout":"","theme-transparent-header-meta":"default","adv-header-id-meta":"","stick-header-meta":"","header-above-stick-meta":"","header-main-stick-meta":"","header-below-stick-meta":"","astra-migrate-meta-layouts":"default","ast-page-background-enabled":"default","ast-page-background-meta":{"desktop":{"background-color":"var(--ast-global-color-4)","background-image":"","background-repeat":"repeat","background-position":"center center","background-size":"auto","background-attachment":"scroll","background-type":"","background-media":"","overlay-type":"","overlay-color":"","overlay-opacity":"","overlay-gradient":""},"tablet":{"background-color":"","background-image":"","background-repeat":"repeat","background-position":"center center","background-size":"auto","background-attachment":"scroll","background-type":"","background-media":"","overlay-type":"","overlay-color":"","overlay-opacity":"","overlay-gradient":""},"mobile":{"background-color":"","background-image":"","background-repeat":"repeat","background-position":"center center","background-size":"auto","background-attachment":"scroll","background-type":"","background-media":"","overlay-type":"","overlay-color":"","overlay-opacity":"","overlay-gradient":""}},"ast-content-background-meta":{"desktop":{"background-color":"var(--ast-global-color-5)","background-image":"","background-repeat":"repeat","background-position":"center center","background-size":"auto","background-attachment":"scroll","background-type":"","background-media":"","overlay-type":"","overlay-color":"","overlay-opacity":"","overlay-gradient":""},"tablet":{"background-color":"var(--ast-global-color-5)","background-image":"","background-repeat":"repeat","background-position":"center center","background-size":"auto","background-attachment":"scroll","background-type":"","background-media":"","overlay-type":"","overlay-color":"","overlay-opacity":"","overlay-gradient":""},"mobile":{"background-color":"var(--ast-global-color-5)","background-image":"","background-repeat":"repeat","background-position":"center center","background-size":"auto","background-attachment":"scroll","background-type":"","background-media":"","overlay-type":"","overlay-color":"","overlay-opacity":"","overlay-gradient":""}},"footnotes":""},"class_list":["post-226","page","type-page","status-publish","hentry"],"_links":{"self":[{"href":"https:\/\/xn--arbetstimmarpermnad-gxb.se\/nb\/wp-json\/wp\/v2\/pages\/226","targetHints":{"allow":["GET"]}}],"collection":[{"href":"https:\/\/xn--arbetstimmarpermnad-gxb.se\/nb\/wp-json\/wp\/v2\/pages"}],"about":[{"href":"https:\/\/xn--arbetstimmarpermnad-gxb.se\/nb\/wp-json\/wp\/v2\/types\/page"}],"author":[{"embeddable":true,"href":"https:\/\/xn--arbetstimmarpermnad-gxb.se\/nb\/wp-json\/wp\/v2\/users\/1"}],"replies":[{"embeddable":true,"href":"https:\/\/xn--arbetstimmarpermnad-gxb.se\/nb\/wp-json\/wp\/v2\/comments?post=226"}],"version-history":[{"count":11,"href":"https:\/\/xn--arbetstimmarpermnad-gxb.se\/nb\/wp-json\/wp\/v2\/pages\/226\/revisions"}],"predecessor-version":[{"id":617,"href":"https:\/\/xn--arbetstimmarpermnad-gxb.se\/nb\/wp-json\/wp\/v2\/pages\/226\/revisions\/617"}],"wp:attachment":[{"href":"https:\/\/xn--arbetstimmarpermnad-gxb.se\/nb\/wp-json\/wp\/v2\/media?parent=226"}],"curies":[{"name":"wp","href":"https:\/\/api.w.org\/{rel}","templated":true}]}}