{"id":116,"date":"2009-01-01T11:09:11","date_gmt":"2009-01-01T10:09:11","guid":{"rendered":"https:\/\/xn--arbetstimmarpermnad-gxb.se\/?page_id=116"},"modified":"2023-09-09T17:39:52","modified_gmt":"2023-09-09T15:39:52","slug":"arbetstimmar-per-manad-2023","status":"publish","type":"page","link":"https:\/\/xn--arbetstimmarpermnad-gxb.se\/nb\/arbeidstid-per-maned-2023\/","title":{"rendered":"Arbeidstid per m\u00e5ned 2023"},"content":{"rendered":"<table id=\"tablepress-5\" class=\"tablepress tablepress-id-5 tablepress-responsive\">\n<thead>\n<tr class=\"row-1\">\n\t<th class=\"column-1\">M\u00e5ned<\/th><th class=\"column-2\">Arbeidsdager<\/th><th class=\"column-3\">Arbeidstid<\/th><th class=\"column-4\">L\u00f8r &amp; S\u00f8n.<\/th><th class=\"column-5\">Andre<\/th>\n<\/tr>\n<\/thead>\n<tbody class=\"row-striping row-hover\">\n<tr class=\"row-2\">\n\t<td class=\"column-1\">januar<\/td><td class=\"column-2\">21<\/td><td class=\"column-3\">168<\/td><td class=\"column-4\">9<\/td><td class=\"column-5\">1<\/td>\n<\/tr>\n<tr class=\"row-3\">\n\t<td class=\"column-1\">februar<\/td><td class=\"column-2\">20<\/td><td class=\"column-3\">160<\/td><td class=\"column-4\">8<\/td><td class=\"column-5\">0<\/td>\n<\/tr>\n<tr class=\"row-4\">\n\t<td class=\"column-1\">mars<\/td><td class=\"column-2\">23<\/td><td class=\"column-3\">184<\/td><td class=\"column-4\">8<\/td><td class=\"column-5\">0<\/td>\n<\/tr>\n<tr class=\"row-5\">\n\t<td class=\"column-1\">april<\/td><td class=\"column-2\">18<\/td><td class=\"column-3\">144<\/td><td class=\"column-4\">10<\/td><td class=\"column-5\">2<\/td>\n<\/tr>\n<tr class=\"row-6\">\n\t<td class=\"column-1\">Kan<\/td><td class=\"column-2\">21<\/td><td class=\"column-3\">168<\/td><td class=\"column-4\">8<\/td><td class=\"column-5\">2<\/td>\n<\/tr>\n<tr class=\"row-7\">\n\t<td class=\"column-1\">juni<\/td><td class=\"column-2\">19<\/td><td class=\"column-3\">152<\/td><td class=\"column-4\">8<\/td><td class=\"column-5\">2<\/td>\n<\/tr>\n<tr class=\"row-8\">\n\t<td class=\"column-1\">juli<\/td><td class=\"column-2\">21<\/td><td class=\"column-3\">168<\/td><td class=\"column-4\">10<\/td><td class=\"column-5\">0<\/td>\n<\/tr>\n<tr class=\"row-9\">\n\t<td class=\"column-1\">august<\/td><td class=\"column-2\">23<\/td><td class=\"column-3\">184<\/td><td class=\"column-4\">8<\/td><td class=\"column-5\">0<\/td>\n<\/tr>\n<tr class=\"row-10\">\n\t<td class=\"column-1\">september<\/td><td class=\"column-2\">21<\/td><td class=\"column-3\">168<\/td><td class=\"column-4\">9<\/td><td class=\"column-5\">0<\/td>\n<\/tr>\n<tr class=\"row-11\">\n\t<td class=\"column-1\">oktober<\/td><td class=\"column-2\">22<\/td><td class=\"column-3\">176<\/td><td class=\"column-4\">9<\/td><td class=\"column-5\">0<\/td>\n<\/tr>\n<tr class=\"row-12\">\n\t<td class=\"column-1\">november<\/td><td class=\"column-2\">22<\/td><td class=\"column-3\">176<\/td><td class=\"column-4\">8<\/td><td class=\"column-5\">0<\/td>\n<\/tr>\n<tr class=\"row-13\">\n\t<td class=\"column-1\">desember<\/td><td class=\"column-2\">19<\/td><td class=\"column-3\">152<\/td><td class=\"column-4\">10<\/td><td class=\"column-5\">2<\/td>\n<\/tr>\n<tr class=\"row-14\">\n\t<td class=\"column-1\"><strong>Total \u00e5rlig arbeidstid<\/strong><\/td><td class=\"column-2\"><strong>250<\/strong><\/td><td class=\"column-3\"><strong>2000<\/strong><\/td><td class=\"column-4\"><strong>105<\/strong><\/td><td class=\"column-5\"><strong>9<\/strong><\/td>\n<\/tr>\n<\/tbody>\n<tfoot>\n<tr class=\"row-15\">\n\t<th class=\"column-1\">Gjennomsnitt \/ m\u00e5ned<\/th><th class=\"column-2\">21<\/th><th class=\"column-3\">167<\/th><th class=\"column-4\">8.75<\/th><th class=\"column-5\">0.75<\/th>\n<\/tr>\n<\/tfoot>\n<\/table>\n\n<style>.wp-show-posts-columns#wpsp-113 {margin-left: -2em; }.wp-show-posts-columns#wpsp-113 .wp-show-posts-inner {margin: 0 0 2em 2em; }<\/style><section id=\"wpsp-113\" class=\"wp-show-posts\" style=\"\"><article class=\"wp-show-posts-single wpsp-clearfix post-146 post type-post status-publish format-standard hentry category-dagar\" itemtype=\"http:\/\/schema.org\/CreativeWork\" itemscope><div class=\"wp-show-posts-inner\" style=\"\">\t\t\t\t\t\t<header class=\"wp-show-posts-entry-header\">\n\t\t\t\t\t\t\t<h2 class=\"wp-show-posts-entry-title\" itemprop=\"headline\"><a href=\"https:\/\/xn--arbetstimmarpermnad-gxb.se\/nb\/langfredag-og-mandag-paske\/\" rel=\"bookmark\">Langfredag og p\u00e5skedag<\/a><\/h2>\t\t\t\t\t\t<\/header><!-- .entry-header -->\n\t\t\t\t\t\t\t\t\t\t\t<div class=\"wp-show-posts-entry-content\" itemprop=\"text\">\n\t\t\t\t\t\t\t<h1 class=\"western\" align=\"JUSTIFY\"><img loading=\"lazy\" decoding=\"async\" class=\"aligncenter size-large wp-image-147\" src=\"https:\/\/xn--arbetstimmarpermnad-gxb.se\/wp-content\/uploads\/2022\/04\/langfredagen-och-annandag-pask-1024x576.png\" alt=\"Langfredag og p\u00e5skedag\" width=\"1024\" height=\"576\" srcset=\"https:\/\/xn--arbetstimmarpermnad-gxb.se\/wp-content\/uploads\/2022\/04\/langfredagen-och-annandag-pask-1024x576.png 1024w, https:\/\/xn--arbetstimmarpermnad-gxb.se\/wp-content\/uploads\/2022\/04\/langfredagen-och-annandag-pask-300x169.png 300w, https:\/\/xn--arbetstimmarpermnad-gxb.se\/wp-content\/uploads\/2022\/04\/langfredagen-och-annandag-pask-768x432.png 768w, https:\/\/xn--arbetstimmarpermnad-gxb.se\/wp-content\/uploads\/2022\/04\/langfredagen-och-annandag-pask-1536x864.png 1536w, https:\/\/xn--arbetstimmarpermnad-gxb.se\/wp-content\/uploads\/2022\/04\/langfredagen-och-annandag-pask.png 1540w\" sizes=\"auto, (max-width: 1024px) 100vw, 1024px\" \/>Langfredag og p\u00e5skedag<\/h1>\r\n<p align=\"JUSTIFY\">I kristen tradisjon er langfredag og andre p\u00e5skedag to sv\u00e6rt viktige h\u00f8ytider som begge er essensielle i Jesu oppmerksomhet. Men selv i den sekulariserte verden har disse dagene mange steder status som en offisiell hel dag.<\/p>\r\n<p align=\"JUSTIFY\">Til tross for at de er h\u00f8ytider, har feiringen i mange land mer eller mindre ikke funnet sted. Det som er unikt er at helgene enkelte steder knapt merkes, mens andre steder inneb\u00e6rer det sv\u00e6rt store arrangementer.<\/p>\r\n<p align=\"JUSTIFY\">Her er litt mer informasjon om hva p\u00e5skedag og langfredag egentlig handler om.<\/p>\r\n\r\n<h2 class=\"western\" align=\"JUSTIFY\">God fredag<\/h2>\r\n<p align=\"JUSTIFY\">Langfredag er i utgangspunktet en kristen h\u00f8ytid som finner sted til minne om Jesu korsfestelse. Den finner sted fredagen f\u00f8r p\u00e5ske, og har som sin opprinnelige id\u00e9 \u00e5 fokusere p\u00e5 lidelsen som Jesus gjennomgikk i forbindelse med korsfestelsen. I Sverige tok det helt til 1600-tallet f\u00f8r det ble en h\u00f8ytid.<\/p>\r\nLangfredagens dato varierer veldig fra \u00e5r til \u00e5r, og det er derfor den sies \u00e5 inntreffe p\u00e5 fredagen f\u00f8r p\u00e5ske. I mange land feires langfredag med en symbolsk korsfestelse. I forbindelse med dette er det ogs\u00e5 en lengre periode med faste. For Sverige i det hele tatt har langfredagen v\u00e6rt en lavm\u00e6lt h\u00f8ytid som egentlig ikke feires utover kirkelige kretser. Internasjonalt har det imidlertid v\u00e6rt betydelig mer h\u00e5ndgripelig.\r\n<h2 class=\"western\">p\u00e5skemandag<\/h2>\r\nP\u00e5skedag er ogs\u00e5 en helligdag i mange land. Det feires f\u00f8rste mandag etter p\u00e5ske. I USA har p\u00e5skedagen derimot en s\u00e6rstilling da den ikke er en helligdag for hele staten. Derfor er feiringen veldig forskjellig p\u00e5 forskjellige steder. Andre p\u00e5skedag er opprinnelig en dag for \u00e5 feire Jesu oppstandelse. Derfor har markeringen en historisk forankring i gudstjenesten. Det vil nok ikke v\u00e6re for urettferdig \u00e5 si at 2. p\u00e5skedag i hovedsak legges merke til av folk som jevnlig bes\u00f8ker kirken.\t\t\t\t\t\t<\/div><!-- .entry-content -->\n\t\t\t\t\t<div class=\"wpsp-read-more\"><a title=\"Langfredag og p\u00e5skedag\" class=\"wp-show-posts-read-more\" href=\"https:\/\/xn--arbetstimmarpermnad-gxb.se\/nb\/langfredag-og-mandag-paske\/\">Les mer...<\/a><\/div><\/div><!-- wp-show-posts-inner --><div class=\"wpsp-clear\"><\/div><\/article><article class=\"wp-show-posts-single wpsp-clearfix post-152 post type-post status-publish format-standard hentry category-dagar\" itemtype=\"http:\/\/schema.org\/CreativeWork\" itemscope><div class=\"wp-show-posts-inner\" style=\"\">\t\t\t\t\t\t<header class=\"wp-show-posts-entry-header\">\n\t\t\t\t\t\t\t<h2 class=\"wp-show-posts-entry-title\" itemprop=\"headline\"><a href=\"https:\/\/xn--arbetstimmarpermnad-gxb.se\/nb\/kristi-himmelfartsdag\/\" rel=\"bookmark\">Kristi himmelfartsdag<\/a><\/h2>\t\t\t\t\t\t<\/header><!-- .entry-header -->\n\t\t\t\t\t\t\t\t\t\t\t<div class=\"wp-show-posts-entry-content\" itemprop=\"text\">\n\t\t\t\t\t\t\t<h1 class=\"western\" align=\"JUSTIFY\"><img loading=\"lazy\" decoding=\"async\" class=\"aligncenter size-full wp-image-153\" src=\"https:\/\/xn--arbetstimmarpermnad-gxb.se\/wp-content\/uploads\/2022\/04\/kristi-himmelsfardsdag.jpg\" alt=\"Kristi himmelfartsdag\" width=\"600\" height=\"450\" srcset=\"https:\/\/xn--arbetstimmarpermnad-gxb.se\/wp-content\/uploads\/2022\/04\/kristi-himmelsfardsdag.jpg 600w, https:\/\/xn--arbetstimmarpermnad-gxb.se\/wp-content\/uploads\/2022\/04\/kristi-himmelsfardsdag-300x225.jpg 300w\" sizes=\"auto, (max-width: 600px) 100vw, 600px\" \/>Kristi himmelfartsdag<\/h1>\n<p align=\"JUSTIFY\">Kristi Himmelfartsdag er en veldig viktig dag i kristendommen. Det er ogs\u00e5 en helligdag i en lang rekke land, men hvordan den faktisk feires er forskjellig p\u00e5 flere m\u00e5ter. I Sverige har den en lang historie som p\u00e5 mange m\u00e5ter ogs\u00e5 knytter seg til f\u00f8rkristen tid.<\/p>\n<p align=\"JUSTIFY\">Her er litt informasjon om Kristi himmelfartsdag og hva som kjennetegner den i v\u00e5r moderne tid.<\/p>\n<h2 class=\"western\" align=\"JUSTIFY\">Kristen og samtidig f\u00f8rkristen<\/h2>\n<p align=\"JUSTIFY\">Kristi himmelfartsdag er en kristen h\u00f8ytid som har som m\u00e5l \u00e5 markere dagen da Jesus forlot jordelivet til himmelen. Det skjer alltid den 40. dagen etter p\u00e5ske. Siden dette alltid er en torsdag, har dagen noen ganger blitt referert til som hellig torsdag.<\/p>\n<p align=\"JUSTIFY\">Hvordan det feires varierer veldig avhengig av i hvilken grad et land har blitt sekularisert. Den mer tradisjonelle feiringen av Kristi himmelfart inkluderer en gudstjeneste og et bes\u00f8k p\u00e5 kirkeg\u00e5rden der sine kj\u00e6re er.<\/p>\n<p align=\"JUSTIFY\">Det som gir den en s\u00e6rstilling i spesielt Sverige er at Kristi Himmelfartsdag ogs\u00e5 sammenfaller med dagen da b\u00f8ndene slipper kyrne p\u00e5 beite. Derfor er dagen historisk sett ogs\u00e5 kjent som dagen for beiteslipp \/ kuslipp. Det betyr at den kulturelt ogs\u00e5 har en forankring i bondesamfunnet hvis historie p\u00e5 mange m\u00e5ter er eldre enn kristendommens historie i Sverige.<\/p>\n<h2 class=\"western\" align=\"JUSTIFY\">Ferie som f\u00e5 faktisk feirer<\/h2>\n<p align=\"JUSTIFY\">I mange tilfeller faller Kristi Himmelfartsdag sammen med Sveriges nasjonaldag p\u00e5 en slik m\u00e5te at de sammen utgj\u00f8r en spesielt lang helg. Derfor blir Kristi Himmelfartsdag noen ganger en del av Sveriges lengste helgeperiode.<\/p>\n<p align=\"JUSTIFY\">Til tross for sin status som helligdag, er det relativt uvanlig i Sverige \u00e5 feire Kristi Himmelfartsdag. Det er fortsatt hovedsakelig de kristne og troende som til en viss grad tar hensyn til dagen. Men feiringen har \u00f8kt, og mange sp\u00e5r at det snart blir et st\u00f8rre fenomen enn det har v\u00e6rt f\u00f8r.<\/p>\n\t\t\t\t\t\t<\/div><!-- .entry-content -->\n\t\t\t\t\t<div class=\"wpsp-read-more\"><a title=\"Kristi himmelfartsdag\" class=\"wp-show-posts-read-more\" href=\"https:\/\/xn--arbetstimmarpermnad-gxb.se\/nb\/kristi-himmelfartsdag\/\">Les mer...<\/a><\/div><\/div><!-- wp-show-posts-inner --><div class=\"wpsp-clear\"><\/div><\/article><\/section><!-- .wp-show-posts -->","protected":false},"excerpt":{"rendered":"","protected":false},"author":1,"featured_media":0,"parent":0,"menu_order":0,"comment_status":"closed","ping_status":"closed","template":"","meta":{"site-sidebar-layout":"default","site-content-layout":"default","ast-site-content-layout":"","site-content-style":"default","site-sidebar-style":"default","ast-global-header-display":"","ast-banner-title-visibility":"","ast-main-header-display":"","ast-hfb-above-header-display":"","ast-hfb-below-header-display":"","ast-hfb-mobile-header-display":"","site-post-title":"","ast-breadcrumbs-content":"","ast-featured-img":"","footer-sml-layout":"","theme-transparent-header-meta":"default","adv-header-id-meta":"","stick-header-meta":"","header-above-stick-meta":"","header-main-stick-meta":"","header-below-stick-meta":"","astra-migrate-meta-layouts":"default","ast-page-background-enabled":"default","ast-page-background-meta":{"desktop":{"background-color":"var(--ast-global-color-4)","background-image":"","background-repeat":"repeat","background-position":"center center","background-size":"auto","background-attachment":"scroll","background-type":"","background-media":"","overlay-type":"","overlay-color":"","overlay-opacity":"","overlay-gradient":""},"tablet":{"background-color":"","background-image":"","background-repeat":"repeat","background-position":"center center","background-size":"auto","background-attachment":"scroll","background-type":"","background-media":"","overlay-type":"","overlay-color":"","overlay-opacity":"","overlay-gradient":""},"mobile":{"background-color":"","background-image":"","background-repeat":"repeat","background-position":"center center","background-size":"auto","background-attachment":"scroll","background-type":"","background-media":"","overlay-type":"","overlay-color":"","overlay-opacity":"","overlay-gradient":""}},"ast-content-background-meta":{"desktop":{"background-color":"var(--ast-global-color-5)","background-image":"","background-repeat":"repeat","background-position":"center center","background-size":"auto","background-attachment":"scroll","background-type":"","background-media":"","overlay-type":"","overlay-color":"","overlay-opacity":"","overlay-gradient":""},"tablet":{"background-color":"var(--ast-global-color-5)","background-image":"","background-repeat":"repeat","background-position":"center center","background-size":"auto","background-attachment":"scroll","background-type":"","background-media":"","overlay-type":"","overlay-color":"","overlay-opacity":"","overlay-gradient":""},"mobile":{"background-color":"var(--ast-global-color-5)","background-image":"","background-repeat":"repeat","background-position":"center center","background-size":"auto","background-attachment":"scroll","background-type":"","background-media":"","overlay-type":"","overlay-color":"","overlay-opacity":"","overlay-gradient":""}},"footnotes":""},"class_list":["post-116","page","type-page","status-publish","hentry"],"_links":{"self":[{"href":"https:\/\/xn--arbetstimmarpermnad-gxb.se\/nb\/wp-json\/wp\/v2\/pages\/116","targetHints":{"allow":["GET"]}}],"collection":[{"href":"https:\/\/xn--arbetstimmarpermnad-gxb.se\/nb\/wp-json\/wp\/v2\/pages"}],"about":[{"href":"https:\/\/xn--arbetstimmarpermnad-gxb.se\/nb\/wp-json\/wp\/v2\/types\/page"}],"author":[{"embeddable":true,"href":"https:\/\/xn--arbetstimmarpermnad-gxb.se\/nb\/wp-json\/wp\/v2\/users\/1"}],"replies":[{"embeddable":true,"href":"https:\/\/xn--arbetstimmarpermnad-gxb.se\/nb\/wp-json\/wp\/v2\/comments?post=116"}],"version-history":[{"count":2,"href":"https:\/\/xn--arbetstimmarpermnad-gxb.se\/nb\/wp-json\/wp\/v2\/pages\/116\/revisions"}],"predecessor-version":[{"id":219,"href":"https:\/\/xn--arbetstimmarpermnad-gxb.se\/nb\/wp-json\/wp\/v2\/pages\/116\/revisions\/219"}],"wp:attachment":[{"href":"https:\/\/xn--arbetstimmarpermnad-gxb.se\/nb\/wp-json\/wp\/v2\/media?parent=116"}],"curies":[{"name":"wp","href":"https:\/\/api.w.org\/{rel}","templated":true}]}}