{"id":106,"date":"2022-04-06T16:12:23","date_gmt":"2022-04-06T14:12:23","guid":{"rendered":"https:\/\/xn--arbetstimmarpermnad-gxb.se\/?page_id=106"},"modified":"2022-04-19T14:22:55","modified_gmt":"2022-04-19T12:22:55","slug":"arbetstimmar-per-manad-2022","status":"publish","type":"page","link":"https:\/\/xn--arbetstimmarpermnad-gxb.se\/nb\/arbeidstid-per-maned-2022\/","title":{"rendered":"Arbeidstid per m\u00e5ned 2022"},"content":{"rendered":"<p>N\u00e5r man snakker om antall arbeidstimer per m\u00e5ned i 2022, sier man vanligvis 160, noe som ofte ikke stemmer helt. I \u00e5r (2022) er det for eksempel mellom 152 og 184 arbeidstimer med et gjennomsnitt p\u00e5 169 timer per m\u00e5ned! Her i tabellen under kan du se n\u00f8yaktig hvor mange virkedager, arbeidstimer, antall l\u00f8rdager og s\u00f8ndager samt andre ledige dager, for eksempel r\u00f8de dager, midtsommeraften, julaften og nytt\u00e5rsaften. Ved de anledninger n\u00e5r en r\u00f8d dag faller sammen med en l\u00f8rdag eller s\u00f8ndag, er den inkludert i kolonnen l\u00f8rdag og s\u00f8ndag. Vi regner ogs\u00e5 med 8-timers arbeidsdager. Hvilke dager i Sverige som regnes som helligdager er regulert i <a href=\"https:\/\/www.riksdagen.se\/sv\/dokument-lagar\/dokument\/svensk-forfattningssamling\/lag-1989253-om-allmanna-helgdagar_sfs-1989-253\" target=\"_blank\" rel=\"nofollow noopener\" data-schema-attribute=\"\">Lag (1989: 253)<\/a> &quot;Helligdagsloven&quot;. De fleste har dermed fri p\u00e5 f\u00f8lgende helligdager, selv om de tilfeldigvis faller sammen med en vanlig hverdag:<\/p>\r\n<ul>\r\n<li><a href=\"https:\/\/xn--arbetstimmarpermnad-gxb.se\/nb\/paske-og-pinse\/\">p\u00e5skedag og pinsedag<\/a><\/li>\r\n<li><a href=\"https:\/\/xn--arbetstimmarpermnad-gxb.se\/nb\/nyttarsdag-og-trettende-dag-jul\/\">nytt\u00e5rsdag og trettende juledag<\/a><\/li>\r\n<li><a href=\"https:\/\/xn--arbetstimmarpermnad-gxb.se\/nb\/forsta-maj\/\">1. mai<\/a><\/li>\r\n<li><a href=\"https:\/\/xn--arbetstimmarpermnad-gxb.se\/nb\/jule-dag-og-andre-dag-jul\/\">juledag og julaften<\/a><\/li>\r\n<li><a href=\"https:\/\/xn--arbetstimmarpermnad-gxb.se\/nb\/langfredag-og-mandag-paske\/\">Langfredag og p\u00e5skedag<\/a><\/li>\r\n<li><a href=\"https:\/\/xn--arbetstimmarpermnad-gxb.se\/nb\/kristi-himmelfartsdag\/\">Kristi himmelfartsdag<\/a><\/li>\r\n<li><a href=\"https:\/\/xn--arbetstimmarpermnad-gxb.se\/nb\/sveriges-nasjonaldag\/\">Sveriges nasjonaldag<\/a><\/li>\r\n<li><a href=\"https:\/\/xn--arbetstimmarpermnad-gxb.se\/nb\/midtsommerdag\/\">Midtsommerdagen<\/a><\/li>\r\n<li><a href=\"https:\/\/xn--arbetstimmarpermnad-gxb.se\/nb\/allehelgensdag\/\">Allehelgensdag<\/a><\/li>\r\n<\/ul>\r\n\r\n\r\n\n<table id=\"tablepress-3\" class=\"tablepress tablepress-id-3 tablepress-responsive\">\n<thead>\n<tr class=\"row-1\">\n\t<th class=\"column-1\">M\u00e5ned<\/th><th class=\"column-2\">Arbeidsdager<\/th><th class=\"column-3\">Arbeidstid<\/th><th class=\"column-4\">L\u00f8r &amp; S\u00f8n.<\/th><th class=\"column-5\">Andre<\/th>\n<\/tr>\n<\/thead>\n<tbody class=\"row-striping row-hover\">\n<tr class=\"row-2\">\n\t<td class=\"column-1\">januar<\/td><td class=\"column-2\">20<\/td><td class=\"column-3\">160<\/td><td class=\"column-4\">10<\/td><td class=\"column-5\">1<\/td>\n<\/tr>\n<tr class=\"row-3\">\n\t<td class=\"column-1\">februar<\/td><td class=\"column-2\">20<\/td><td class=\"column-3\">160<\/td><td class=\"column-4\">8<\/td><td class=\"column-5\">0<\/td>\n<\/tr>\n<tr class=\"row-4\">\n\t<td class=\"column-1\">mars<\/td><td class=\"column-2\">23<\/td><td class=\"column-3\">184<\/td><td class=\"column-4\">8<\/td><td class=\"column-5\">0<\/td>\n<\/tr>\n<tr class=\"row-5\">\n\t<td class=\"column-1\">april<\/td><td class=\"column-2\">19<\/td><td class=\"column-3\">152<\/td><td class=\"column-4\">9<\/td><td class=\"column-5\">2<\/td>\n<\/tr>\n<tr class=\"row-6\">\n\t<td class=\"column-1\">Kan<\/td><td class=\"column-2\">21<\/td><td class=\"column-3\">168<\/td><td class=\"column-4\">9<\/td><td class=\"column-5\">1<\/td>\n<\/tr>\n<tr class=\"row-7\">\n\t<td class=\"column-1\">juni<\/td><td class=\"column-2\">20<\/td><td class=\"column-3\">160<\/td><td class=\"column-4\">8<\/td><td class=\"column-5\">2<\/td>\n<\/tr>\n<tr class=\"row-8\">\n\t<td class=\"column-1\">juli<\/td><td class=\"column-2\">21<\/td><td class=\"column-3\">168<\/td><td class=\"column-4\">10<\/td><td class=\"column-5\">0<\/td>\n<\/tr>\n<tr class=\"row-9\">\n\t<td class=\"column-1\">august<\/td><td class=\"column-2\">23<\/td><td class=\"column-3\">184<\/td><td class=\"column-4\">8<\/td><td class=\"column-5\">0<\/td>\n<\/tr>\n<tr class=\"row-10\">\n\t<td class=\"column-1\">september<\/td><td class=\"column-2\">22<\/td><td class=\"column-3\">176<\/td><td class=\"column-4\">8<\/td><td class=\"column-5\">0<\/td>\n<\/tr>\n<tr class=\"row-11\">\n\t<td class=\"column-1\">oktober<\/td><td class=\"column-2\">21<\/td><td class=\"column-3\">168<\/td><td class=\"column-4\">10<\/td><td class=\"column-5\">0<\/td>\n<\/tr>\n<tr class=\"row-12\">\n\t<td class=\"column-1\">november<\/td><td class=\"column-2\">22<\/td><td class=\"column-3\">176<\/td><td class=\"column-4\">8<\/td><td class=\"column-5\">0<\/td>\n<\/tr>\n<tr class=\"row-13\">\n\t<td class=\"column-1\">desember<\/td><td class=\"column-2\">21<\/td><td class=\"column-3\">168<\/td><td class=\"column-4\">9<\/td><td class=\"column-5\">1<\/td>\n<\/tr>\n<tr class=\"row-14\">\n\t<td class=\"column-1\"><strong>Total \u00e5rlig arbeidstid<\/strong><\/td><td class=\"column-2\"><strong>253<\/strong><\/td><td class=\"column-3\"><strong>2024<\/strong><\/td><td class=\"column-4\"><strong>105<\/strong><\/td><td class=\"column-5\"><strong>7<\/strong><\/td>\n<\/tr>\n<\/tbody>\n<tfoot>\n<tr class=\"row-15\">\n\t<th class=\"column-1\">Gjennomsnitt \/ m\u00e5ned<\/th><th class=\"column-2\">21<\/th><th class=\"column-3\">169<\/th><th class=\"column-4\">8.75<\/th><th class=\"column-5\">0.58<\/th>\n<\/tr>\n<\/tfoot>\n<\/table>\n\n<p>&nbsp;<\/p>\n\r\n\r\n\r\n<style>.wp-show-posts-columns#wpsp-113 {margin-left: -2em; }.wp-show-posts-columns#wpsp-113 .wp-show-posts-inner {margin: 0 0 2em 2em; }<\/style><section id=\"wpsp-113\" class=\"wp-show-posts\" style=\"\"><article class=\"wp-show-posts-single wpsp-clearfix post-135 post type-post status-publish format-standard hentry category-dagar\" itemtype=\"http:\/\/schema.org\/CreativeWork\" itemscope><div class=\"wp-show-posts-inner\" style=\"\">\t\t\t\t\t\t<header class=\"wp-show-posts-entry-header\">\n\t\t\t\t\t\t\t<h2 class=\"wp-show-posts-entry-title\" itemprop=\"headline\"><a href=\"https:\/\/xn--arbetstimmarpermnad-gxb.se\/nb\/forsta-maj\/\" rel=\"bookmark\">1. mai<\/a><\/h2>\t\t\t\t\t\t<\/header><!-- .entry-header -->\n\t\t\t\t\t\t\t\t\t\t\t<div class=\"wp-show-posts-entry-content\" itemprop=\"text\">\n\t\t\t\t\t\t\t<h1 class=\"western\" align=\"JUSTIFY\"><img loading=\"lazy\" decoding=\"async\" class=\"aligncenter size-full wp-image-136\" src=\"https:\/\/xn--arbetstimmarpermnad-gxb.se\/wp-content\/uploads\/2022\/04\/forsta-maj.jpg\" alt=\"F\u00f8rste mai - 1 mai\" width=\"732\" height=\"135\" srcset=\"https:\/\/xn--arbetstimmarpermnad-gxb.se\/wp-content\/uploads\/2022\/04\/forsta-maj.jpg 732w, https:\/\/xn--arbetstimmarpermnad-gxb.se\/wp-content\/uploads\/2022\/04\/forsta-maj-300x55.jpg 300w\" sizes=\"auto, (max-width: 732px) 100vw, 732px\" \/>1. mai<\/h1>\r\n<p align=\"JUSTIFY\">1. mai har siden slutten av 1800-tallet v\u00e6rt en av arbeiderbevegelsens viktigste tilbakevendende h\u00f8ytider og begivenheter. Dens historie er n\u00e6rt knyttet til sosialismens fremvekst i Europa og har hatt et meget sterkt grep, ikke minst i Sverige.<\/p>\r\n<p align=\"JUSTIFY\">Men hva handler f\u00f8rste mai egentlig om?<\/p>\r\n\r\n<h2 class=\"western\" align=\"JUSTIFY\">Arbeiderbevegelsens vekst<\/h2>\r\n<p align=\"JUSTIFY\">Til tross for at USA n\u00e5 hovedsakelig assosieres med det frie markedet, er det faktisk derfra f\u00f8rste mai stammer. Selv om ideen om \u00e5 organisere verk har en mye lengre historie, tror de fleste at modellen er en beslutning tatt i 1884 i USA. American Labour Movement Federation of Labor (AFL) besluttet \u00e5 kreve en vid begrensning av arbeidsdagen til \u00e5tte timer.<\/p>\r\nDen andre internasjonale var en organisasjon dannet i Paris for \u00e5 markere en slags symbolsk forlengelse av den franske revolusjonen, samtidig som den slo et slag for rettighetene til fremtidige arbeidere. Dannelsen deres i 1889 blir ogs\u00e5 vanligvis sett p\u00e5 som en slags begynnelse p\u00e5 den f\u00f8rste kornstillingen som en offisiell helligdag. Arbeiderbevegelsen har siden v\u00e6rt en desentralisert sosial bevegelse med fokus p\u00e5 \u00e5 forbedre arbeidernes rettigheter. Begrepet er bredt og omfatter b\u00e5de organiserte fagforeninger og enkeltmenneskers ambisjoner og uttrykk. Arbeiderbevegelsen har v\u00e6rt aktiv i mange land gjennom historien, men den har v\u00e6rt mest vellykket i vestlige industriland. Arbeiderbevegelsen er ofte forbundet med sosialistiske og kommunistiske politiske partier og organisasjoner, men den er ikke n\u00f8dvendigvis knyttet til noen spesiell ideologi.\r\n<h2 class=\"western\">F\u00f8rste maitog<\/h2>\r\nEt spesielt symbol for f\u00f8rste mai er det f\u00f8rste maitoget som g\u00e5r hvert \u00e5r i flere land. Ikke minst i Sverige har den hatt en meget sterk posisjon. Sangen Internationalen er mange steder togets mer eller mindre offisielle kjenningsmelodi. Selv om toget er vanlig, har de fortsatt en kontroversiell posisjon i mange deler av verden hvor arbeiderbevegelsen enn\u00e5 ikke er akseptert.\r\n<p align=\"JUSTIFY\"><\/p>\t\t\t\t\t\t<\/div><!-- .entry-content -->\n\t\t\t\t\t<div class=\"wpsp-read-more\"><a title=\"1. mai\" class=\"wp-show-posts-read-more\" href=\"https:\/\/xn--arbetstimmarpermnad-gxb.se\/nb\/forsta-maj\/\">Les mer...<\/a><\/div><\/div><!-- wp-show-posts-inner --><div class=\"wpsp-clear\"><\/div><\/article><article class=\"wp-show-posts-single wpsp-clearfix post-142 post type-post status-publish format-standard hentry category-dagar\" itemtype=\"http:\/\/schema.org\/CreativeWork\" itemscope><div class=\"wp-show-posts-inner\" style=\"\">\t\t\t\t\t\t<header class=\"wp-show-posts-entry-header\">\n\t\t\t\t\t\t\t<h2 class=\"wp-show-posts-entry-title\" itemprop=\"headline\"><a href=\"https:\/\/xn--arbetstimmarpermnad-gxb.se\/nb\/jule-dag-og-andre-dag-jul\/\" rel=\"bookmark\">juledag og julaften<\/a><\/h2>\t\t\t\t\t\t<\/header><!-- .entry-header -->\n\t\t\t\t\t\t\t\t\t\t\t<div class=\"wp-show-posts-entry-content\" itemprop=\"text\">\n\t\t\t\t\t\t\t<h1 class=\"western\" align=\"JUSTIFY\"><img loading=\"lazy\" decoding=\"async\" class=\"aligncenter size-full wp-image-143\" src=\"https:\/\/xn--arbetstimmarpermnad-gxb.se\/wp-content\/uploads\/2022\/04\/juldagen-och-annandag-jul.jpg\" alt=\"juledag og julaften\" width=\"1024\" height=\"576\" srcset=\"https:\/\/xn--arbetstimmarpermnad-gxb.se\/wp-content\/uploads\/2022\/04\/juldagen-och-annandag-jul.jpg 1024w, https:\/\/xn--arbetstimmarpermnad-gxb.se\/wp-content\/uploads\/2022\/04\/juldagen-och-annandag-jul-300x169.jpg 300w, https:\/\/xn--arbetstimmarpermnad-gxb.se\/wp-content\/uploads\/2022\/04\/juldagen-och-annandag-jul-768x432.jpg 768w\" sizes=\"auto, (max-width: 1024px) 100vw, 1024px\" \/>juledag og julaften<\/h1>\n<p align=\"JUSTIFY\">Mandag og juledag er to sv\u00e6rt etablerte h\u00f8ytider i den vanlige vestlige kulturen. Dens historie er n\u00e6rt knyttet til kirkens vekst, men feires av et veldig stort antall mennesker uten noen n\u00e6rmere kirkelig tilknytning. For mange i Sverige er disse dagene i hovedsak preget av en slags vindstille etter stormen, hvor man bruker tid p\u00e5 \u00e5 nyte freden etter jul og fokusere p\u00e5 n\u00e5tiden.<\/p>\n<p align=\"JUSTIFY\">Men hva handler disse dagene om? Vi har sett n\u00e6rmere p\u00e5 1. juledag og 2. juledag.<\/p>\n<h2 class=\"western\" align=\"JUSTIFY\">Juledag<\/h2>\n<p align=\"JUSTIFY\">Juledag er opprinnelig en kristen h\u00f8ytid som har til hensikt \u00e5 feire Jesu f\u00f8dsel og finner derfor sted 25. desember hvert \u00e5r. I moderne tid har imidlertid 1. juledag blitt et symbol p\u00e5 den vanlige julefeiringen som er preget av grantr\u00e6r, lys, pyntegjenstander og generelle dekorasjoner.<\/p>\n<p align=\"JUSTIFY\">Den tradisjonelle feiringen er preget av kirkemesse om kvelden som strekker seg utover midnatt og markerer overgangen til julenatt. Derfor kalles den ogs\u00e5 julenattmessen. For mange mennesker er 1. juledag i hovedsak preget av \u00e5 v\u00e6re dagen etter julaften og markerer derfor en heller treg avslutning p\u00e5 julefeiringen, snarere enn en spesielt betydningsfull h\u00f8ytid. Dette sammenfaller ogs\u00e5 med nordisk tradisjon der dagen f\u00f8r jul ble ansett som viktigst.<\/p>\n<h2 class=\"western\">Andre juledag<\/h2>\n<p>Juledag er dagen som inntreffer etter juledag. Det kalles ofte ogs\u00e5 den andre dagen. Den inntreffer dagen etter jul, og er dermed den andre dagen etter Jesu f\u00f8dsel. I mange deler av verden er det h\u00f8ytid, men hvordan den feires varierer veldig. I Sverige har det typisk betydd en ganske lavm\u00e6lt feiring som hovedsakelig handler om \u00e5 nyte freden etter en ofte hektisk jul.<\/p>\n<p>I mange land hvor det snakkes engelsk, kalles den andre dagen Boxing day. Boxing day er en offentlig fridag i blant annet Australia, Canada, Irland, New Zealand og Storbritannia. I USA er det en uoffisiell hel dag. Akkurat som med den andre dagen faller den 26. desember.<\/p>\n<p>&nbsp;<\/p>\n\t\t\t\t\t\t<\/div><!-- .entry-content -->\n\t\t\t\t\t<div class=\"wpsp-read-more\"><a title=\"juledag og julaften\" class=\"wp-show-posts-read-more\" href=\"https:\/\/xn--arbetstimmarpermnad-gxb.se\/nb\/jule-dag-og-andre-dag-jul\/\">Les mer...<\/a><\/div><\/div><!-- wp-show-posts-inner --><div class=\"wpsp-clear\"><\/div><\/article><\/section><!-- .wp-show-posts -->","protected":false},"excerpt":{"rendered":"<p>N\u00e4r man pratar om antal arbetstimmar per m\u00e5nad 2022 brukar man s\u00e4ga 160 vilket ju ofta inte riktigt st\u00e4mmer. I \u00e5r (2022) \u00e4r det ju till exempel mellan 152 och 184 arbetstimmar med ett genomsnitt p\u00e5 hela 169 timmar per m\u00e5nad! H\u00e4r i tabellen under kan du se exakt hur m\u00e5nga arbetsdagar, arbetstimmar, antal l\u00f6rdagar [&hellip;]<\/p>","protected":false},"author":1,"featured_media":0,"parent":0,"menu_order":0,"comment_status":"closed","ping_status":"closed","template":"","meta":{"site-sidebar-layout":"default","site-content-layout":"default","ast-site-content-layout":"","site-content-style":"default","site-sidebar-style":"default","ast-global-header-display":"","ast-banner-title-visibility":"","ast-main-header-display":"","ast-hfb-above-header-display":"","ast-hfb-below-header-display":"","ast-hfb-mobile-header-display":"","site-post-title":"","ast-breadcrumbs-content":"","ast-featured-img":"","footer-sml-layout":"","theme-transparent-header-meta":"default","adv-header-id-meta":"","stick-header-meta":"","header-above-stick-meta":"","header-main-stick-meta":"","header-below-stick-meta":"","astra-migrate-meta-layouts":"default","ast-page-background-enabled":"default","ast-page-background-meta":{"desktop":{"background-color":"var(--ast-global-color-4)","background-image":"","background-repeat":"repeat","background-position":"center center","background-size":"auto","background-attachment":"scroll","background-type":"","background-media":"","overlay-type":"","overlay-color":"","overlay-opacity":"","overlay-gradient":""},"tablet":{"background-color":"","background-image":"","background-repeat":"repeat","background-position":"center center","background-size":"auto","background-attachment":"scroll","background-type":"","background-media":"","overlay-type":"","overlay-color":"","overlay-opacity":"","overlay-gradient":""},"mobile":{"background-color":"","background-image":"","background-repeat":"repeat","background-position":"center center","background-size":"auto","background-attachment":"scroll","background-type":"","background-media":"","overlay-type":"","overlay-color":"","overlay-opacity":"","overlay-gradient":""}},"ast-content-background-meta":{"desktop":{"background-color":"var(--ast-global-color-5)","background-image":"","background-repeat":"repeat","background-position":"center center","background-size":"auto","background-attachment":"scroll","background-type":"","background-media":"","overlay-type":"","overlay-color":"","overlay-opacity":"","overlay-gradient":""},"tablet":{"background-color":"var(--ast-global-color-5)","background-image":"","background-repeat":"repeat","background-position":"center center","background-size":"auto","background-attachment":"scroll","background-type":"","background-media":"","overlay-type":"","overlay-color":"","overlay-opacity":"","overlay-gradient":""},"mobile":{"background-color":"var(--ast-global-color-5)","background-image":"","background-repeat":"repeat","background-position":"center center","background-size":"auto","background-attachment":"scroll","background-type":"","background-media":"","overlay-type":"","overlay-color":"","overlay-opacity":"","overlay-gradient":""}},"footnotes":""},"class_list":["post-106","page","type-page","status-publish","hentry"],"_links":{"self":[{"href":"https:\/\/xn--arbetstimmarpermnad-gxb.se\/nb\/wp-json\/wp\/v2\/pages\/106","targetHints":{"allow":["GET"]}}],"collection":[{"href":"https:\/\/xn--arbetstimmarpermnad-gxb.se\/nb\/wp-json\/wp\/v2\/pages"}],"about":[{"href":"https:\/\/xn--arbetstimmarpermnad-gxb.se\/nb\/wp-json\/wp\/v2\/types\/page"}],"author":[{"embeddable":true,"href":"https:\/\/xn--arbetstimmarpermnad-gxb.se\/nb\/wp-json\/wp\/v2\/users\/1"}],"replies":[{"embeddable":true,"href":"https:\/\/xn--arbetstimmarpermnad-gxb.se\/nb\/wp-json\/wp\/v2\/comments?post=106"}],"version-history":[{"count":14,"href":"https:\/\/xn--arbetstimmarpermnad-gxb.se\/nb\/wp-json\/wp\/v2\/pages\/106\/revisions"}],"predecessor-version":[{"id":171,"href":"https:\/\/xn--arbetstimmarpermnad-gxb.se\/nb\/wp-json\/wp\/v2\/pages\/106\/revisions\/171"}],"wp:attachment":[{"href":"https:\/\/xn--arbetstimmarpermnad-gxb.se\/nb\/wp-json\/wp\/v2\/media?parent=106"}],"curies":[{"name":"wp","href":"https:\/\/api.w.org\/{rel}","templated":true}]}}