{"id":252,"date":"2025-01-13T13:19:51","date_gmt":"2025-01-13T12:19:51","guid":{"rendered":"https:\/\/xn--arbetstimmarpermnad-gxb.se\/?page_id=252"},"modified":"2025-01-13T13:19:51","modified_gmt":"2025-01-13T12:19:51","slug":"arbetstimmar-per-manad-2027","status":"publish","type":"page","link":"https:\/\/xn--arbetstimmarpermnad-gxb.se\/is\/arbetstimmar-per-manad-2027\/","title":{"rendered":"Arbetstimmar per m\u00e5nad 2027"},"content":{"rendered":"<table id=\"tablepress-9\" class=\"tablepress tablepress-id-9 tablepress-responsive\">\n<thead>\n<tr class=\"row-1\">\n\t<th class=\"column-1\">M\u00e1nu\u00f0ur<\/th><th class=\"column-2\">Vinnudagar<\/th><th class=\"column-3\">Vinnut\u00edmi<\/th><th class=\"column-4\">Lau &amp; Sun.<\/th><th class=\"column-5\">A\u00f0rir<\/th>\n<\/tr>\n<\/thead>\n<tbody class=\"row-striping row-hover\">\n<tr class=\"row-2\">\n\t<td class=\"column-1\">jan\u00faar<\/td><td class=\"column-2\">21<\/td><td class=\"column-3\">168<\/td><td class=\"column-4\">10<\/td><td class=\"column-5\">1<\/td>\n<\/tr>\n<tr class=\"row-3\">\n\t<td class=\"column-1\">febr\u00faar<\/td><td class=\"column-2\">20<\/td><td class=\"column-3\">160<\/td><td class=\"column-4\">8<\/td><td class=\"column-5\">0<\/td>\n<\/tr>\n<tr class=\"row-4\">\n\t<td class=\"column-1\">mars<\/td><td class=\"column-2\">23<\/td><td class=\"column-3\">184<\/td><td class=\"column-4\">8<\/td><td class=\"column-5\">0<\/td>\n<\/tr>\n<tr class=\"row-5\">\n\t<td class=\"column-1\">apr\u00edl<\/td><td class=\"column-2\">20<\/td><td class=\"column-3\">160<\/td><td class=\"column-4\">10<\/td><td class=\"column-5\">2<\/td>\n<\/tr>\n<tr class=\"row-6\">\n\t<td class=\"column-1\">ma\u00ed<\/td><td class=\"column-2\">19<\/td><td class=\"column-3\">152<\/td><td class=\"column-4\">8<\/td><td class=\"column-5\">3<\/td>\n<\/tr>\n<tr class=\"row-7\">\n\t<td class=\"column-1\">j\u00fan\u00ed<\/td><td class=\"column-2\">21<\/td><td class=\"column-3\">168<\/td><td class=\"column-4\">9<\/td><td class=\"column-5\">0<\/td>\n<\/tr>\n<tr class=\"row-8\">\n\t<td class=\"column-1\">j\u00fal\u00ed<\/td><td class=\"column-2\">22<\/td><td class=\"column-3\">176<\/td><td class=\"column-4\">9<\/td><td class=\"column-5\">0<\/td>\n<\/tr>\n<tr class=\"row-9\">\n\t<td class=\"column-1\">\u00e1g\u00fast<\/td><td class=\"column-2\">22<\/td><td class=\"column-3\">176<\/td><td class=\"column-4\">9<\/td><td class=\"column-5\">0<\/td>\n<\/tr>\n<tr class=\"row-10\">\n\t<td class=\"column-1\">september<\/td><td class=\"column-2\">21<\/td><td class=\"column-3\">168<\/td><td class=\"column-4\">9<\/td><td class=\"column-5\">0<\/td>\n<\/tr>\n<tr class=\"row-11\">\n\t<td class=\"column-1\">okt\u00f3ber<\/td><td class=\"column-2\">21<\/td><td class=\"column-3\">168<\/td><td class=\"column-4\">10<\/td><td class=\"column-5\">0<\/td>\n<\/tr>\n<tr class=\"row-12\">\n\t<td class=\"column-1\">n\u00f3vember<\/td><td class=\"column-2\">21<\/td><td class=\"column-3\">168<\/td><td class=\"column-4\">9<\/td><td class=\"column-5\">1<\/td>\n<\/tr>\n<tr class=\"row-13\">\n\t<td class=\"column-1\">desember<\/td><td class=\"column-2\">20<\/td><td class=\"column-3\">160<\/td><td class=\"column-4\">10<\/td><td class=\"column-5\">3<\/td>\n<\/tr>\n<tr class=\"row-14\">\n\t<td class=\"column-1\"><strong>Heildarvinnut\u00edmi \u00e1 \u00e1ri<\/strong><\/td><td class=\"column-2\"><strong>251<\/strong><\/td><td class=\"column-3\"><strong>2008<\/strong><\/td><td class=\"column-4\"><strong>109<\/strong><\/td><td class=\"column-5\"><strong>10<\/strong><\/td>\n<\/tr>\n<\/tbody>\n<tfoot>\n<tr class=\"row-15\">\n\t<th class=\"column-1\">Me\u00f0altal \/ m\u00e1nu\u00f0ur<\/th><th class=\"column-2\">20.92<\/th><th class=\"column-3\">167.3<\/th><th class=\"column-4\">9.08<\/th><th class=\"column-5\">0.83<\/th>\n<\/tr>\n<\/tfoot>\n<\/table>","protected":false},"excerpt":{"rendered":"","protected":false},"author":1,"featured_media":0,"parent":0,"menu_order":0,"comment_status":"closed","ping_status":"closed","template":"","meta":{"site-sidebar-layout":"default","site-content-layout":"default","ast-site-content-layout":"","site-content-style":"default","site-sidebar-style":"default","ast-global-header-display":"","ast-banner-title-visibility":"","ast-main-header-display":"","ast-hfb-above-header-display":"","ast-hfb-below-header-display":"","ast-hfb-mobile-header-display":"","site-post-title":"","ast-breadcrumbs-content":"","ast-featured-img":"","footer-sml-layout":"","theme-transparent-header-meta":"default","adv-header-id-meta":"","stick-header-meta":"","header-above-stick-meta":"","header-main-stick-meta":"","header-below-stick-meta":"","astra-migrate-meta-layouts":"default","ast-page-background-enabled":"default","ast-page-background-meta":{"desktop":{"background-color":"var(--ast-global-color-4)","background-image":"","background-repeat":"repeat","background-position":"center center","background-size":"auto","background-attachment":"scroll","background-type":"","background-media":"","overlay-type":"","overlay-color":"","overlay-opacity":"","overlay-gradient":""},"tablet":{"background-color":"","background-image":"","background-repeat":"repeat","background-position":"center center","background-size":"auto","background-attachment":"scroll","background-type":"","background-media":"","overlay-type":"","overlay-color":"","overlay-opacity":"","overlay-gradient":""},"mobile":{"background-color":"","background-image":"","background-repeat":"repeat","background-position":"center center","background-size":"auto","background-attachment":"scroll","background-type":"","background-media":"","overlay-type":"","overlay-color":"","overlay-opacity":"","overlay-gradient":""}},"ast-content-background-meta":{"desktop":{"background-color":"var(--ast-global-color-5)","background-image":"","background-repeat":"repeat","background-position":"center center","background-size":"auto","background-attachment":"scroll","background-type":"","background-media":"","overlay-type":"","overlay-color":"","overlay-opacity":"","overlay-gradient":""},"tablet":{"background-color":"var(--ast-global-color-5)","background-image":"","background-repeat":"repeat","background-position":"center center","background-size":"auto","background-attachment":"scroll","background-type":"","background-media":"","overlay-type":"","overlay-color":"","overlay-opacity":"","overlay-gradient":""},"mobile":{"background-color":"var(--ast-global-color-5)","background-image":"","background-repeat":"repeat","background-position":"center center","background-size":"auto","background-attachment":"scroll","background-type":"","background-media":"","overlay-type":"","overlay-color":"","overlay-opacity":"","overlay-gradient":""}},"footnotes":""},"class_list":["post-252","page","type-page","status-publish","hentry"],"_links":{"self":[{"href":"https:\/\/xn--arbetstimmarpermnad-gxb.se\/is\/wp-json\/wp\/v2\/pages\/252","targetHints":{"allow":["GET"]}}],"collection":[{"href":"https:\/\/xn--arbetstimmarpermnad-gxb.se\/is\/wp-json\/wp\/v2\/pages"}],"about":[{"href":"https:\/\/xn--arbetstimmarpermnad-gxb.se\/is\/wp-json\/wp\/v2\/types\/page"}],"author":[{"embeddable":true,"href":"https:\/\/xn--arbetstimmarpermnad-gxb.se\/is\/wp-json\/wp\/v2\/users\/1"}],"replies":[{"embeddable":true,"href":"https:\/\/xn--arbetstimmarpermnad-gxb.se\/is\/wp-json\/wp\/v2\/comments?post=252"}],"version-history":[{"count":2,"href":"https:\/\/xn--arbetstimmarpermnad-gxb.se\/is\/wp-json\/wp\/v2\/pages\/252\/revisions"}],"predecessor-version":[{"id":255,"href":"https:\/\/xn--arbetstimmarpermnad-gxb.se\/is\/wp-json\/wp\/v2\/pages\/252\/revisions\/255"}],"wp:attachment":[{"href":"https:\/\/xn--arbetstimmarpermnad-gxb.se\/is\/wp-json\/wp\/v2\/media?parent=252"}],"curies":[{"name":"wp","href":"https:\/\/api.w.org\/{rel}","templated":true}]}}