{"id":248,"date":"2025-01-13T13:09:53","date_gmt":"2025-01-13T12:09:53","guid":{"rendered":"https:\/\/xn--arbetstimmarpermnad-gxb.se\/?page_id=248"},"modified":"2025-01-13T13:09:53","modified_gmt":"2025-01-13T12:09:53","slug":"arbetstimmar-per-manad-2026","status":"publish","type":"page","link":"https:\/\/xn--arbetstimmarpermnad-gxb.se\/is\/","title":{"rendered":"Arbetstimmar per m\u00e5nad 2026"},"content":{"rendered":"<table id=\"tablepress-8\" class=\"tablepress tablepress-id-8 tablepress-responsive\">\n<thead>\n<tr class=\"row-1\">\n\t<th class=\"column-1\">M\u00e1nu\u00f0ur<\/th><th class=\"column-2\">Vinnudagar<\/th><th class=\"column-3\">Vinnut\u00edmi<\/th><th class=\"column-4\">Lau &amp; Sun.<\/th><th class=\"column-5\">A\u00f0rir<\/th>\n<\/tr>\n<\/thead>\n<tbody class=\"row-striping row-hover\">\n<tr class=\"row-2\">\n\t<td class=\"column-1\">jan\u00faar<\/td><td class=\"column-2\">21<\/td><td class=\"column-3\">168<\/td><td class=\"column-4\">9<\/td><td class=\"column-5\">1<\/td>\n<\/tr>\n<tr class=\"row-3\">\n\t<td class=\"column-1\">febr\u00faar<\/td><td class=\"column-2\">20<\/td><td class=\"column-3\">160<\/td><td class=\"column-4\">8<\/td><td class=\"column-5\">0<\/td>\n<\/tr>\n<tr class=\"row-4\">\n\t<td class=\"column-1\">mars<\/td><td class=\"column-2\">22<\/td><td class=\"column-3\">176<\/td><td class=\"column-4\">9<\/td><td class=\"column-5\">0<\/td>\n<\/tr>\n<tr class=\"row-5\">\n\t<td class=\"column-1\">apr\u00edl<\/td><td class=\"column-2\">20<\/td><td class=\"column-3\">160<\/td><td class=\"column-4\">9<\/td><td class=\"column-5\">3<\/td>\n<\/tr>\n<tr class=\"row-6\">\n\t<td class=\"column-1\">ma\u00ed<\/td><td class=\"column-2\">21<\/td><td class=\"column-3\">168<\/td><td class=\"column-4\">10<\/td><td class=\"column-5\">2<\/td>\n<\/tr>\n<tr class=\"row-7\">\n\t<td class=\"column-1\">j\u00fan\u00ed<\/td><td class=\"column-2\">19<\/td><td class=\"column-3\">152<\/td><td class=\"column-4\">8<\/td><td class=\"column-5\">3<\/td>\n<\/tr>\n<tr class=\"row-8\">\n\t<td class=\"column-1\">j\u00fal\u00ed<\/td><td class=\"column-2\">21<\/td><td class=\"column-3\">168<\/td><td class=\"column-4\">10<\/td><td class=\"column-5\">0<\/td>\n<\/tr>\n<tr class=\"row-9\">\n\t<td class=\"column-1\">\u00e1g\u00fast<\/td><td class=\"column-2\">22<\/td><td class=\"column-3\">176<\/td><td class=\"column-4\">9<\/td><td class=\"column-5\">0<\/td>\n<\/tr>\n<tr class=\"row-10\">\n\t<td class=\"column-1\">september<\/td><td class=\"column-2\">21<\/td><td class=\"column-3\">168<\/td><td class=\"column-4\">9<\/td><td class=\"column-5\">0<\/td>\n<\/tr>\n<tr class=\"row-11\">\n\t<td class=\"column-1\">okt\u00f3ber<\/td><td class=\"column-2\">22<\/td><td class=\"column-3\">176<\/td><td class=\"column-4\">9<\/td><td class=\"column-5\">0<\/td>\n<\/tr>\n<tr class=\"row-12\">\n\t<td class=\"column-1\">n\u00f3vember<\/td><td class=\"column-2\">20<\/td><td class=\"column-3\">160<\/td><td class=\"column-4\">10<\/td><td class=\"column-5\">0<\/td>\n<\/tr>\n<tr class=\"row-13\">\n\t<td class=\"column-1\">desember<\/td><td class=\"column-2\">20<\/td><td class=\"column-3\">160<\/td><td class=\"column-4\">11<\/td><td class=\"column-5\">3<\/td>\n<\/tr>\n<tr class=\"row-14\">\n\t<td class=\"column-1\"><strong>Heildarvinnut\u00edmi \u00e1 \u00e1ri<\/strong><\/td><td class=\"column-2\"><strong>249<\/strong><\/td><td class=\"column-3\"><strong>1992<\/strong><\/td><td class=\"column-4\"><strong>111<\/strong><\/td><td class=\"column-5\"><strong>12<\/strong><\/td>\n<\/tr>\n<\/tbody>\n<tfoot>\n<tr class=\"row-15\">\n\t<th class=\"column-1\">Me\u00f0altal \/ m\u00e1nu\u00f0ur<\/th><th class=\"column-2\">20.75<\/th><th class=\"column-3\">166<\/th><th class=\"column-4\">9.25<\/th><th class=\"column-5\">1<\/th>\n<\/tr>\n<\/tfoot>\n<\/table>\n\n<style>.wp-show-posts-columns#wpsp-113 {margin-left: -2em; }.wp-show-posts-columns#wpsp-113 .wp-show-posts-inner {margin: 0 0 2em 2em; }<\/style><section id=\"wpsp-113\" class=\"wp-show-posts\" style=\"\"><article class=\"wp-show-posts-single wpsp-clearfix post-122 post type-post status-publish format-standard hentry category-dagar\" itemtype=\"http:\/\/schema.org\/CreativeWork\" itemscope><div class=\"wp-show-posts-inner\" style=\"\">\t\t\t\t\t\t<header class=\"wp-show-posts-entry-header\">\n\t\t\t\t\t\t\t<h2 class=\"wp-show-posts-entry-title\" itemprop=\"headline\"><a href=\"https:\/\/xn--arbetstimmarpermnad-gxb.se\/is\/paska-og-hvitasunnudag\/\" rel=\"bookmark\">P\u00e1skadagur og hv\u00edtasunnudagur<\/a><\/h2>\t\t\t\t\t\t<\/header><!-- .entry-header -->\n\t\t\t\t\t\t\t\t\t\t\t<div class=\"wp-show-posts-entry-content\" itemprop=\"text\">\n\t\t\t\t\t\t\t<h1><img loading=\"lazy\" decoding=\"async\" class=\"aligncenter size-large wp-image-124\" src=\"https:\/\/xn--arbetstimmarpermnad-gxb.se\/wp-content\/uploads\/2021\/03\/paskdagen-och-pingstdagen-1024x684.webp\" alt=\"P\u00e1skadagur og hv\u00edtasunnudagur\" width=\"1024\" height=\"684\" srcset=\"https:\/\/xn--arbetstimmarpermnad-gxb.se\/wp-content\/uploads\/2021\/03\/paskdagen-och-pingstdagen-1024x684.webp 1024w, https:\/\/xn--arbetstimmarpermnad-gxb.se\/wp-content\/uploads\/2021\/03\/paskdagen-och-pingstdagen-300x200.webp 300w, https:\/\/xn--arbetstimmarpermnad-gxb.se\/wp-content\/uploads\/2021\/03\/paskdagen-och-pingstdagen-768x513.webp 768w, https:\/\/xn--arbetstimmarpermnad-gxb.se\/wp-content\/uploads\/2021\/03\/paskdagen-och-pingstdagen.webp 1200w\" sizes=\"auto, (max-width: 1024px) 100vw, 1024px\" \/>P\u00e1skadagur og hv\u00edtasunnudagur<\/h1>\n<p>P\u00e1skar og hv\u00edtasunnudagur eiga s\u00e9r n\u00e1nast \u00e6vaforna uppruna og eru s\u00edfellt a\u00f0 endurtaka sig \u00e1 mj\u00f6g m\u00f6rgum s\u00e6nskum heimilum. \u00dea\u00f0 sem er hins vegar einstakt vi\u00f0 s\u00e6nska h\u00e1t\u00ed\u00f0arh\u00f6ldin er a\u00f0 h\u00fan sameinar kristnar hef\u00f0ir og frumbyggja \u00fe\u00e6tti sem teygja sig aftur til fornnorr\u00e6nnar menningar. \u00deess vegna eiga h\u00e1t\u00ed\u00f0irnar \u00ed s\u00e6nskum \u00e1rg\u00f6ngum s\u00ednum \u00fdmislegt sem \u00e1 s\u00e9r enga hli\u00f0st\u00e6\u00f0u annars sta\u00f0ar \u00ed heiminum.<\/p>\n<p>En um hva\u00f0 sn\u00faast \u00feeir eiginlega? Og hvernig stendur \u00e1 \u00fev\u00ed a\u00f0 vi\u00f0 f\u00f6gnum \u00feeim?<\/p>\n<h2>P\u00e1skadagur<\/h2>\n<p>P\u00e1skarnir eru \u00e1rleg h\u00e1t\u00ed\u00f0 kristinna manna til a\u00f0 fagna upprisu Jes\u00fa. \u00deess vegna er hann einnig kalla\u00f0ur upprisudagur. \u00dea\u00f0 gerist alltaf fyrsta sunnudag eftir fyrsta svokalla\u00f0a kirkjulega fullt tungl eftir vorjafnd\u00e6gur. \u00deess vegna fer \u00fea\u00f0 fram \u00e1 mismunandi d\u00f6gum \u00e1 hverju \u00e1ri.<\/p>\n<p>Hvernig er \u00fe\u00e1 haldi\u00f0 upp \u00e1 p\u00e1skana?<\/p>\n<ul>\n<li>Bor\u00f0a\u00f0u s\u00e9rstakan mat eins og lambakj\u00f6t, sem stafar b\u00e6\u00f0i af hugmyndinni um f\u00f3rnarlamb og forkristni. \u00c6ttingjum og vinum er oft bo\u00f0i\u00f0.<\/li>\n<li>S\u00e9rstakar skreytingar og s\u00e6lg\u00e6ti me\u00f0 s\u00e9rstakri \u00e1herslu \u00e1 egg, sem a\u00f0 s\u00f6gn sumra \u00e1 r\u00e6tur \u00ed hugmyndinni um endurf\u00e6\u00f0ingu. Margir kj\u00f3sa a\u00f0 einbeita s\u00e9r a\u00f0 eggjaleit og koma \u00e1 \u00f3vart<\/li>\n<\/ul>\n<p>\u00cd s\u00e6nskri og n\u00fat\u00edmalegri t\u00edsku er h\u00e1t\u00ed\u00f0in a\u00f0 m\u00f6rgu leyti veraldleg. \u00dev\u00ed er h\u00e1t\u00ed\u00f0in mj\u00f6g mismunandi.<\/p>\n<h2>Hv\u00edtasunnudagur<\/h2>\n<p>Hv\u00edtasunnan er kristin h\u00e1t\u00ed\u00f0 \u00feegar \u00fev\u00ed er haldi\u00f0 upp \u00e1 a\u00f0 heilagur andi birtist fyrir \u00fea\u00f0 sem var\u00f0 postular Jes\u00fa. \u00deess vegna er dagurinn stundum kalla\u00f0ur f\u00e6\u00f0ingardagur n\u00fat\u00edmakirkjunnar. Misjafnt er hven\u00e6r dagurinn fer fram \u00e1 milli 10. ma\u00ed og 26. j\u00fan\u00ed, allt eftir \u00e1rtali og kirkjus\u00f3kn.<\/p>\n<p>\u00d3l\u00edkt p\u00e1skah\u00e1t\u00ed\u00f0inni hefur hv\u00edtasunnuh\u00e1t\u00ed\u00f0 ekki n\u00e1\u00f0 miklum vins\u00e6ldum me\u00f0al \u00feeirra sem ekki taka \u00fe\u00e1tt \u00ed starfsemi kirkjunnar. Hv\u00edtasunnuh\u00e1t\u00ed\u00f0 er \u00fev\u00ed enn n\u00e1tengd hv\u00edtasunnu og kirkjustarfi. \u00d3l\u00edkt p\u00e1skadegi telja margir a\u00f0 hv\u00edtasunnan eigi a\u00f0 vera spart\u00f6nskari \u00ed framkv\u00e6md sinni me\u00f0 \u00e1herslu \u00e1 a\u00f0 veita athygli og n\u00fdta \u00fea\u00f0 sem vi\u00f0 h\u00f6fum \u00ed kringum okkur.<\/p>\n\t\t\t\t\t\t<\/div><!-- .entry-content -->\n\t\t\t\t\t<div class=\"wpsp-read-more\"><a title=\"P\u00e1skadagur og hv\u00edtasunnudagur\" class=\"wp-show-posts-read-more\" href=\"https:\/\/xn--arbetstimmarpermnad-gxb.se\/is\/paska-og-hvitasunnudag\/\">Lestu meira...<\/a><\/div><\/div><!-- wp-show-posts-inner --><div class=\"wpsp-clear\"><\/div><\/article><article class=\"wp-show-posts-single wpsp-clearfix post-135 post type-post status-publish format-standard hentry category-dagar\" itemtype=\"http:\/\/schema.org\/CreativeWork\" itemscope><div class=\"wp-show-posts-inner\" style=\"\">\t\t\t\t\t\t<header class=\"wp-show-posts-entry-header\">\n\t\t\t\t\t\t\t<h2 class=\"wp-show-posts-entry-title\" itemprop=\"headline\"><a href=\"https:\/\/xn--arbetstimmarpermnad-gxb.se\/is\/forsta-maj\/\" rel=\"bookmark\">1. ma\u00ed<\/a><\/h2>\t\t\t\t\t\t<\/header><!-- .entry-header -->\n\t\t\t\t\t\t\t\t\t\t\t<div class=\"wp-show-posts-entry-content\" itemprop=\"text\">\n\t\t\t\t\t\t\t<h1 class=\"western\" align=\"JUSTIFY\"><img loading=\"lazy\" decoding=\"async\" class=\"aligncenter size-full wp-image-136\" src=\"https:\/\/xn--arbetstimmarpermnad-gxb.se\/wp-content\/uploads\/2022\/04\/forsta-maj.jpg\" alt=\"Fyrsti ma\u00ed - 1. ma\u00ed\" width=\"732\" height=\"135\" srcset=\"https:\/\/xn--arbetstimmarpermnad-gxb.se\/wp-content\/uploads\/2022\/04\/forsta-maj.jpg 732w, https:\/\/xn--arbetstimmarpermnad-gxb.se\/wp-content\/uploads\/2022\/04\/forsta-maj-300x55.jpg 300w\" sizes=\"auto, (max-width: 732px) 100vw, 732px\" \/>1. ma\u00ed<\/h1>\n<p align=\"JUSTIFY\">Fr\u00e1 lokum 19. aldar hefur ma\u00ed veri\u00f0 ein mikilv\u00e6gasta endurtekna h\u00e1t\u00ed\u00f0 og vi\u00f0bur\u00f0ur verkal\u00fd\u00f0shreyfingarinnar. Saga \u00feess er n\u00e1tengd uppgangi s\u00f3s\u00edalismans \u00ed Evr\u00f3pu og hefur haft mj\u00f6g sterkan sess, ekki s\u00edst \u00ed Sv\u00ed\u00fej\u00f3\u00f0.<\/p>\n<p align=\"JUSTIFY\">En um hva\u00f0 sn\u00fdst fyrsti ma\u00ed eiginlega?<\/p>\n<h2 class=\"western\" align=\"JUSTIFY\">V\u00f6xtur verkal\u00fd\u00f0shreyfingarinnar<\/h2>\n<p align=\"JUSTIFY\">\u00der\u00e1tt fyrir a\u00f0 Bandar\u00edkin s\u00e9u n\u00fa a\u00f0allega tengd hinum frj\u00e1lsa marka\u00f0i, \u00fe\u00e1 er \u00fea\u00f0 \u00ed rauninni \u00fea\u00f0an sem fyrsti ma\u00ed er upprunninn. \u00der\u00e1tt fyrir a\u00f0 hugmyndin um a\u00f0 skipuleggja verk eigi s\u00e9r mun lengri s\u00f6gu, telja flestir a\u00f0 fyrirmynd hennar s\u00e9 \u00e1kv\u00f6r\u00f0un sem tekin var \u00e1ri\u00f0 1884 \u00ed Bandar\u00edkjunum. Bandar\u00edska verkal\u00fd\u00f0shreyfingin (AFL) \u00e1kva\u00f0 a\u00f0 krefjast v\u00ed\u00f0t\u00e6krar takm\u00f6rkunar \u00e1 vinnudegi vi\u00f0 \u00e1tta klukkustundir.<\/p>\n<p>The Second International var stofnun sem stofnu\u00f0 var \u00ed Par\u00eds til a\u00f0 marka eins konar t\u00e1knr\u00e6na framlengingu fr\u00f6nsku byltingarinnar, \u00e1 sama t\u00edma og h\u00fan bar\u00f0i h\u00f6gg fyrir r\u00e9ttindi framt\u00ed\u00f0arverkamanna. Myndun \u00feeirra \u00e1ri\u00f0 1889 er einnig venjulega liti\u00f0 \u00e1 sem eins konar upphaf fyrstu kornst\u00f6\u00f0u sem opinberan fr\u00eddag.<\/p>\n<p>Verkal\u00fd\u00f0shreyfingin hefur s\u00ed\u00f0an veri\u00f0 dreif\u00f0 f\u00e9lagshreyfing me\u00f0 \u00e1herslu \u00e1 a\u00f0 b\u00e6ta r\u00e9ttindi launaf\u00f3lks. Hugtaki\u00f0 er v\u00edtt og tekur b\u00e6\u00f0i til skipul\u00f6g\u00f0ra verkal\u00fd\u00f0sf\u00e9laga og metna\u00f0ar og tj\u00e1ningar einstaklinga. Verkal\u00fd\u00f0shreyfingin hefur starfa\u00f0 \u00ed m\u00f6rgum l\u00f6ndum \u00ed gegnum t\u00ed\u00f0ina, en h\u00fan hefur n\u00e1\u00f0 bestum \u00e1rangri \u00ed vestr\u00e6num i\u00f0nr\u00edkjum. Verkal\u00fd\u00f0shreyfingin tengist oft s\u00f3s\u00edal\u00edskum og komm\u00fan\u00edskum stj\u00f3rnm\u00e1laflokkum og samt\u00f6kum, en h\u00fan er ekki endilega bundin vi\u00f0 einhverja s\u00e9rstaka hugmyndafr\u00e6\u00f0i.<\/p>\n<h2 class=\"western\">Fyrsta ma\u00ed lestin<\/h2>\n<p>S\u00e9rstakt t\u00e1kn fyrir fyrsta ma\u00ed er fyrsta ma\u00ed lestin sem fer \u00e1rlega \u00ed nokkrum l\u00f6ndum. Ekki s\u00edst \u00ed Sv\u00ed\u00fej\u00f3\u00f0 hefur \u00fea\u00f0 haft mj\u00f6g sterka st\u00f6\u00f0u. Lagi\u00f0 Internationalen er v\u00ed\u00f0a meira og minna opinbert \u00feemalag lestarinnar. \u00der\u00e1tt fyrir a\u00f0 lestin s\u00e9 algeng hafa \u00feeir \u00e1fram umdeilda st\u00f6\u00f0u v\u00ed\u00f0a um heim \u00fear sem verkal\u00fd\u00f0shreyfingin er ekki enn sam\u00feykkt.<\/p>\n<p align=\"JUSTIFY\">\n\t\t\t\t\t\t<\/div><!-- .entry-content -->\n\t\t\t\t\t<div class=\"wpsp-read-more\"><a title=\"1. ma\u00ed\" class=\"wp-show-posts-read-more\" href=\"https:\/\/xn--arbetstimmarpermnad-gxb.se\/is\/forsta-maj\/\">Lestu meira...<\/a><\/div><\/div><!-- wp-show-posts-inner --><div class=\"wpsp-clear\"><\/div><\/article><\/section><!-- .wp-show-posts -->","protected":false},"excerpt":{"rendered":"","protected":false},"author":1,"featured_media":0,"parent":0,"menu_order":0,"comment_status":"closed","ping_status":"closed","template":"","meta":{"site-sidebar-layout":"default","site-content-layout":"default","ast-site-content-layout":"","site-content-style":"default","site-sidebar-style":"default","ast-global-header-display":"","ast-banner-title-visibility":"","ast-main-header-display":"","ast-hfb-above-header-display":"","ast-hfb-below-header-display":"","ast-hfb-mobile-header-display":"","site-post-title":"","ast-breadcrumbs-content":"","ast-featured-img":"","footer-sml-layout":"","theme-transparent-header-meta":"default","adv-header-id-meta":"","stick-header-meta":"","header-above-stick-meta":"","header-main-stick-meta":"","header-below-stick-meta":"","astra-migrate-meta-layouts":"default","ast-page-background-enabled":"default","ast-page-background-meta":{"desktop":{"background-color":"var(--ast-global-color-4)","background-image":"","background-repeat":"repeat","background-position":"center center","background-size":"auto","background-attachment":"scroll","background-type":"","background-media":"","overlay-type":"","overlay-color":"","overlay-opacity":"","overlay-gradient":""},"tablet":{"background-color":"","background-image":"","background-repeat":"repeat","background-position":"center center","background-size":"auto","background-attachment":"scroll","background-type":"","background-media":"","overlay-type":"","overlay-color":"","overlay-opacity":"","overlay-gradient":""},"mobile":{"background-color":"","background-image":"","background-repeat":"repeat","background-position":"center center","background-size":"auto","background-attachment":"scroll","background-type":"","background-media":"","overlay-type":"","overlay-color":"","overlay-opacity":"","overlay-gradient":""}},"ast-content-background-meta":{"desktop":{"background-color":"var(--ast-global-color-5)","background-image":"","background-repeat":"repeat","background-position":"center center","background-size":"auto","background-attachment":"scroll","background-type":"","background-media":"","overlay-type":"","overlay-color":"","overlay-opacity":"","overlay-gradient":""},"tablet":{"background-color":"var(--ast-global-color-5)","background-image":"","background-repeat":"repeat","background-position":"center center","background-size":"auto","background-attachment":"scroll","background-type":"","background-media":"","overlay-type":"","overlay-color":"","overlay-opacity":"","overlay-gradient":""},"mobile":{"background-color":"var(--ast-global-color-5)","background-image":"","background-repeat":"repeat","background-position":"center center","background-size":"auto","background-attachment":"scroll","background-type":"","background-media":"","overlay-type":"","overlay-color":"","overlay-opacity":"","overlay-gradient":""}},"footnotes":""},"class_list":["post-248","page","type-page","status-publish","hentry"],"_links":{"self":[{"href":"https:\/\/xn--arbetstimmarpermnad-gxb.se\/is\/wp-json\/wp\/v2\/pages\/248","targetHints":{"allow":["GET"]}}],"collection":[{"href":"https:\/\/xn--arbetstimmarpermnad-gxb.se\/is\/wp-json\/wp\/v2\/pages"}],"about":[{"href":"https:\/\/xn--arbetstimmarpermnad-gxb.se\/is\/wp-json\/wp\/v2\/types\/page"}],"author":[{"embeddable":true,"href":"https:\/\/xn--arbetstimmarpermnad-gxb.se\/is\/wp-json\/wp\/v2\/users\/1"}],"replies":[{"embeddable":true,"href":"https:\/\/xn--arbetstimmarpermnad-gxb.se\/is\/wp-json\/wp\/v2\/comments?post=248"}],"version-history":[{"count":1,"href":"https:\/\/xn--arbetstimmarpermnad-gxb.se\/is\/wp-json\/wp\/v2\/pages\/248\/revisions"}],"predecessor-version":[{"id":250,"href":"https:\/\/xn--arbetstimmarpermnad-gxb.se\/is\/wp-json\/wp\/v2\/pages\/248\/revisions\/250"}],"wp:attachment":[{"href":"https:\/\/xn--arbetstimmarpermnad-gxb.se\/is\/wp-json\/wp\/v2\/media?parent=248"}],"curies":[{"name":"wp","href":"https:\/\/api.w.org\/{rel}","templated":true}]}}