{"id":226,"date":"2024-02-28T20:46:18","date_gmt":"2024-02-28T19:46:18","guid":{"rendered":"https:\/\/xn--arbetstimmarpermnad-gxb.se\/?page_id=226"},"modified":"2025-02-07T12:21:11","modified_gmt":"2025-02-07T11:21:11","slug":"arbetstimmar-per-manad-2025","status":"publish","type":"page","link":"https:\/\/xn--arbetstimmarpermnad-gxb.se\/is\/arbetstimmar-per-manad-2025\/","title":{"rendered":"Arbetstimmar per m\u00e5nad 2025"},"content":{"rendered":"<p><a style=\"font-size: 18px; font-weight: bold; color: red;\" href=\"https:\/\/xn--arbetstimmarpermnad-gxb.se\/is\/roda-dagar-2025\/\"><br \/>\nGUIDE: Planera och maximera din semester med hj\u00e4lp av r\u00f6da dagar 2025<br \/>\n<\/a><\/p>\n\n<table id=\"tablepress-7\" class=\"tablepress tablepress-id-7 tablepress-responsive\">\n<thead>\n<tr class=\"row-1\">\n\t<th class=\"column-1\">M\u00e1nu\u00f0ur<\/th><th class=\"column-2\">Vinnudagar<\/th><th class=\"column-3\">Vinnut\u00edmi<\/th><th class=\"column-4\">Lau &amp; Sun.<\/th><th class=\"column-5\">A\u00f0rir<\/th>\n<\/tr>\n<\/thead>\n<tbody class=\"row-striping row-hover\">\n<tr class=\"row-2\">\n\t<td class=\"column-1\"><a href=\"https:\/\/xn--arbetstimmarpermnad-gxb.se\/is\/januari-2025\/\">jan\u00faar<\/a><\/td><td class=\"column-2\">22<\/td><td class=\"column-3\">176<\/td><td class=\"column-4\">8<\/td><td class=\"column-5\">1<\/td>\n<\/tr>\n<tr class=\"row-3\">\n\t<td class=\"column-1\"><a href=\"https:\/\/xn--arbetstimmarpermnad-gxb.se\/is\/februari-2025\/\">febr\u00faar<\/a><\/td><td class=\"column-2\">20<\/td><td class=\"column-3\">160<\/td><td class=\"column-4\">8<\/td><td class=\"column-5\">0<\/td>\n<\/tr>\n<tr class=\"row-4\">\n\t<td class=\"column-1\"><a href=\"https:\/\/xn--arbetstimmarpermnad-gxb.se\/is\/mars-2025\/\">mars<\/a><\/td><td class=\"column-2\">21<\/td><td class=\"column-3\">168<\/td><td class=\"column-4\">10<\/td><td class=\"column-5\">0<\/td>\n<\/tr>\n<tr class=\"row-5\">\n\t<td class=\"column-1\"><a href=\"https:\/\/xn--arbetstimmarpermnad-gxb.se\/is\/april-2025\/\">apr\u00edl<\/a><\/td><td class=\"column-2\">20<\/td><td class=\"column-3\">160<\/td><td class=\"column-4\">8<\/td><td class=\"column-5\">2<\/td>\n<\/tr>\n<tr class=\"row-6\">\n\t<td class=\"column-1\"><a href=\"https:\/\/xn--arbetstimmarpermnad-gxb.se\/is\/maj-2025\/\">ma\u00ed<\/a><\/td><td class=\"column-2\">20<\/td><td class=\"column-3\">160<\/td><td class=\"column-4\">9<\/td><td class=\"column-5\">2<\/td>\n<\/tr>\n<tr class=\"row-7\">\n\t<td class=\"column-1\"><a href=\"https:\/\/xn--arbetstimmarpermnad-gxb.se\/is\/juni-2025\/\">j\u00fan\u00ed<\/a><\/td><td class=\"column-2\">18<\/td><td class=\"column-3\">144<\/td><td class=\"column-4\">9<\/td><td class=\"column-5\">3<\/td>\n<\/tr>\n<tr class=\"row-8\">\n\t<td class=\"column-1\"><a href=\"https:\/\/xn--arbetstimmarpermnad-gxb.se\/is\/juli-2025\/\">j\u00fal\u00ed<\/a><\/td><td class=\"column-2\">23<\/td><td class=\"column-3\">184<\/td><td class=\"column-4\">8<\/td><td class=\"column-5\">0<\/td>\n<\/tr>\n<tr class=\"row-9\">\n\t<td class=\"column-1\"><a href=\"https:\/\/xn--arbetstimmarpermnad-gxb.se\/is\/augusti-2025\/\">\u00e1g\u00fast<\/a><\/td><td class=\"column-2\">21<\/td><td class=\"column-3\">168<\/td><td class=\"column-4\">10<\/td><td class=\"column-5\">0<\/td>\n<\/tr>\n<tr class=\"row-10\">\n\t<td class=\"column-1\"><a href=\"https:\/\/xn--arbetstimmarpermnad-gxb.se\/is\/september-2025\/\">september<\/a><\/td><td class=\"column-2\">22<\/td><td class=\"column-3\">176<\/td><td class=\"column-4\">8<\/td><td class=\"column-5\">0<\/td>\n<\/tr>\n<tr class=\"row-11\">\n\t<td class=\"column-1\"><a href=\"https:\/\/xn--arbetstimmarpermnad-gxb.se\/is\/oktober-2025\/\">okt\u00f3ber<\/a><\/td><td class=\"column-2\">23<\/td><td class=\"column-3\">184<\/td><td class=\"column-4\">8<\/td><td class=\"column-5\">0<\/td>\n<\/tr>\n<tr class=\"row-12\">\n\t<td class=\"column-1\"><a href=\"https:\/\/xn--arbetstimmarpermnad-gxb.se\/is\/november-2025\/\">n\u00f3vember<\/a><\/td><td class=\"column-2\">20<\/td><td class=\"column-3\">160<\/td><td class=\"column-4\">10<\/td><td class=\"column-5\">0<\/td>\n<\/tr>\n<tr class=\"row-13\">\n\t<td class=\"column-1\"><a href=\"https:\/\/xn--arbetstimmarpermnad-gxb.se\/is\/december-2025\/\">desember<\/a><\/td><td class=\"column-2\">21<\/td><td class=\"column-3\">168<\/td><td class=\"column-4\">8<\/td><td class=\"column-5\">2<\/td>\n<\/tr>\n<tr class=\"row-14\">\n\t<td class=\"column-1\"><strong>Heildarvinnut\u00edmi \u00e1 \u00e1ri<\/strong><\/td><td class=\"column-2\"><strong>251<\/strong><\/td><td class=\"column-3\"><strong>2008<\/strong><\/td><td class=\"column-4\"><strong>104<\/strong><\/td><td class=\"column-5\"><strong>12<\/strong><\/td>\n<\/tr>\n<\/tbody>\n<tfoot>\n<tr class=\"row-15\">\n\t<th class=\"column-1\">Me\u00f0altal \/ m\u00e1nu\u00f0ur<\/th><th class=\"column-2\">21<\/th><th class=\"column-3\">167<\/th><th class=\"column-4\">8.67<\/th><th class=\"column-5\">0.83<\/th>\n<\/tr>\n<\/tfoot>\n<\/table>\n\n<style>.wp-show-posts-columns#wpsp-113 {margin-left: -2em; }.wp-show-posts-columns#wpsp-113 .wp-show-posts-inner {margin: 0 0 2em 2em; }<\/style><section id=\"wpsp-113\" class=\"wp-show-posts\" style=\"\"><article class=\"wp-show-posts-single wpsp-clearfix post-167 post type-post status-publish format-standard hentry category-dagar\" itemtype=\"http:\/\/schema.org\/CreativeWork\" itemscope><div class=\"wp-show-posts-inner\" style=\"\">\t\t\t\t\t\t<header class=\"wp-show-posts-entry-header\">\n\t\t\t\t\t\t\t<h2 class=\"wp-show-posts-entry-title\" itemprop=\"headline\"><a href=\"https:\/\/xn--arbetstimmarpermnad-gxb.se\/is\/dagur-allra-heilagra\/\" rel=\"bookmark\">Dagur allra heilagra<\/a><\/h2>\t\t\t\t\t\t<\/header><!-- .entry-header -->\n\t\t\t\t\t\t\t\t\t\t\t<div class=\"wp-show-posts-entry-content\" itemprop=\"text\">\n\t\t\t\t\t\t\t<p><img loading=\"lazy\" decoding=\"async\" class=\"aligncenter size-large wp-image-168\" src=\"https:\/\/xn--arbetstimmarpermnad-gxb.se\/wp-content\/uploads\/2022\/04\/alla-helgons-dag-1024x577.webp\" alt=\"Dagur allra heilagra\" width=\"1024\" height=\"577\" srcset=\"https:\/\/xn--arbetstimmarpermnad-gxb.se\/wp-content\/uploads\/2022\/04\/alla-helgons-dag-1024x577.webp 1024w, https:\/\/xn--arbetstimmarpermnad-gxb.se\/wp-content\/uploads\/2022\/04\/alla-helgons-dag-300x169.webp 300w, https:\/\/xn--arbetstimmarpermnad-gxb.se\/wp-content\/uploads\/2022\/04\/alla-helgons-dag-768x432.webp 768w, https:\/\/xn--arbetstimmarpermnad-gxb.se\/wp-content\/uploads\/2022\/04\/alla-helgons-dag-1536x865.webp 1536w, https:\/\/xn--arbetstimmarpermnad-gxb.se\/wp-content\/uploads\/2022\/04\/alla-helgons-dag-2048x1153.webp 2048w\" sizes=\"auto, (max-width: 1024px) 100vw, 1024px\" \/><\/p>\n<h1 class=\"western\" align=\"JUSTIFY\">Dagur allra heilagra<\/h1>\n<p align=\"JUSTIFY\">Allra heilagrasdagurinn er mj\u00f6g marg\u00fe\u00e6tt h\u00e1t\u00ed\u00f0 \u00fear sem saga hennar er \u00e1 vissan h\u00e1tt falin \u00ed myrkri. En sem kristin hef\u00f0 hefur h\u00fan reynst \u00f3venju fj\u00f6l\u00fe\u00e6tt og lifandi. \u00deetta hefur gert \u00fea\u00f0 fagna\u00f0 \u00e1 marga mismunandi vegu eftir \u00fev\u00ed hvar \u00fe\u00fa ert \u00ed heiminum.<\/p>\n<p align=\"JUSTIFY\">Vi\u00f0 h\u00f6fum sko\u00f0a\u00f0 allra heilagra daga og s\u00e9\u00f0 hva\u00f0 \u00fea\u00f0 er sem einkennir hann.<\/p>\n<h2 class=\"western\" align=\"JUSTIFY\">Algengur en misskilinn dagur<\/h2>\n<p align=\"JUSTIFY\">Uppruni allra heilagra manna er venjulega talinn vera kirkjulegur metna\u00f0ur til a\u00f0 vekja athygli d\u00fdrlinga og p\u00edslarvotta \u00e1 f\u00f3rnir \u00feeirra. Dagur allra heilagra er kristinn h\u00e1t\u00ed\u00f0 sem fagnar l\u00edfi allra d\u00fdrlinga. N\u00e1kv\u00e6mlega hven\u00e6r \u00fev\u00ed er fagna\u00f0 er mismunandi \u00e1 mismunandi st\u00f6\u00f0um \u00ed heiminum, en \u00fea\u00f0 fer venjulega fram 1. n\u00f3vember e\u00f0a einhvern t\u00edma \u00e1 milli 31. okt\u00f3ber og 6. n\u00f3vember.<\/p>\n<p align=\"JUSTIFY\">En hva\u00f0 er eiginlega d\u00fdrlingur? D\u00fdrlingur er manneskja sem hefur veri\u00f0 vi\u00f0urkennd af kirkjunni fyrir a\u00f0 hafa n\u00e1\u00f0 mj\u00f6g h\u00e1u stigi heilagleika og dygg\u00f0ar.<\/p>\n<p align=\"JUSTIFY\">Me\u00f0 t\u00edmanum hefur \u00fe\u00f3 allraheilagramessudagur or\u00f0i\u00f0 almennari athygli f\u00f3lks sem hefur yfirgefi\u00f0 jar\u00f0l\u00edfi\u00f0. Hvort sem \u00fea\u00f0 er um d\u00fdrlinga e\u00f0a okkar eigin \u00e1stvini. \u00deess vegna er h\u00e1t\u00ed\u00f0 allra heilagra manna \u00ed samt\u00edmanum mj\u00f6g n\u00e1tengd kirkjugar\u00f0sheims\u00f3knum. \u00dea\u00f0 er t\u00f6luvert algengara a\u00f0 kveikja \u00e1 kertum og heims\u00e6kja grafir en a\u00f0 ey\u00f0a t\u00edma \u00ed kirkju.<\/p>\n<p align=\"JUSTIFY\">V\u00ed\u00f0a er dagurinn sennilega frekar tengdur hrekkjav\u00f6ku, \u00fe\u00f3 svo a\u00f0 \u00fe\u00e6r s\u00e9u \u00ed raun ekki tengdar \u00f6\u00f0ru v\u00edsi en a\u00f0 \u00fe\u00e6r koma hva\u00f0 eftir anna\u00f0. \u00deetta er venjulega tali\u00f0 vera aflei\u00f0ing af m\u00e1lfr\u00e6\u00f0ilegri samtengingu.<\/p>\n<p align=\"JUSTIFY\">Allra heilagra dagur heldur \u00e1fram a\u00f0 vera vins\u00e6ll h\u00e1t\u00ed\u00f0isdagur en hann er haldinn h\u00e1t\u00ed\u00f0legur \u00e1 marga mismunandi vegu. \u00c1 okkar eigin t\u00edmum hefur \u00fea\u00f0 sennilega a\u00f0 m\u00f6rgu leyti m\u00e6tt mikilli samkeppni fr\u00e1 hrekkjav\u00f6ku, \u00fe\u00f3 a\u00f0 \u00feessi tv\u00f6 fyrirb\u00e6ri eigi s\u00e9r gj\u00f6r\u00f3l\u00edkan uppruna.<\/p>\n<div class=\"ast-oembed-container\" style=\"height: 100%;\"><iframe loading=\"lazy\" title=\"Fr\u00eddagar \u00ed Sv\u00ed\u00fej\u00f3\u00f0 - Allra heilagra dagur\" width=\"500\" height=\"281\" src=\"https:\/\/www.youtube.com\/embed\/Ff2CfhMfbPQ?feature=oembed\" frameborder=\"0\" allow=\"accelerometer; autoplay; clipboard-write; encrypted-media; gyroscope; picture-in-picture; web-share\" referrerpolicy=\"strict-origin-when-cross-origin\" allowfullscreen><\/iframe><\/div>\n\t\t\t\t\t\t<\/div><!-- .entry-content -->\n\t\t\t\t\t<div class=\"wpsp-read-more\"><a title=\"Dagur allra heilagra\" class=\"wp-show-posts-read-more\" href=\"https:\/\/xn--arbetstimmarpermnad-gxb.se\/is\/dagur-allra-heilagra\/\">Lestu meira...<\/a><\/div><\/div><!-- wp-show-posts-inner --><div class=\"wpsp-clear\"><\/div><\/article><article class=\"wp-show-posts-single wpsp-clearfix post-157 post type-post status-publish format-standard hentry category-dagar\" itemtype=\"http:\/\/schema.org\/CreativeWork\" itemscope><div class=\"wp-show-posts-inner\" style=\"\">\t\t\t\t\t\t<header class=\"wp-show-posts-entry-header\">\n\t\t\t\t\t\t\t<h2 class=\"wp-show-posts-entry-title\" itemprop=\"headline\"><a href=\"https:\/\/xn--arbetstimmarpermnad-gxb.se\/is\/thjodhatidardagur-svithjodar\/\" rel=\"bookmark\">\u00dej\u00f3\u00f0h\u00e1t\u00ed\u00f0ardagur Sv\u00ed\u00fej\u00f3\u00f0ar<\/a><\/h2>\t\t\t\t\t\t<\/header><!-- .entry-header -->\n\t\t\t\t\t\t\t\t\t\t\t<div class=\"wp-show-posts-entry-content\" itemprop=\"text\">\n\t\t\t\t\t\t\t<h1 class=\"western\" align=\"JUSTIFY\"><img loading=\"lazy\" decoding=\"async\" class=\"aligncenter size-full wp-image-158\" src=\"https:\/\/xn--arbetstimmarpermnad-gxb.se\/wp-content\/uploads\/2022\/04\/sveriges-nationaldag.jpg\" alt=\"\u00dej\u00f3\u00f0h\u00e1t\u00ed\u00f0ardagur Sv\u00ed\u00fej\u00f3\u00f0ar\" width=\"600\" height=\"400\" srcset=\"https:\/\/xn--arbetstimmarpermnad-gxb.se\/wp-content\/uploads\/2022\/04\/sveriges-nationaldag.jpg 600w, https:\/\/xn--arbetstimmarpermnad-gxb.se\/wp-content\/uploads\/2022\/04\/sveriges-nationaldag-300x200.jpg 300w\" sizes=\"auto, (max-width: 600px) 100vw, 600px\" \/>\u00dej\u00f3\u00f0h\u00e1t\u00ed\u00f0ardagur Sv\u00ed\u00fej\u00f3\u00f0ar<\/h1>\n<p align=\"JUSTIFY\">\u00der\u00e1tt fyrir mikla s\u00e9rst\u00f6\u00f0u hefur \u00fej\u00f3\u00f0h\u00e1t\u00ed\u00f0ardagur Sv\u00ed\u00fej\u00f3\u00f0ar \u00ed raun ekki veri\u00f0 fr\u00eddagur mj\u00f6g lengi. En \u00e1 sama t\u00edma \u00e1 h\u00fan s\u00e9r s\u00f6gu sem n\u00e6r nokkur hundru\u00f0 \u00e1r aftur \u00ed t\u00edmann. Hvernig \u00fev\u00ed er fagna\u00f0 er hins vegar mj\u00f6g mismunandi eftir st\u00f6\u00f0um \u00ed Sv\u00ed\u00fej\u00f3\u00f0 og \u00e1 vissan h\u00e1tt er tilvist \u00feess enn umdeild.<\/p>\n<p align=\"JUSTIFY\">Vi\u00f0 h\u00f6fum teki\u00f0 dj\u00fapt kafa \u00ed \u00fej\u00f3\u00f0h\u00e1t\u00ed\u00f0ardegi Sv\u00ed\u00fej\u00f3\u00f0ar.<\/p>\n<h2 class=\"western\" align=\"JUSTIFY\">Gamla Sv\u00ed\u00fej\u00f3\u00f0 en n\u00fat\u00edma hef\u00f0<\/h2>\n<p align=\"JUSTIFY\">\u00c1 al\u00fej\u00f3\u00f0av\u00edsu er Sv\u00ed\u00fej\u00f3\u00f0 eitt af \u00feeim l\u00f6ndum sem hafa veri\u00f0 sameinu\u00f0 lengst. \u00dea\u00f0 er \u00ed raun eitt af elstu konungsr\u00edkjum \u00ed heimi. En \u00fer\u00e1tt fyrir \u00feetta er \u00fej\u00f3\u00f0h\u00e1t\u00ed\u00f0ardagur Sv\u00ed\u00fej\u00f3\u00f0ar nokku\u00f0 n\u00fdtt fyrirb\u00e6ri. \u00dea\u00f0 var ekki fyrr en undir lok 19. aldar sem \u00e1kve\u00f0i\u00f0 var a\u00f0 fagna Sv\u00ed\u00fej\u00f3\u00f0 sem sameinu\u00f0u r\u00edki.<\/p>\n<p align=\"JUSTIFY\">Saga dagsins \u00ed dag er \u00e1hugavert n\u00e1tengd Skansen. Hugmyndin me\u00f0 Skansen hefur alltaf veri\u00f0 a\u00f0 t\u00e1kna eins konar lifandi sm\u00e1mynd af Sv\u00ed\u00fej\u00f3\u00f0, sem \u00fe\u00fd\u00f0ir a\u00f0 fr\u00e1 upphafi var hugmynd um a\u00f0 einbeita s\u00e9r a\u00f0 Sv\u00ed\u00fej\u00f3\u00f0 sem \u00fej\u00f3\u00f0r\u00edki.<\/p>\n<p align=\"JUSTIFY\">\u00deegar \u00e1kve\u00f0i\u00f0 var \u00e1ri\u00f0 1893 a\u00f0 fagna Sv\u00ed\u00fej\u00f3\u00f0 var \u00e1kve\u00f0i\u00f0 a\u00f0 gefa endurgj\u00f6f til 6. j\u00fan\u00ed 1523 \u00feegar Gusta Vasa var\u00f0 konungur og jafnframt t\u00e1kn sameina\u00f0s Sv\u00ed\u00fej\u00f3\u00f0ar.<\/p>\n<h2 class=\"western\" align=\"JUSTIFY\">Nokku\u00f0 n\u00fdtt fr\u00ed<\/h2>\n<p align=\"JUSTIFY\">\u00de\u00f3tt \u00fej\u00f3\u00f0h\u00e1t\u00ed\u00f0ardagur Sv\u00ed\u00fej\u00f3\u00f0ar n\u00e1i n\u00fa meira en hundra\u00f0 \u00e1r aftur \u00ed t\u00edmann var \u00fea\u00f0 ekki fyrr en \u00e1ri\u00f0 2005 sem hann var\u00f0 almennur fr\u00eddagur. \u00dea\u00f0 gerir daginn \u00e1 spennandi h\u00e1tt b\u00e6\u00f0i n\u00fdtt og gamalt fyrirb\u00e6ri.<\/p>\n<p align=\"JUSTIFY\">H\u00e1t\u00ed\u00f0in er mj\u00f6g mismunandi eftir st\u00f6\u00f0um \u00ed Sv\u00ed\u00fej\u00f3\u00f0. En sem f\u00e1nadagur er sj\u00e1lfgefi\u00f0 a\u00f0 draga s\u00e6nska f\u00e1nann a\u00f0 h\u00fani. \u00d3l\u00edkt \u00f6\u00f0rum h\u00e1t\u00ed\u00f0um er \u00ed raun ekkert raunverulegt sni\u00f0m\u00e1t fyrir hvernig \u00fej\u00f3\u00f0h\u00e1t\u00ed\u00f0ardaginn skuli haldinn h\u00e1t\u00ed\u00f0legur. S\u00e9rstaklega heldur Skansen \u00e1fram a\u00f0 vera samnefnari og \u00fea\u00f0 er l\u00edka \u00fear sem st\u00f3r hluti h\u00e1t\u00ed\u00f0arinnar fer \u00ed raun fram. Hvort dagurinn muni n\u00e1 meiri v\u00ed\u00f0t\u00e6kri stu\u00f0ningi me\u00f0al almennings er hins vegar enn \u00f3lj\u00f3st.<\/p>\n<div class=\"ast-oembed-container\" style=\"height: 100%;\"><iframe loading=\"lazy\" title=\"Skansen segir - Hvers vegna h\u00f6ldum vi\u00f0 upp \u00e1 \u00fej\u00f3\u00f0h\u00e1t\u00ed\u00f0ardag Sv\u00ed\u00fej\u00f3\u00f0ar 6. j\u00fan\u00ed?\" width=\"500\" height=\"281\" src=\"https:\/\/www.youtube.com\/embed\/7SdIPuWMo_k?feature=oembed\" frameborder=\"0\" allow=\"accelerometer; autoplay; clipboard-write; encrypted-media; gyroscope; picture-in-picture; web-share\" referrerpolicy=\"strict-origin-when-cross-origin\" allowfullscreen><\/iframe><\/div>\n\t\t\t\t\t\t<\/div><!-- .entry-content -->\n\t\t\t\t\t<div class=\"wpsp-read-more\"><a title=\"\u00dej\u00f3\u00f0h\u00e1t\u00ed\u00f0ardagur Sv\u00ed\u00fej\u00f3\u00f0ar\" class=\"wp-show-posts-read-more\" href=\"https:\/\/xn--arbetstimmarpermnad-gxb.se\/is\/thjodhatidardagur-svithjodar\/\">Lestu meira...<\/a><\/div><\/div><!-- wp-show-posts-inner --><div class=\"wpsp-clear\"><\/div><\/article><\/section><!-- .wp-show-posts -->","protected":false},"excerpt":{"rendered":"<p>GUIDE: Planera och maximera din semester med hj\u00e4lp av r\u00f6da dagar 2025<\/p>","protected":false},"author":1,"featured_media":0,"parent":0,"menu_order":0,"comment_status":"closed","ping_status":"closed","template":"","meta":{"site-sidebar-layout":"default","site-content-layout":"default","ast-site-content-layout":"","site-content-style":"default","site-sidebar-style":"default","ast-global-header-display":"","ast-banner-title-visibility":"","ast-main-header-display":"","ast-hfb-above-header-display":"","ast-hfb-below-header-display":"","ast-hfb-mobile-header-display":"","site-post-title":"","ast-breadcrumbs-content":"","ast-featured-img":"","footer-sml-layout":"","theme-transparent-header-meta":"default","adv-header-id-meta":"","stick-header-meta":"","header-above-stick-meta":"","header-main-stick-meta":"","header-below-stick-meta":"","astra-migrate-meta-layouts":"default","ast-page-background-enabled":"default","ast-page-background-meta":{"desktop":{"background-color":"var(--ast-global-color-4)","background-image":"","background-repeat":"repeat","background-position":"center center","background-size":"auto","background-attachment":"scroll","background-type":"","background-media":"","overlay-type":"","overlay-color":"","overlay-opacity":"","overlay-gradient":""},"tablet":{"background-color":"","background-image":"","background-repeat":"repeat","background-position":"center center","background-size":"auto","background-attachment":"scroll","background-type":"","background-media":"","overlay-type":"","overlay-color":"","overlay-opacity":"","overlay-gradient":""},"mobile":{"background-color":"","background-image":"","background-repeat":"repeat","background-position":"center center","background-size":"auto","background-attachment":"scroll","background-type":"","background-media":"","overlay-type":"","overlay-color":"","overlay-opacity":"","overlay-gradient":""}},"ast-content-background-meta":{"desktop":{"background-color":"var(--ast-global-color-5)","background-image":"","background-repeat":"repeat","background-position":"center center","background-size":"auto","background-attachment":"scroll","background-type":"","background-media":"","overlay-type":"","overlay-color":"","overlay-opacity":"","overlay-gradient":""},"tablet":{"background-color":"var(--ast-global-color-5)","background-image":"","background-repeat":"repeat","background-position":"center center","background-size":"auto","background-attachment":"scroll","background-type":"","background-media":"","overlay-type":"","overlay-color":"","overlay-opacity":"","overlay-gradient":""},"mobile":{"background-color":"var(--ast-global-color-5)","background-image":"","background-repeat":"repeat","background-position":"center center","background-size":"auto","background-attachment":"scroll","background-type":"","background-media":"","overlay-type":"","overlay-color":"","overlay-opacity":"","overlay-gradient":""}},"footnotes":""},"class_list":["post-226","page","type-page","status-publish","hentry"],"_links":{"self":[{"href":"https:\/\/xn--arbetstimmarpermnad-gxb.se\/is\/wp-json\/wp\/v2\/pages\/226","targetHints":{"allow":["GET"]}}],"collection":[{"href":"https:\/\/xn--arbetstimmarpermnad-gxb.se\/is\/wp-json\/wp\/v2\/pages"}],"about":[{"href":"https:\/\/xn--arbetstimmarpermnad-gxb.se\/is\/wp-json\/wp\/v2\/types\/page"}],"author":[{"embeddable":true,"href":"https:\/\/xn--arbetstimmarpermnad-gxb.se\/is\/wp-json\/wp\/v2\/users\/1"}],"replies":[{"embeddable":true,"href":"https:\/\/xn--arbetstimmarpermnad-gxb.se\/is\/wp-json\/wp\/v2\/comments?post=226"}],"version-history":[{"count":11,"href":"https:\/\/xn--arbetstimmarpermnad-gxb.se\/is\/wp-json\/wp\/v2\/pages\/226\/revisions"}],"predecessor-version":[{"id":617,"href":"https:\/\/xn--arbetstimmarpermnad-gxb.se\/is\/wp-json\/wp\/v2\/pages\/226\/revisions\/617"}],"wp:attachment":[{"href":"https:\/\/xn--arbetstimmarpermnad-gxb.se\/is\/wp-json\/wp\/v2\/media?parent=226"}],"curies":[{"name":"wp","href":"https:\/\/api.w.org\/{rel}","templated":true}]}}