{"id":116,"date":"2009-01-01T11:09:11","date_gmt":"2009-01-01T10:09:11","guid":{"rendered":"https:\/\/xn--arbetstimmarpermnad-gxb.se\/?page_id=116"},"modified":"2023-09-09T17:39:52","modified_gmt":"2023-09-09T15:39:52","slug":"arbetstimmar-per-manad-2023","status":"publish","type":"page","link":"https:\/\/xn--arbetstimmarpermnad-gxb.se\/is\/vinnutimi-a-manudi-2023\/","title":{"rendered":"Vinnut\u00edmi \u00e1 m\u00e1nu\u00f0i 2023"},"content":{"rendered":"<table id=\"tablepress-5\" class=\"tablepress tablepress-id-5 tablepress-responsive\">\n<thead>\n<tr class=\"row-1\">\n\t<th class=\"column-1\">M\u00e1nu\u00f0ur<\/th><th class=\"column-2\">Vinnudagar<\/th><th class=\"column-3\">Vinnut\u00edmi<\/th><th class=\"column-4\">Lau &amp; Sun.<\/th><th class=\"column-5\">A\u00f0rir<\/th>\n<\/tr>\n<\/thead>\n<tbody class=\"row-striping row-hover\">\n<tr class=\"row-2\">\n\t<td class=\"column-1\">jan\u00faar<\/td><td class=\"column-2\">21<\/td><td class=\"column-3\">168<\/td><td class=\"column-4\">9<\/td><td class=\"column-5\">1<\/td>\n<\/tr>\n<tr class=\"row-3\">\n\t<td class=\"column-1\">febr\u00faar<\/td><td class=\"column-2\">20<\/td><td class=\"column-3\">160<\/td><td class=\"column-4\">8<\/td><td class=\"column-5\">0<\/td>\n<\/tr>\n<tr class=\"row-4\">\n\t<td class=\"column-1\">mars<\/td><td class=\"column-2\">23<\/td><td class=\"column-3\">184<\/td><td class=\"column-4\">8<\/td><td class=\"column-5\">0<\/td>\n<\/tr>\n<tr class=\"row-5\">\n\t<td class=\"column-1\">apr\u00edl<\/td><td class=\"column-2\">18<\/td><td class=\"column-3\">144<\/td><td class=\"column-4\">10<\/td><td class=\"column-5\">2<\/td>\n<\/tr>\n<tr class=\"row-6\">\n\t<td class=\"column-1\">ma\u00ed<\/td><td class=\"column-2\">21<\/td><td class=\"column-3\">168<\/td><td class=\"column-4\">8<\/td><td class=\"column-5\">2<\/td>\n<\/tr>\n<tr class=\"row-7\">\n\t<td class=\"column-1\">j\u00fan\u00ed<\/td><td class=\"column-2\">19<\/td><td class=\"column-3\">152<\/td><td class=\"column-4\">8<\/td><td class=\"column-5\">2<\/td>\n<\/tr>\n<tr class=\"row-8\">\n\t<td class=\"column-1\">j\u00fal\u00ed<\/td><td class=\"column-2\">21<\/td><td class=\"column-3\">168<\/td><td class=\"column-4\">10<\/td><td class=\"column-5\">0<\/td>\n<\/tr>\n<tr class=\"row-9\">\n\t<td class=\"column-1\">\u00e1g\u00fast<\/td><td class=\"column-2\">23<\/td><td class=\"column-3\">184<\/td><td class=\"column-4\">8<\/td><td class=\"column-5\">0<\/td>\n<\/tr>\n<tr class=\"row-10\">\n\t<td class=\"column-1\">september<\/td><td class=\"column-2\">21<\/td><td class=\"column-3\">168<\/td><td class=\"column-4\">9<\/td><td class=\"column-5\">0<\/td>\n<\/tr>\n<tr class=\"row-11\">\n\t<td class=\"column-1\">okt\u00f3ber<\/td><td class=\"column-2\">22<\/td><td class=\"column-3\">176<\/td><td class=\"column-4\">9<\/td><td class=\"column-5\">0<\/td>\n<\/tr>\n<tr class=\"row-12\">\n\t<td class=\"column-1\">n\u00f3vember<\/td><td class=\"column-2\">22<\/td><td class=\"column-3\">176<\/td><td class=\"column-4\">8<\/td><td class=\"column-5\">0<\/td>\n<\/tr>\n<tr class=\"row-13\">\n\t<td class=\"column-1\">desember<\/td><td class=\"column-2\">19<\/td><td class=\"column-3\">152<\/td><td class=\"column-4\">10<\/td><td class=\"column-5\">2<\/td>\n<\/tr>\n<tr class=\"row-14\">\n\t<td class=\"column-1\"><strong>Heildarvinnut\u00edmi \u00e1 \u00e1ri<\/strong><\/td><td class=\"column-2\"><strong>250<\/strong><\/td><td class=\"column-3\"><strong>2000<\/strong><\/td><td class=\"column-4\"><strong>105<\/strong><\/td><td class=\"column-5\"><strong>9<\/strong><\/td>\n<\/tr>\n<\/tbody>\n<tfoot>\n<tr class=\"row-15\">\n\t<th class=\"column-1\">Me\u00f0altal \/ m\u00e1nu\u00f0ur<\/th><th class=\"column-2\">21<\/th><th class=\"column-3\">167<\/th><th class=\"column-4\">8.75<\/th><th class=\"column-5\">0.75<\/th>\n<\/tr>\n<\/tfoot>\n<\/table>\n\n<style>.wp-show-posts-columns#wpsp-113 {margin-left: -2em; }.wp-show-posts-columns#wpsp-113 .wp-show-posts-inner {margin: 0 0 2em 2em; }<\/style><section id=\"wpsp-113\" class=\"wp-show-posts\" style=\"\"><article class=\"wp-show-posts-single wpsp-clearfix post-135 post type-post status-publish format-standard hentry category-dagar\" itemtype=\"http:\/\/schema.org\/CreativeWork\" itemscope><div class=\"wp-show-posts-inner\" style=\"\">\t\t\t\t\t\t<header class=\"wp-show-posts-entry-header\">\n\t\t\t\t\t\t\t<h2 class=\"wp-show-posts-entry-title\" itemprop=\"headline\"><a href=\"https:\/\/xn--arbetstimmarpermnad-gxb.se\/is\/forsta-maj\/\" rel=\"bookmark\">1. ma\u00ed<\/a><\/h2>\t\t\t\t\t\t<\/header><!-- .entry-header -->\n\t\t\t\t\t\t\t\t\t\t\t<div class=\"wp-show-posts-entry-content\" itemprop=\"text\">\n\t\t\t\t\t\t\t<h1 class=\"western\" align=\"JUSTIFY\"><img loading=\"lazy\" decoding=\"async\" class=\"aligncenter size-full wp-image-136\" src=\"https:\/\/xn--arbetstimmarpermnad-gxb.se\/wp-content\/uploads\/2022\/04\/forsta-maj.jpg\" alt=\"Fyrsti ma\u00ed - 1. ma\u00ed\" width=\"732\" height=\"135\" srcset=\"https:\/\/xn--arbetstimmarpermnad-gxb.se\/wp-content\/uploads\/2022\/04\/forsta-maj.jpg 732w, https:\/\/xn--arbetstimmarpermnad-gxb.se\/wp-content\/uploads\/2022\/04\/forsta-maj-300x55.jpg 300w\" sizes=\"auto, (max-width: 732px) 100vw, 732px\" \/>1. ma\u00ed<\/h1>\r\n<p align=\"JUSTIFY\">Fr\u00e1 lokum 19. aldar hefur ma\u00ed veri\u00f0 ein mikilv\u00e6gasta endurtekna h\u00e1t\u00ed\u00f0 og vi\u00f0bur\u00f0ur verkal\u00fd\u00f0shreyfingarinnar. Saga \u00feess er n\u00e1tengd uppgangi s\u00f3s\u00edalismans \u00ed Evr\u00f3pu og hefur haft mj\u00f6g sterkan sess, ekki s\u00edst \u00ed Sv\u00ed\u00fej\u00f3\u00f0.<\/p>\r\n<p align=\"JUSTIFY\">En um hva\u00f0 sn\u00fdst fyrsti ma\u00ed eiginlega?<\/p>\r\n\r\n<h2 class=\"western\" align=\"JUSTIFY\">V\u00f6xtur verkal\u00fd\u00f0shreyfingarinnar<\/h2>\r\n<p align=\"JUSTIFY\">\u00der\u00e1tt fyrir a\u00f0 Bandar\u00edkin s\u00e9u n\u00fa a\u00f0allega tengd hinum frj\u00e1lsa marka\u00f0i, \u00fe\u00e1 er \u00fea\u00f0 \u00ed rauninni \u00fea\u00f0an sem fyrsti ma\u00ed er upprunninn. \u00der\u00e1tt fyrir a\u00f0 hugmyndin um a\u00f0 skipuleggja verk eigi s\u00e9r mun lengri s\u00f6gu, telja flestir a\u00f0 fyrirmynd hennar s\u00e9 \u00e1kv\u00f6r\u00f0un sem tekin var \u00e1ri\u00f0 1884 \u00ed Bandar\u00edkjunum. Bandar\u00edska verkal\u00fd\u00f0shreyfingin (AFL) \u00e1kva\u00f0 a\u00f0 krefjast v\u00ed\u00f0t\u00e6krar takm\u00f6rkunar \u00e1 vinnudegi vi\u00f0 \u00e1tta klukkustundir.<\/p>\r\nThe Second International var stofnun sem stofnu\u00f0 var \u00ed Par\u00eds til a\u00f0 marka eins konar t\u00e1knr\u00e6na framlengingu fr\u00f6nsku byltingarinnar, \u00e1 sama t\u00edma og h\u00fan bar\u00f0i h\u00f6gg fyrir r\u00e9ttindi framt\u00ed\u00f0arverkamanna. Myndun \u00feeirra \u00e1ri\u00f0 1889 er einnig venjulega liti\u00f0 \u00e1 sem eins konar upphaf fyrstu kornst\u00f6\u00f0u sem opinberan fr\u00eddag. Verkal\u00fd\u00f0shreyfingin hefur s\u00ed\u00f0an veri\u00f0 dreif\u00f0 f\u00e9lagsleg hreyfing me\u00f0 \u00e1herslu \u00e1 a\u00f0 b\u00e6ta r\u00e9ttindi launaf\u00f3lks. Hugtaki\u00f0 er v\u00edtt og tekur b\u00e6\u00f0i til skipul\u00f6g\u00f0ra verkal\u00fd\u00f0sf\u00e9laga og metna\u00f0ar og tj\u00e1ningar einstaklinga. Verkal\u00fd\u00f0shreyfingin hefur starfa\u00f0 \u00ed m\u00f6rgum l\u00f6ndum \u00ed gegnum t\u00ed\u00f0ina, en h\u00fan hefur n\u00e1\u00f0 bestum \u00e1rangri \u00ed vestr\u00e6num i\u00f0nr\u00edkjum. Verkal\u00fd\u00f0shreyfingin tengist oft s\u00f3s\u00edal\u00edskum og komm\u00fan\u00edskum stj\u00f3rnm\u00e1laflokkum og samt\u00f6kum, en h\u00fan er ekki endilega bundin vi\u00f0 einhverja s\u00e9rstaka hugmyndafr\u00e6\u00f0i.\r\n<h2 class=\"western\">Fyrsta ma\u00ed lestin<\/h2>\r\nS\u00e9rstakt t\u00e1kn fyrir fyrsta ma\u00ed er fyrsta ma\u00ed lestin sem fer \u00e1rlega \u00ed nokkrum l\u00f6ndum. Ekki s\u00edst \u00ed Sv\u00ed\u00fej\u00f3\u00f0 hefur \u00fea\u00f0 haft mj\u00f6g sterka st\u00f6\u00f0u. Lagi\u00f0 Internationalen er v\u00ed\u00f0a meira og minna opinbert \u00feemalag lestarinnar. \u00der\u00e1tt fyrir a\u00f0 lestin s\u00e9 algeng hafa \u00feeir \u00e1fram umdeilda st\u00f6\u00f0u v\u00ed\u00f0a um heim \u00fear sem verkal\u00fd\u00f0shreyfingin er ekki enn sam\u00feykkt.\r\n<p align=\"JUSTIFY\"><\/p>\t\t\t\t\t\t<\/div><!-- .entry-content -->\n\t\t\t\t\t<div class=\"wpsp-read-more\"><a title=\"1. ma\u00ed\" class=\"wp-show-posts-read-more\" href=\"https:\/\/xn--arbetstimmarpermnad-gxb.se\/is\/forsta-maj\/\">Lestu meira...<\/a><\/div><\/div><!-- wp-show-posts-inner --><div class=\"wpsp-clear\"><\/div><\/article><article class=\"wp-show-posts-single wpsp-clearfix post-146 post type-post status-publish format-standard hentry category-dagar\" itemtype=\"http:\/\/schema.org\/CreativeWork\" itemscope><div class=\"wp-show-posts-inner\" style=\"\">\t\t\t\t\t\t<header class=\"wp-show-posts-entry-header\">\n\t\t\t\t\t\t\t<h2 class=\"wp-show-posts-entry-title\" itemprop=\"headline\"><a href=\"https:\/\/xn--arbetstimmarpermnad-gxb.se\/is\/fostudagurinn-langi-og-manudagur-paskadagur\/\" rel=\"bookmark\">F\u00f6studagurinn langi og m\u00e1nudagur um p\u00e1ska<\/a><\/h2>\t\t\t\t\t\t<\/header><!-- .entry-header -->\n\t\t\t\t\t\t\t\t\t\t\t<div class=\"wp-show-posts-entry-content\" itemprop=\"text\">\n\t\t\t\t\t\t\t<h1 class=\"western\" align=\"JUSTIFY\"><img loading=\"lazy\" decoding=\"async\" class=\"aligncenter size-large wp-image-147\" src=\"https:\/\/xn--arbetstimmarpermnad-gxb.se\/wp-content\/uploads\/2022\/04\/langfredagen-och-annandag-pask-1024x576.png\" alt=\"F\u00f6studagurinn langi og m\u00e1nudagur um p\u00e1ska\" width=\"1024\" height=\"576\" srcset=\"https:\/\/xn--arbetstimmarpermnad-gxb.se\/wp-content\/uploads\/2022\/04\/langfredagen-och-annandag-pask-1024x576.png 1024w, https:\/\/xn--arbetstimmarpermnad-gxb.se\/wp-content\/uploads\/2022\/04\/langfredagen-och-annandag-pask-300x169.png 300w, https:\/\/xn--arbetstimmarpermnad-gxb.se\/wp-content\/uploads\/2022\/04\/langfredagen-och-annandag-pask-768x432.png 768w, https:\/\/xn--arbetstimmarpermnad-gxb.se\/wp-content\/uploads\/2022\/04\/langfredagen-och-annandag-pask-1536x864.png 1536w, https:\/\/xn--arbetstimmarpermnad-gxb.se\/wp-content\/uploads\/2022\/04\/langfredagen-och-annandag-pask.png 1540w\" sizes=\"auto, (max-width: 1024px) 100vw, 1024px\" \/>F\u00f6studagurinn langi og m\u00e1nudagur um p\u00e1ska<\/h1>\n<p align=\"JUSTIFY\">\u00cd kristnum si\u00f0 eru f\u00f6studagurinn langi og annar dagur p\u00e1ska tv\u00e6r mj\u00f6g mikilv\u00e6gar h\u00e1t\u00ed\u00f0ir sem eru b\u00e1\u00f0ar nau\u00f0synlegar fyrir athygli Jes\u00fa. En jafnvel \u00ed hinum veraldlega heimi hafa \u00feessir dagar v\u00ed\u00f0a st\u00f6\u00f0u opinbers heils dags.<\/p>\n<p align=\"JUSTIFY\">\u00der\u00e1tt fyrir a\u00f0 um fr\u00eddaga s\u00e9 a\u00f0 r\u00e6\u00f0a hafa h\u00e1t\u00ed\u00f0arh\u00f6ld \u00ed m\u00f6rgum l\u00f6ndum meira og minna ekki \u00e1tt s\u00e9r sta\u00f0. \u00dea\u00f0 sem er s\u00e9rstakt er a\u00f0 sums sta\u00f0ar er varla teki\u00f0 eftir helgunum en annars sta\u00f0ar er um mj\u00f6g st\u00f3ra vi\u00f0bur\u00f0i a\u00f0 r\u00e6\u00f0a.<\/p>\n<p align=\"JUSTIFY\">H\u00e9r er a\u00f0eins meiri uppl\u00fdsingar um hva\u00f0 p\u00e1skadagurinn og f\u00f6studagurinn langi sn\u00faast \u00ed raun um.<\/p>\n<h2 class=\"western\" align=\"JUSTIFY\">G\u00f3\u00f0ur f\u00f6studagur<\/h2>\n<p align=\"JUSTIFY\">F\u00f6studagurinn langi er \u00ed grundvallaratri\u00f0um kristin h\u00e1t\u00ed\u00f0 sem fer fram til minningar um krossfestingu Jes\u00fa. H\u00fan gerist f\u00f6studaginn fyrir p\u00e1ska og hefur sem upphaflega hugmynd a\u00f0 einbl\u00edna \u00e1 \u00fej\u00e1ninguna sem Jes\u00fas gekk \u00ed gegnum \u00ed tengslum vi\u00f0 krossfestinguna. \u00cd Sv\u00ed\u00fej\u00f3\u00f0 lei\u00f0 fram \u00e1 17. \u00f6ld \u00fear til \u00fea\u00f0 var\u00f0 fr\u00eddagur.<\/p>\n<p>Dagsetning f\u00f6studagsins langa er mj\u00f6g breytileg fr\u00e1 \u00e1ri til \u00e1rs og \u00feess vegna er sagt a\u00f0 hann eigi s\u00e9r sta\u00f0 \u00e1 f\u00f6studaginn fyrir p\u00e1ska. \u00cd m\u00f6rgum l\u00f6ndum er f\u00f6studagurinn langi haldinn h\u00e1t\u00ed\u00f0legur me\u00f0 t\u00e1knr\u00e6nni krossfestingu. \u00cd tengslum vi\u00f0 \u00feetta er l\u00edka lengri f\u00f6stut\u00edmi.<\/p>\n<p>Fyrir Sv\u00ed\u00fej\u00f3\u00f0 hefur f\u00f6studagurinn langi \u00ed heildina veri\u00f0 l\u00e1gstemmd fr\u00eddagur sem er \u00ed raun ekki haldinn h\u00e1t\u00ed\u00f0legur utan kirkjulegra hringa. Al\u00fej\u00f3\u00f0lega hefur \u00fea\u00f0 hins vegar veri\u00f0 t\u00f6luvert \u00e1\u00fereifanlegra.<\/p>\n<h2 class=\"western\">annar \u00ed p\u00e1skum<\/h2>\n<p>P\u00e1skadagur er einnig almennur fr\u00eddagur \u00ed m\u00f6rgum l\u00f6ndum. \u00dea\u00f0 er haldi\u00f0 upp \u00e1 fyrsta m\u00e1nudag eftir p\u00e1ska. \u00cd Bandar\u00edkjunum hefur p\u00e1skadagur hins vegar s\u00e9rst\u00f6\u00f0u \u00fear sem hann er ekki fr\u00eddagur alls r\u00edkisins. \u00dev\u00ed er h\u00e1t\u00ed\u00f0in mj\u00f6g mismunandi \u00e1 mismunandi st\u00f6\u00f0um.<\/p>\n<p>Annar dagur p\u00e1ska er upphaflega dagur til a\u00f0 fagna upprisu Jes\u00fa. \u00dev\u00ed \u00e1 h\u00e1t\u00ed\u00f0in s\u00e9r s\u00f6gulegan grunn \u00ed gu\u00f0s\u00fej\u00f3nustunni. \u00dea\u00f0 v\u00e6ri sennilega ekki of \u00f3sanngjarnt a\u00f0 segja a\u00f0 annan dag p\u00e1ska s\u00e9 fyrst og fremst teki\u00f0 eftir \u00feeim sem heims\u00e6kja kirkjuna reglulega.<\/p>\n\t\t\t\t\t\t<\/div><!-- .entry-content -->\n\t\t\t\t\t<div class=\"wpsp-read-more\"><a title=\"F\u00f6studagurinn langi og m\u00e1nudagur um p\u00e1ska\" class=\"wp-show-posts-read-more\" href=\"https:\/\/xn--arbetstimmarpermnad-gxb.se\/is\/fostudagurinn-langi-og-manudagur-paskadagur\/\">Lestu meira...<\/a><\/div><\/div><!-- wp-show-posts-inner --><div class=\"wpsp-clear\"><\/div><\/article><\/section><!-- .wp-show-posts -->","protected":false},"excerpt":{"rendered":"","protected":false},"author":1,"featured_media":0,"parent":0,"menu_order":0,"comment_status":"closed","ping_status":"closed","template":"","meta":{"site-sidebar-layout":"default","site-content-layout":"default","ast-site-content-layout":"","site-content-style":"default","site-sidebar-style":"default","ast-global-header-display":"","ast-banner-title-visibility":"","ast-main-header-display":"","ast-hfb-above-header-display":"","ast-hfb-below-header-display":"","ast-hfb-mobile-header-display":"","site-post-title":"","ast-breadcrumbs-content":"","ast-featured-img":"","footer-sml-layout":"","theme-transparent-header-meta":"default","adv-header-id-meta":"","stick-header-meta":"","header-above-stick-meta":"","header-main-stick-meta":"","header-below-stick-meta":"","astra-migrate-meta-layouts":"default","ast-page-background-enabled":"default","ast-page-background-meta":{"desktop":{"background-color":"var(--ast-global-color-4)","background-image":"","background-repeat":"repeat","background-position":"center center","background-size":"auto","background-attachment":"scroll","background-type":"","background-media":"","overlay-type":"","overlay-color":"","overlay-opacity":"","overlay-gradient":""},"tablet":{"background-color":"","background-image":"","background-repeat":"repeat","background-position":"center center","background-size":"auto","background-attachment":"scroll","background-type":"","background-media":"","overlay-type":"","overlay-color":"","overlay-opacity":"","overlay-gradient":""},"mobile":{"background-color":"","background-image":"","background-repeat":"repeat","background-position":"center center","background-size":"auto","background-attachment":"scroll","background-type":"","background-media":"","overlay-type":"","overlay-color":"","overlay-opacity":"","overlay-gradient":""}},"ast-content-background-meta":{"desktop":{"background-color":"var(--ast-global-color-5)","background-image":"","background-repeat":"repeat","background-position":"center center","background-size":"auto","background-attachment":"scroll","background-type":"","background-media":"","overlay-type":"","overlay-color":"","overlay-opacity":"","overlay-gradient":""},"tablet":{"background-color":"var(--ast-global-color-5)","background-image":"","background-repeat":"repeat","background-position":"center center","background-size":"auto","background-attachment":"scroll","background-type":"","background-media":"","overlay-type":"","overlay-color":"","overlay-opacity":"","overlay-gradient":""},"mobile":{"background-color":"var(--ast-global-color-5)","background-image":"","background-repeat":"repeat","background-position":"center center","background-size":"auto","background-attachment":"scroll","background-type":"","background-media":"","overlay-type":"","overlay-color":"","overlay-opacity":"","overlay-gradient":""}},"footnotes":""},"class_list":["post-116","page","type-page","status-publish","hentry"],"_links":{"self":[{"href":"https:\/\/xn--arbetstimmarpermnad-gxb.se\/is\/wp-json\/wp\/v2\/pages\/116","targetHints":{"allow":["GET"]}}],"collection":[{"href":"https:\/\/xn--arbetstimmarpermnad-gxb.se\/is\/wp-json\/wp\/v2\/pages"}],"about":[{"href":"https:\/\/xn--arbetstimmarpermnad-gxb.se\/is\/wp-json\/wp\/v2\/types\/page"}],"author":[{"embeddable":true,"href":"https:\/\/xn--arbetstimmarpermnad-gxb.se\/is\/wp-json\/wp\/v2\/users\/1"}],"replies":[{"embeddable":true,"href":"https:\/\/xn--arbetstimmarpermnad-gxb.se\/is\/wp-json\/wp\/v2\/comments?post=116"}],"version-history":[{"count":2,"href":"https:\/\/xn--arbetstimmarpermnad-gxb.se\/is\/wp-json\/wp\/v2\/pages\/116\/revisions"}],"predecessor-version":[{"id":219,"href":"https:\/\/xn--arbetstimmarpermnad-gxb.se\/is\/wp-json\/wp\/v2\/pages\/116\/revisions\/219"}],"wp:attachment":[{"href":"https:\/\/xn--arbetstimmarpermnad-gxb.se\/is\/wp-json\/wp\/v2\/media?parent=116"}],"curies":[{"name":"wp","href":"https:\/\/api.w.org\/{rel}","templated":true}]}}