{"id":106,"date":"2022-04-06T16:12:23","date_gmt":"2022-04-06T14:12:23","guid":{"rendered":"https:\/\/xn--arbetstimmarpermnad-gxb.se\/?page_id=106"},"modified":"2022-04-19T14:22:55","modified_gmt":"2022-04-19T12:22:55","slug":"arbetstimmar-per-manad-2022","status":"publish","type":"page","link":"https:\/\/xn--arbetstimmarpermnad-gxb.se\/is\/vinnutimi-a-manudi-2022\/","title":{"rendered":"Vinnut\u00edmi \u00e1 m\u00e1nu\u00f0i 2022"},"content":{"rendered":"<p>\u00deegar tala\u00f0 er um fj\u00f6lda vinnustunda \u00e1 m\u00e1nu\u00f0i \u00e1ri\u00f0 2022 er oftast sagt 160, sem er oft ekki alveg r\u00e9tt. \u00cd \u00e1r (2022) er \u00fea\u00f0 til d\u00e6mis \u00e1 bilinu 152 til 184 vinnustundir me\u00f0 a\u00f0 me\u00f0altali 169 stundir \u00e1 m\u00e1nu\u00f0i! H\u00e9r \u00ed t\u00f6flunni h\u00e9r a\u00f0 ne\u00f0an m\u00e1 sj\u00e1 n\u00e1kv\u00e6mlega hversu marga virka daga, vinnut\u00edma, fj\u00f6lda laugardaga og sunnudaga auk annarra lausra daga, til d\u00e6mis rau\u00f0a daga, J\u00f3nsmessukv\u00f6ld, a\u00f0fangadagskv\u00f6ld og gaml\u00e1rskv\u00f6ld. Vi\u00f0 \u00feau t\u00e6kif\u00e6ri \u00feegar rau\u00f0ur dagur fellur saman vi\u00f0 laugardag e\u00f0a sunnudag er hann innifalinn \u00ed laugardags- og sunnudagsd\u00e1lknum. Einnig reiknum vi\u00f0 me\u00f0 8 t\u00edma virka daga. \u00c1 hva\u00f0a dagar \u00ed Sv\u00ed\u00fej\u00f3\u00f0 eru taldir almennir fr\u00eddagar <a href=\"https:\/\/www.riksdagen.se\/sv\/dokument-lagar\/dokument\/svensk-forfattningssamling\/lag-1989253-om-allmanna-helgdagar_sfs-1989-253\" target=\"_blank\" rel=\"nofollow noopener\" data-schema-attribute=\"\">Lag (1989: 253)<\/a> \u201eFr\u00eddagal\u00f6gin\u201c. Flestir eru \u00fev\u00ed lausir \u00e1 eftirfarandi fr\u00edd\u00f6gum, jafnvel \u00fe\u00f3tt \u00feeir falli saman vi\u00f0 venjulegan virka daga:<\/p>\r\n<ul>\r\n<li><a href=\"https:\/\/xn--arbetstimmarpermnad-gxb.se\/is\/paska-og-hvitasunnudag\/\">P\u00e1skadagur og hv\u00edtasunnudagur<\/a><\/li>\r\n<li><a href=\"https:\/\/xn--arbetstimmarpermnad-gxb.se\/is\/nyarsdag-og-threttanda-dagur-jol\/\">gaml\u00e1rsdagur og \u00ferett\u00e1ndadagur j\u00f3la<\/a><\/li>\r\n<li><a href=\"https:\/\/xn--arbetstimmarpermnad-gxb.se\/is\/forsta-maj\/\">1. ma\u00ed<\/a><\/li>\r\n<li><a href=\"https:\/\/xn--arbetstimmarpermnad-gxb.se\/is\/joladagur-og-annar-dagur-jol\/\">J\u00f3ladagur og a\u00f0fangadagur<\/a><\/li>\r\n<li><a href=\"https:\/\/xn--arbetstimmarpermnad-gxb.se\/is\/fostudagurinn-langi-og-manudagur-paskadagur\/\">F\u00f6studagurinn langi og m\u00e1nudagur um p\u00e1ska<\/a><\/li>\r\n<li><a href=\"https:\/\/xn--arbetstimmarpermnad-gxb.se\/is\/uppstigningardagur\/\">Uppstigningardagur<\/a><\/li>\r\n<li><a href=\"https:\/\/xn--arbetstimmarpermnad-gxb.se\/is\/thjodhatidardagur-svithjodar\/\">\u00dej\u00f3\u00f0h\u00e1t\u00ed\u00f0ardagur Sv\u00ed\u00fej\u00f3\u00f0ar<\/a><\/li>\r\n<li><a href=\"https:\/\/xn--arbetstimmarpermnad-gxb.se\/is\/midsumardag\/\">J\u00f3nsmessudagur<\/a><\/li>\r\n<li><a href=\"https:\/\/xn--arbetstimmarpermnad-gxb.se\/is\/dagur-allra-heilagra\/\">Dagur allra heilagra<\/a><\/li>\r\n<\/ul>\r\n\r\n\r\n\n<table id=\"tablepress-3\" class=\"tablepress tablepress-id-3 tablepress-responsive\">\n<thead>\n<tr class=\"row-1\">\n\t<th class=\"column-1\">M\u00e1nu\u00f0ur<\/th><th class=\"column-2\">Vinnudagar<\/th><th class=\"column-3\">Vinnut\u00edmi<\/th><th class=\"column-4\">Lau &amp; Sun.<\/th><th class=\"column-5\">A\u00f0rir<\/th>\n<\/tr>\n<\/thead>\n<tbody class=\"row-striping row-hover\">\n<tr class=\"row-2\">\n\t<td class=\"column-1\">jan\u00faar<\/td><td class=\"column-2\">20<\/td><td class=\"column-3\">160<\/td><td class=\"column-4\">10<\/td><td class=\"column-5\">1<\/td>\n<\/tr>\n<tr class=\"row-3\">\n\t<td class=\"column-1\">febr\u00faar<\/td><td class=\"column-2\">20<\/td><td class=\"column-3\">160<\/td><td class=\"column-4\">8<\/td><td class=\"column-5\">0<\/td>\n<\/tr>\n<tr class=\"row-4\">\n\t<td class=\"column-1\">mars<\/td><td class=\"column-2\">23<\/td><td class=\"column-3\">184<\/td><td class=\"column-4\">8<\/td><td class=\"column-5\">0<\/td>\n<\/tr>\n<tr class=\"row-5\">\n\t<td class=\"column-1\">apr\u00edl<\/td><td class=\"column-2\">19<\/td><td class=\"column-3\">152<\/td><td class=\"column-4\">9<\/td><td class=\"column-5\">2<\/td>\n<\/tr>\n<tr class=\"row-6\">\n\t<td class=\"column-1\">ma\u00ed<\/td><td class=\"column-2\">21<\/td><td class=\"column-3\">168<\/td><td class=\"column-4\">9<\/td><td class=\"column-5\">1<\/td>\n<\/tr>\n<tr class=\"row-7\">\n\t<td class=\"column-1\">j\u00fan\u00ed<\/td><td class=\"column-2\">20<\/td><td class=\"column-3\">160<\/td><td class=\"column-4\">8<\/td><td class=\"column-5\">2<\/td>\n<\/tr>\n<tr class=\"row-8\">\n\t<td class=\"column-1\">j\u00fal\u00ed<\/td><td class=\"column-2\">21<\/td><td class=\"column-3\">168<\/td><td class=\"column-4\">10<\/td><td class=\"column-5\">0<\/td>\n<\/tr>\n<tr class=\"row-9\">\n\t<td class=\"column-1\">\u00e1g\u00fast<\/td><td class=\"column-2\">23<\/td><td class=\"column-3\">184<\/td><td class=\"column-4\">8<\/td><td class=\"column-5\">0<\/td>\n<\/tr>\n<tr class=\"row-10\">\n\t<td class=\"column-1\">september<\/td><td class=\"column-2\">22<\/td><td class=\"column-3\">176<\/td><td class=\"column-4\">8<\/td><td class=\"column-5\">0<\/td>\n<\/tr>\n<tr class=\"row-11\">\n\t<td class=\"column-1\">okt\u00f3ber<\/td><td class=\"column-2\">21<\/td><td class=\"column-3\">168<\/td><td class=\"column-4\">10<\/td><td class=\"column-5\">0<\/td>\n<\/tr>\n<tr class=\"row-12\">\n\t<td class=\"column-1\">n\u00f3vember<\/td><td class=\"column-2\">22<\/td><td class=\"column-3\">176<\/td><td class=\"column-4\">8<\/td><td class=\"column-5\">0<\/td>\n<\/tr>\n<tr class=\"row-13\">\n\t<td class=\"column-1\">desember<\/td><td class=\"column-2\">21<\/td><td class=\"column-3\">168<\/td><td class=\"column-4\">9<\/td><td class=\"column-5\">1<\/td>\n<\/tr>\n<tr class=\"row-14\">\n\t<td class=\"column-1\"><strong>Heildarvinnut\u00edmi \u00e1 \u00e1ri<\/strong><\/td><td class=\"column-2\"><strong>253<\/strong><\/td><td class=\"column-3\"><strong>2024<\/strong><\/td><td class=\"column-4\"><strong>105<\/strong><\/td><td class=\"column-5\"><strong>7<\/strong><\/td>\n<\/tr>\n<\/tbody>\n<tfoot>\n<tr class=\"row-15\">\n\t<th class=\"column-1\">Me\u00f0altal \/ m\u00e1nu\u00f0ur<\/th><th class=\"column-2\">21<\/th><th class=\"column-3\">169<\/th><th class=\"column-4\">8.75<\/th><th class=\"column-5\">0.58<\/th>\n<\/tr>\n<\/tfoot>\n<\/table>\n<!-- #tablepress-3 from cache -->\n<p>&nbsp;<\/p>\n\r\n\r\n\r\n<style>.wp-show-posts-columns#wpsp-113 {margin-left: -2em; }.wp-show-posts-columns#wpsp-113 .wp-show-posts-inner {margin: 0 0 2em 2em; }<\/style><section id=\"wpsp-113\" class=\"wp-show-posts\" style=\"\"><article class=\"wp-show-posts-single wpsp-clearfix post-152 post type-post status-publish format-standard hentry category-dagar\" itemtype=\"http:\/\/schema.org\/CreativeWork\" itemscope><div class=\"wp-show-posts-inner\" style=\"\">\t\t\t\t\t\t<header class=\"wp-show-posts-entry-header\">\n\t\t\t\t\t\t\t<h2 class=\"wp-show-posts-entry-title\" itemprop=\"headline\"><a href=\"https:\/\/xn--arbetstimmarpermnad-gxb.se\/is\/uppstigningardagur\/\" rel=\"bookmark\">Uppstigningardagur<\/a><\/h2>\t\t\t\t\t\t<\/header><!-- .entry-header -->\n\t\t\t\t\t\t\t\t\t\t\t<div class=\"wp-show-posts-entry-content\" itemprop=\"text\">\n\t\t\t\t\t\t\t<h1 class=\"western\" align=\"JUSTIFY\"><img loading=\"lazy\" decoding=\"async\" class=\"aligncenter size-full wp-image-153\" src=\"https:\/\/xn--arbetstimmarpermnad-gxb.se\/wp-content\/uploads\/2022\/04\/kristi-himmelsfardsdag.jpg\" alt=\"Uppstigningardagur\" width=\"600\" height=\"450\" srcset=\"https:\/\/xn--arbetstimmarpermnad-gxb.se\/wp-content\/uploads\/2022\/04\/kristi-himmelsfardsdag.jpg 600w, https:\/\/xn--arbetstimmarpermnad-gxb.se\/wp-content\/uploads\/2022\/04\/kristi-himmelsfardsdag-300x225.jpg 300w\" sizes=\"auto, (max-width: 600px) 100vw, 600px\" \/>Uppstigningardagur<\/h1>\r\n<p align=\"JUSTIFY\">Uppstigningardagur er mj\u00f6g mikilv\u00e6gur dagur \u00ed kristni. Hann er l\u00edka almennur fr\u00eddagur \u00ed m\u00f6rgum l\u00f6ndum, en hvernig hann er \u00ed raun og veru haldinn h\u00e1t\u00ed\u00f0legur er a\u00f0 m\u00f6rgu leyti mismunandi. \u00cd Sv\u00ed\u00fej\u00f3\u00f0 \u00e1 h\u00fan s\u00e9r langa s\u00f6gu sem tengist \u00e1 margan h\u00e1tt l\u00edka fyrir kristna t\u00edma.<\/p>\r\n<p align=\"JUSTIFY\">H\u00e9r eru sm\u00e1 uppl\u00fdsingar um uppstigningardag Krists og hva\u00f0 einkennir hann \u00ed n\u00fat\u00edmanum.<\/p>\r\n\r\n<h2 class=\"western\" align=\"JUSTIFY\">Kristi\u00f0 og um lei\u00f0 forkristi\u00f0<\/h2>\r\n<p align=\"JUSTIFY\">Uppstigningardagur er kristin h\u00e1t\u00ed\u00f0 sem mi\u00f0ar a\u00f0 \u00fev\u00ed a\u00f0 marka daginn \u00feegar Jes\u00fas yfirgaf jar\u00f0neskt l\u00edf til himna. \u00dea\u00f0 fer alltaf fram \u00e1 40. degi eftir p\u00e1ska. \u00dear sem \u00feetta er alltaf fimmtudagur hefur dagurinn stundum veri\u00f0 nefndur heilagur fimmtudagur.<\/p>\r\n<p align=\"JUSTIFY\">\u00dea\u00f0 er mj\u00f6g mismunandi hvernig \u00fev\u00ed er fagna\u00f0 eftir \u00fev\u00ed hversu miki\u00f0 land hefur or\u00f0i\u00f0 veraldlegt. Hef\u00f0bundnari h\u00e1t\u00ed\u00f0 uppstigningar Krists felur \u00ed s\u00e9r gu\u00f0s\u00fej\u00f3nustu og heims\u00f3kn \u00ed kirkjugar\u00f0inn \u00fear sem \u00e1stvinir eru.<\/p>\r\n<p align=\"JUSTIFY\">\u00dea\u00f0 sem gefur \u00fev\u00ed s\u00e9rstaka s\u00e9rst\u00f6\u00f0u \u00ed Sv\u00ed\u00fej\u00f3\u00f0 er a\u00f0 uppstigningardagur fellur einnig saman vi\u00f0 \u00feann dag \u00feegar b\u00e6ndur sleppa k\u00fanum \u00e1 haga. \u00deess vegna er dagurinn s\u00f6gulega \u00feekktur sem dagur beitarsleppingar \/ k\u00faasleppingar. \u00deetta \u00fe\u00fd\u00f0ir a\u00f0 menningarlega \u00e1 h\u00fan s\u00e9r einnig festu \u00ed b\u00e6ndasamf\u00e9laginu sem er a\u00f0 m\u00f6rgu leyti eldri en saga kristni \u00ed Sv\u00ed\u00fej\u00f3\u00f0.<\/p>\r\n\r\n<h2 class=\"western\" align=\"JUSTIFY\">H\u00e1t\u00ed\u00f0 sem f\u00e1ir halda upp \u00e1<\/h2>\r\n<p align=\"JUSTIFY\">Uppstigningardagur fellur \u00ed m\u00f6rgum tilfellum saman vi\u00f0 \u00fej\u00f3\u00f0h\u00e1t\u00ed\u00f0ardag Sv\u00ed\u00fej\u00f3\u00f0ar \u00e1 \u00feann h\u00e1tt a\u00f0 saman mynda \u00feeir s\u00e9rlega langa helgi. \u00deess vegna ver\u00f0ur uppstigningardagur stundum hluti af lengsta helgart\u00edmabili Sv\u00ed\u00fej\u00f3\u00f0ar.<\/p>\r\n<p align=\"JUSTIFY\">\u00der\u00e1tt fyrir st\u00f6\u00f0u s\u00edna sem fr\u00eddagur er tilt\u00f6lulega \u00f3venjulegt \u00ed Sv\u00ed\u00fej\u00f3\u00f0 a\u00f0 halda uppstigningardag. \u00dea\u00f0 eru samt a\u00f0allega kristnir og tr\u00faa\u00f0ir sem a\u00f0 einhverju leyti gefa deginum gaum. En fagna\u00f0arl\u00e6tin hafa aukist og margir sp\u00e1 \u00fev\u00ed a\u00f0 \u00fea\u00f0 ver\u00f0i br\u00e1\u00f0um st\u00e6rra fyrirb\u00e6ri en \u00fea\u00f0 hefur veri\u00f0 \u00e1\u00f0ur.<\/p>\t\t\t\t\t\t<\/div><!-- .entry-content -->\n\t\t\t\t\t<div class=\"wpsp-read-more\"><a title=\"Uppstigningardagur\" class=\"wp-show-posts-read-more\" href=\"https:\/\/xn--arbetstimmarpermnad-gxb.se\/is\/uppstigningardagur\/\">Lestu meira...<\/a><\/div><\/div><!-- wp-show-posts-inner --><div class=\"wpsp-clear\"><\/div><\/article><article class=\"wp-show-posts-single wpsp-clearfix post-135 post type-post status-publish format-standard hentry category-dagar\" itemtype=\"http:\/\/schema.org\/CreativeWork\" itemscope><div class=\"wp-show-posts-inner\" style=\"\">\t\t\t\t\t\t<header class=\"wp-show-posts-entry-header\">\n\t\t\t\t\t\t\t<h2 class=\"wp-show-posts-entry-title\" itemprop=\"headline\"><a href=\"https:\/\/xn--arbetstimmarpermnad-gxb.se\/is\/forsta-maj\/\" rel=\"bookmark\">1. ma\u00ed<\/a><\/h2>\t\t\t\t\t\t<\/header><!-- .entry-header -->\n\t\t\t\t\t\t\t\t\t\t\t<div class=\"wp-show-posts-entry-content\" itemprop=\"text\">\n\t\t\t\t\t\t\t<h1 class=\"western\" align=\"JUSTIFY\"><img loading=\"lazy\" decoding=\"async\" class=\"aligncenter size-full wp-image-136\" src=\"https:\/\/xn--arbetstimmarpermnad-gxb.se\/wp-content\/uploads\/2022\/04\/forsta-maj.jpg\" alt=\"Fyrsti ma\u00ed - 1. ma\u00ed\" width=\"732\" height=\"135\" srcset=\"https:\/\/xn--arbetstimmarpermnad-gxb.se\/wp-content\/uploads\/2022\/04\/forsta-maj.jpg 732w, https:\/\/xn--arbetstimmarpermnad-gxb.se\/wp-content\/uploads\/2022\/04\/forsta-maj-300x55.jpg 300w\" sizes=\"auto, (max-width: 732px) 100vw, 732px\" \/>1. ma\u00ed<\/h1>\n<p align=\"JUSTIFY\">Fr\u00e1 lokum 19. aldar hefur ma\u00ed veri\u00f0 ein mikilv\u00e6gasta endurtekna h\u00e1t\u00ed\u00f0 og vi\u00f0bur\u00f0ur verkal\u00fd\u00f0shreyfingarinnar. Saga \u00feess er n\u00e1tengd uppgangi s\u00f3s\u00edalismans \u00ed Evr\u00f3pu og hefur haft mj\u00f6g sterkan sess, ekki s\u00edst \u00ed Sv\u00ed\u00fej\u00f3\u00f0.<\/p>\n<p align=\"JUSTIFY\">En um hva\u00f0 sn\u00fdst fyrsti ma\u00ed eiginlega?<\/p>\n<h2 class=\"western\" align=\"JUSTIFY\">V\u00f6xtur verkal\u00fd\u00f0shreyfingarinnar<\/h2>\n<p align=\"JUSTIFY\">\u00der\u00e1tt fyrir a\u00f0 Bandar\u00edkin s\u00e9u n\u00fa a\u00f0allega tengd hinum frj\u00e1lsa marka\u00f0i, \u00fe\u00e1 er \u00fea\u00f0 \u00ed rauninni \u00fea\u00f0an sem fyrsti ma\u00ed er upprunninn. \u00der\u00e1tt fyrir a\u00f0 hugmyndin um a\u00f0 skipuleggja verk eigi s\u00e9r mun lengri s\u00f6gu, telja flestir a\u00f0 fyrirmynd hennar s\u00e9 \u00e1kv\u00f6r\u00f0un sem tekin var \u00e1ri\u00f0 1884 \u00ed Bandar\u00edkjunum. Bandar\u00edska verkal\u00fd\u00f0shreyfingin (AFL) \u00e1kva\u00f0 a\u00f0 krefjast v\u00ed\u00f0t\u00e6krar takm\u00f6rkunar \u00e1 vinnudegi vi\u00f0 \u00e1tta klukkustundir.<\/p>\n<p>The Second International var stofnun sem stofnu\u00f0 var \u00ed Par\u00eds til a\u00f0 marka eins konar t\u00e1knr\u00e6na framlengingu fr\u00f6nsku byltingarinnar, \u00e1 sama t\u00edma og h\u00fan bar\u00f0i h\u00f6gg fyrir r\u00e9ttindi framt\u00ed\u00f0arverkamanna. Myndun \u00feeirra \u00e1ri\u00f0 1889 er einnig venjulega liti\u00f0 \u00e1 sem eins konar upphaf fyrstu kornst\u00f6\u00f0u sem opinberan fr\u00eddag.<\/p>\n<p>Verkal\u00fd\u00f0shreyfingin hefur s\u00ed\u00f0an veri\u00f0 dreif\u00f0 f\u00e9lagshreyfing me\u00f0 \u00e1herslu \u00e1 a\u00f0 b\u00e6ta r\u00e9ttindi launaf\u00f3lks. Hugtaki\u00f0 er v\u00edtt og tekur b\u00e6\u00f0i til skipul\u00f6g\u00f0ra verkal\u00fd\u00f0sf\u00e9laga og metna\u00f0ar og tj\u00e1ningar einstaklinga. Verkal\u00fd\u00f0shreyfingin hefur starfa\u00f0 \u00ed m\u00f6rgum l\u00f6ndum \u00ed gegnum t\u00ed\u00f0ina, en h\u00fan hefur n\u00e1\u00f0 bestum \u00e1rangri \u00ed vestr\u00e6num i\u00f0nr\u00edkjum. Verkal\u00fd\u00f0shreyfingin tengist oft s\u00f3s\u00edal\u00edskum og komm\u00fan\u00edskum stj\u00f3rnm\u00e1laflokkum og samt\u00f6kum, en h\u00fan er ekki endilega bundin vi\u00f0 einhverja s\u00e9rstaka hugmyndafr\u00e6\u00f0i.<\/p>\n<h2 class=\"western\">Fyrsta ma\u00ed lestin<\/h2>\n<p>S\u00e9rstakt t\u00e1kn fyrir fyrsta ma\u00ed er fyrsta ma\u00ed lestin sem fer \u00e1rlega \u00ed nokkrum l\u00f6ndum. Ekki s\u00edst \u00ed Sv\u00ed\u00fej\u00f3\u00f0 hefur \u00fea\u00f0 haft mj\u00f6g sterka st\u00f6\u00f0u. Lagi\u00f0 Internationalen er v\u00ed\u00f0a meira og minna opinbert \u00feemalag lestarinnar. \u00der\u00e1tt fyrir a\u00f0 lestin s\u00e9 algeng hafa \u00feeir \u00e1fram umdeilda st\u00f6\u00f0u v\u00ed\u00f0a um heim \u00fear sem verkal\u00fd\u00f0shreyfingin er ekki enn sam\u00feykkt.<\/p>\n<p align=\"JUSTIFY\">\n\t\t\t\t\t\t<\/div><!-- .entry-content -->\n\t\t\t\t\t<div class=\"wpsp-read-more\"><a title=\"1. ma\u00ed\" class=\"wp-show-posts-read-more\" href=\"https:\/\/xn--arbetstimmarpermnad-gxb.se\/is\/forsta-maj\/\">Lestu meira...<\/a><\/div><\/div><!-- wp-show-posts-inner --><div class=\"wpsp-clear\"><\/div><\/article><\/section><!-- .wp-show-posts -->","protected":false},"excerpt":{"rendered":"<p>N\u00e4r man pratar om antal arbetstimmar per m\u00e5nad 2022 brukar man s\u00e4ga 160 vilket ju ofta inte riktigt st\u00e4mmer. I \u00e5r (2022) \u00e4r det ju till exempel mellan 152 och 184 arbetstimmar med ett genomsnitt p\u00e5 hela 169 timmar per m\u00e5nad! H\u00e4r i tabellen under kan du se exakt hur m\u00e5nga arbetsdagar, arbetstimmar, antal l\u00f6rdagar [&hellip;]<\/p>","protected":false},"author":1,"featured_media":0,"parent":0,"menu_order":0,"comment_status":"closed","ping_status":"closed","template":"","meta":{"site-sidebar-layout":"default","site-content-layout":"default","ast-site-content-layout":"","site-content-style":"default","site-sidebar-style":"default","ast-global-header-display":"","ast-banner-title-visibility":"","ast-main-header-display":"","ast-hfb-above-header-display":"","ast-hfb-below-header-display":"","ast-hfb-mobile-header-display":"","site-post-title":"","ast-breadcrumbs-content":"","ast-featured-img":"","footer-sml-layout":"","theme-transparent-header-meta":"default","adv-header-id-meta":"","stick-header-meta":"","header-above-stick-meta":"","header-main-stick-meta":"","header-below-stick-meta":"","astra-migrate-meta-layouts":"default","ast-page-background-enabled":"default","ast-page-background-meta":{"desktop":{"background-color":"var(--ast-global-color-4)","background-image":"","background-repeat":"repeat","background-position":"center center","background-size":"auto","background-attachment":"scroll","background-type":"","background-media":"","overlay-type":"","overlay-color":"","overlay-opacity":"","overlay-gradient":""},"tablet":{"background-color":"","background-image":"","background-repeat":"repeat","background-position":"center center","background-size":"auto","background-attachment":"scroll","background-type":"","background-media":"","overlay-type":"","overlay-color":"","overlay-opacity":"","overlay-gradient":""},"mobile":{"background-color":"","background-image":"","background-repeat":"repeat","background-position":"center center","background-size":"auto","background-attachment":"scroll","background-type":"","background-media":"","overlay-type":"","overlay-color":"","overlay-opacity":"","overlay-gradient":""}},"ast-content-background-meta":{"desktop":{"background-color":"var(--ast-global-color-5)","background-image":"","background-repeat":"repeat","background-position":"center center","background-size":"auto","background-attachment":"scroll","background-type":"","background-media":"","overlay-type":"","overlay-color":"","overlay-opacity":"","overlay-gradient":""},"tablet":{"background-color":"var(--ast-global-color-5)","background-image":"","background-repeat":"repeat","background-position":"center center","background-size":"auto","background-attachment":"scroll","background-type":"","background-media":"","overlay-type":"","overlay-color":"","overlay-opacity":"","overlay-gradient":""},"mobile":{"background-color":"var(--ast-global-color-5)","background-image":"","background-repeat":"repeat","background-position":"center center","background-size":"auto","background-attachment":"scroll","background-type":"","background-media":"","overlay-type":"","overlay-color":"","overlay-opacity":"","overlay-gradient":""}},"footnotes":""},"class_list":["post-106","page","type-page","status-publish","hentry"],"_links":{"self":[{"href":"https:\/\/xn--arbetstimmarpermnad-gxb.se\/is\/wp-json\/wp\/v2\/pages\/106","targetHints":{"allow":["GET"]}}],"collection":[{"href":"https:\/\/xn--arbetstimmarpermnad-gxb.se\/is\/wp-json\/wp\/v2\/pages"}],"about":[{"href":"https:\/\/xn--arbetstimmarpermnad-gxb.se\/is\/wp-json\/wp\/v2\/types\/page"}],"author":[{"embeddable":true,"href":"https:\/\/xn--arbetstimmarpermnad-gxb.se\/is\/wp-json\/wp\/v2\/users\/1"}],"replies":[{"embeddable":true,"href":"https:\/\/xn--arbetstimmarpermnad-gxb.se\/is\/wp-json\/wp\/v2\/comments?post=106"}],"version-history":[{"count":14,"href":"https:\/\/xn--arbetstimmarpermnad-gxb.se\/is\/wp-json\/wp\/v2\/pages\/106\/revisions"}],"predecessor-version":[{"id":171,"href":"https:\/\/xn--arbetstimmarpermnad-gxb.se\/is\/wp-json\/wp\/v2\/pages\/106\/revisions\/171"}],"wp:attachment":[{"href":"https:\/\/xn--arbetstimmarpermnad-gxb.se\/is\/wp-json\/wp\/v2\/media?parent=106"}],"curies":[{"name":"wp","href":"https:\/\/api.w.org\/{rel}","templated":true}]}}