{"id":248,"date":"2025-01-13T13:09:53","date_gmt":"2025-01-13T12:09:53","guid":{"rendered":"https:\/\/xn--arbetstimmarpermnad-gxb.se\/?page_id=248"},"modified":"2025-01-13T13:09:53","modified_gmt":"2025-01-13T12:09:53","slug":"arbetstimmar-per-manad-2026","status":"publish","type":"page","link":"https:\/\/xn--arbetstimmarpermnad-gxb.se\/fi\/","title":{"rendered":"Arbetstimmar per m\u00e5nad 2026"},"content":{"rendered":"<table id=\"tablepress-8\" class=\"tablepress tablepress-id-8 tablepress-responsive\">\n<thead>\n<tr class=\"row-1\">\n\t<th class=\"column-1\">Kuukausi<\/th><th class=\"column-2\">Ty\u00f6p\u00e4iv\u00e4t<\/th><th class=\"column-3\">Ty\u00f6tunnit<\/th><th class=\"column-4\">la &amp; su.<\/th><th class=\"column-5\">muut<\/th>\n<\/tr>\n<\/thead>\n<tbody class=\"row-striping row-hover\">\n<tr class=\"row-2\">\n\t<td class=\"column-1\">tammikuu<\/td><td class=\"column-2\">21<\/td><td class=\"column-3\">168<\/td><td class=\"column-4\">9<\/td><td class=\"column-5\">1<\/td>\n<\/tr>\n<tr class=\"row-3\">\n\t<td class=\"column-1\">helmikuu<\/td><td class=\"column-2\">20<\/td><td class=\"column-3\">160<\/td><td class=\"column-4\">8<\/td><td class=\"column-5\">0<\/td>\n<\/tr>\n<tr class=\"row-4\">\n\t<td class=\"column-1\">maaliskuuta<\/td><td class=\"column-2\">22<\/td><td class=\"column-3\">176<\/td><td class=\"column-4\">9<\/td><td class=\"column-5\">0<\/td>\n<\/tr>\n<tr class=\"row-5\">\n\t<td class=\"column-1\">huhtikuu<\/td><td class=\"column-2\">20<\/td><td class=\"column-3\">160<\/td><td class=\"column-4\">9<\/td><td class=\"column-5\">3<\/td>\n<\/tr>\n<tr class=\"row-6\">\n\t<td class=\"column-1\">saattaa<\/td><td class=\"column-2\">21<\/td><td class=\"column-3\">168<\/td><td class=\"column-4\">10<\/td><td class=\"column-5\">2<\/td>\n<\/tr>\n<tr class=\"row-7\">\n\t<td class=\"column-1\">kes\u00e4kuuta<\/td><td class=\"column-2\">19<\/td><td class=\"column-3\">152<\/td><td class=\"column-4\">8<\/td><td class=\"column-5\">3<\/td>\n<\/tr>\n<tr class=\"row-8\">\n\t<td class=\"column-1\">hein\u00e4kuu<\/td><td class=\"column-2\">21<\/td><td class=\"column-3\">168<\/td><td class=\"column-4\">10<\/td><td class=\"column-5\">0<\/td>\n<\/tr>\n<tr class=\"row-9\">\n\t<td class=\"column-1\">elokuu<\/td><td class=\"column-2\">22<\/td><td class=\"column-3\">176<\/td><td class=\"column-4\">9<\/td><td class=\"column-5\">0<\/td>\n<\/tr>\n<tr class=\"row-10\">\n\t<td class=\"column-1\">syyskuu<\/td><td class=\"column-2\">21<\/td><td class=\"column-3\">168<\/td><td class=\"column-4\">9<\/td><td class=\"column-5\">0<\/td>\n<\/tr>\n<tr class=\"row-11\">\n\t<td class=\"column-1\">lokakuu<\/td><td class=\"column-2\">22<\/td><td class=\"column-3\">176<\/td><td class=\"column-4\">9<\/td><td class=\"column-5\">0<\/td>\n<\/tr>\n<tr class=\"row-12\">\n\t<td class=\"column-1\">marraskuu<\/td><td class=\"column-2\">20<\/td><td class=\"column-3\">160<\/td><td class=\"column-4\">10<\/td><td class=\"column-5\">0<\/td>\n<\/tr>\n<tr class=\"row-13\">\n\t<td class=\"column-1\">joulukuu<\/td><td class=\"column-2\">20<\/td><td class=\"column-3\">160<\/td><td class=\"column-4\">11<\/td><td class=\"column-5\">3<\/td>\n<\/tr>\n<tr class=\"row-14\">\n\t<td class=\"column-1\"><strong>Vuotuinen ty\u00f6aika yhteens\u00e4<\/strong><\/td><td class=\"column-2\"><strong>249<\/strong><\/td><td class=\"column-3\"><strong>1992<\/strong><\/td><td class=\"column-4\"><strong>111<\/strong><\/td><td class=\"column-5\"><strong>12<\/strong><\/td>\n<\/tr>\n<\/tbody>\n<tfoot>\n<tr class=\"row-15\">\n\t<th class=\"column-1\">Keskim\u00e4\u00e4r\u00e4inen \/ kuukausi<\/th><th class=\"column-2\">20.75<\/th><th class=\"column-3\">166<\/th><th class=\"column-4\">9.25<\/th><th class=\"column-5\">1<\/th>\n<\/tr>\n<\/tfoot>\n<\/table>\n<!-- #tablepress-8 from cache -->\n<style>.wp-show-posts-columns#wpsp-113 {margin-left: -2em; }.wp-show-posts-columns#wpsp-113 .wp-show-posts-inner {margin: 0 0 2em 2em; }<\/style><section id=\"wpsp-113\" class=\"wp-show-posts\" style=\"\"><article class=\"wp-show-posts-single wpsp-clearfix post-167 post type-post status-publish format-standard hentry category-dagar\" itemtype=\"http:\/\/schema.org\/CreativeWork\" itemscope><div class=\"wp-show-posts-inner\" style=\"\">\t\t\t\t\t\t<header class=\"wp-show-posts-entry-header\">\n\t\t\t\t\t\t\t<h2 class=\"wp-show-posts-entry-title\" itemprop=\"headline\"><a href=\"https:\/\/xn--arbetstimmarpermnad-gxb.se\/fi\/pyhainpaiva\/\" rel=\"bookmark\">Pyh\u00e4inp\u00e4iv\u00e4<\/a><\/h2>\t\t\t\t\t\t<\/header><!-- .entry-header -->\n\t\t\t\t\t\t\t\t\t\t\t<div class=\"wp-show-posts-entry-content\" itemprop=\"text\">\n\t\t\t\t\t\t\t<p><img loading=\"lazy\" decoding=\"async\" class=\"aligncenter size-large wp-image-168\" src=\"https:\/\/xn--arbetstimmarpermnad-gxb.se\/wp-content\/uploads\/2022\/04\/alla-helgons-dag-1024x577.webp\" alt=\"Pyh\u00e4inp\u00e4iv\u00e4\" width=\"1024\" height=\"577\" srcset=\"https:\/\/xn--arbetstimmarpermnad-gxb.se\/wp-content\/uploads\/2022\/04\/alla-helgons-dag-1024x577.webp 1024w, https:\/\/xn--arbetstimmarpermnad-gxb.se\/wp-content\/uploads\/2022\/04\/alla-helgons-dag-300x169.webp 300w, https:\/\/xn--arbetstimmarpermnad-gxb.se\/wp-content\/uploads\/2022\/04\/alla-helgons-dag-768x432.webp 768w, https:\/\/xn--arbetstimmarpermnad-gxb.se\/wp-content\/uploads\/2022\/04\/alla-helgons-dag-1536x865.webp 1536w, https:\/\/xn--arbetstimmarpermnad-gxb.se\/wp-content\/uploads\/2022\/04\/alla-helgons-dag-2048x1153.webp 2048w\" sizes=\"auto, (max-width: 1024px) 100vw, 1024px\" \/><\/p>\n<h1 class=\"western\" align=\"JUSTIFY\">Pyh\u00e4inp\u00e4iv\u00e4<\/h1>\n<p align=\"JUSTIFY\">Pyhien p\u00e4iv\u00e4 on hyvin monipuolinen juhla, jonka historia on tavallaan piilossa h\u00e4m\u00e4r\u00e4ss\u00e4. Mutta kristillisen\u00e4 perinteen\u00e4 se on osoittautunut ep\u00e4tavallisen monitahoiseksi ja el\u00e4v\u00e4ksi. T\u00e4m\u00e4 on tehnyt sit\u00e4 juhlittu monin eri tavoin riippuen siit\u00e4, miss\u00e4 olet maailmassa.<\/p>\n<p align=\"JUSTIFY\">Olemme katsoneet pyh\u00e4inp\u00e4iv\u00e4\u00e4 ja n\u00e4hneet, mik\u00e4 erottaa sen muista.<\/p>\n<h2 class=\"western\" align=\"JUSTIFY\">Yleinen, mutta v\u00e4\u00e4rinymm\u00e4rretty p\u00e4iv\u00e4<\/h2>\n<p align=\"JUSTIFY\">Pyh\u00e4inp\u00e4iv\u00e4n l\u00e4ht\u00f6kohtana pidet\u00e4\u00e4n tyypillisesti kirkollista pyrkimyst\u00e4 kiinnitt\u00e4\u00e4 pyhien ja marttyyrien huomio uhrauksiinsa. Kaikkien pyhien p\u00e4iv\u00e4 on kristillinen juhla, jossa juhlitaan kaikkien pyhien el\u00e4m\u00e4\u00e4. Se, milloin sit\u00e4 juhlitaan, vaihtelee eri puolilla maailmaa, mutta yleens\u00e4 se tapahtuu 1. marraskuuta tai joskus 31. lokakuuta ja 6. marraskuuta v\u00e4lill\u00e4.<\/p>\n<p align=\"JUSTIFY\">Mutta mik\u00e4 pyhimys oikein on? Pyhimys on henkil\u00f6, jonka kirkko on tunnustanut saavuttaneen eritt\u00e4in korkean pyhyyden ja hyveen tason.<\/p>\n<p align=\"JUSTIFY\">Ajan my\u00f6t\u00e4 pyhimysten p\u00e4iv\u00e4st\u00e4 on kuitenkin tullut enemm\u00e4n maallisesta el\u00e4m\u00e4st\u00e4 l\u00e4hteneiden ihmisten yleist\u00e4 huomiota. Olipa kyse pyhimyksist\u00e4 tai omista rakkaistamme. Siksi nykyp\u00e4iv\u00e4n pyh\u00e4inp\u00e4iv\u00e4n viett\u00e4minen liittyy l\u00e4heisesti hautausmaalla vierailemiseen. Kynttil\u00f6iden sytt\u00e4minen ja haudalla k\u00e4ynti on huomattavasti yleisemp\u00e4\u00e4 kuin kirkossa viett\u00e4minen.<\/p>\n<p align=\"JUSTIFY\">Monissa paikoissa p\u00e4iv\u00e4 todenn\u00e4k\u00f6isesti liittyy enemm\u00e4n Halloweeniin, vaikka ne eiv\u00e4t oikeastaan liity muuten kuin ett\u00e4 ne tapahtuvat per\u00e4kk\u00e4in. T\u00e4m\u00e4n katsotaan yleens\u00e4 johtuvan kielellisest\u00e4 yhteydest\u00e4.<\/p>\n<p align=\"JUSTIFY\">Pyh\u00e4inp\u00e4iv\u00e4 on edelleen suosittu juhla, mutta sit\u00e4 vietet\u00e4\u00e4n monin eri tavoin. Omana aikanamme se on luultavasti kohdannut monella tapaa suurta kilpailua Halloweenin kanssa, vaikka n\u00e4ill\u00e4 kahdella ilmi\u00f6ll\u00e4 on t\u00e4ysin eri alkuper\u00e4.<\/p>\n<div class=\"ast-oembed-container\" style=\"height: 100%;\"><iframe loading=\"lazy\" title=\"Ruotsin juhlapyh\u00e4t - pyhimysten p\u00e4iv\u00e4 - pyhimysten p\u00e4iv\u00e4\" width=\"500\" height=\"281\" src=\"https:\/\/www.youtube.com\/embed\/Ff2CfhMfbPQ?feature=oembed\" frameborder=\"0\" allow=\"accelerometer; autoplay; clipboard-write; encrypted-media; gyroscope; picture-in-picture; web-share\" referrerpolicy=\"strict-origin-when-cross-origin\" allowfullscreen><\/iframe><\/div>\n\t\t\t\t\t\t<\/div><!-- .entry-content -->\n\t\t\t\t\t<div class=\"wpsp-read-more\"><a title=\"Pyh\u00e4inp\u00e4iv\u00e4\" class=\"wp-show-posts-read-more\" href=\"https:\/\/xn--arbetstimmarpermnad-gxb.se\/fi\/pyhainpaiva\/\">Lue lis\u00e4\u00e4...<\/a><\/div><\/div><!-- wp-show-posts-inner --><div class=\"wpsp-clear\"><\/div><\/article><article class=\"wp-show-posts-single wpsp-clearfix post-122 post type-post status-publish format-standard hentry category-dagar\" itemtype=\"http:\/\/schema.org\/CreativeWork\" itemscope><div class=\"wp-show-posts-inner\" style=\"\">\t\t\t\t\t\t<header class=\"wp-show-posts-entry-header\">\n\t\t\t\t\t\t\t<h2 class=\"wp-show-posts-entry-title\" itemprop=\"headline\"><a href=\"https:\/\/xn--arbetstimmarpermnad-gxb.se\/fi\/paasiainen-ja-helluntai\/\" rel=\"bookmark\">P\u00e4\u00e4si\u00e4isp\u00e4iv\u00e4 ja helluntai<\/a><\/h2>\t\t\t\t\t\t<\/header><!-- .entry-header -->\n\t\t\t\t\t\t\t\t\t\t\t<div class=\"wp-show-posts-entry-content\" itemprop=\"text\">\n\t\t\t\t\t\t\t<h1><img loading=\"lazy\" decoding=\"async\" class=\"aligncenter size-large wp-image-124\" src=\"https:\/\/xn--arbetstimmarpermnad-gxb.se\/wp-content\/uploads\/2021\/03\/paskdagen-och-pingstdagen-1024x684.webp\" alt=\"P\u00e4\u00e4si\u00e4isp\u00e4iv\u00e4 ja helluntai\" width=\"1024\" height=\"684\" srcset=\"https:\/\/xn--arbetstimmarpermnad-gxb.se\/wp-content\/uploads\/2021\/03\/paskdagen-och-pingstdagen-1024x684.webp 1024w, https:\/\/xn--arbetstimmarpermnad-gxb.se\/wp-content\/uploads\/2021\/03\/paskdagen-och-pingstdagen-300x200.webp 300w, https:\/\/xn--arbetstimmarpermnad-gxb.se\/wp-content\/uploads\/2021\/03\/paskdagen-och-pingstdagen-768x513.webp 768w, https:\/\/xn--arbetstimmarpermnad-gxb.se\/wp-content\/uploads\/2021\/03\/paskdagen-och-pingstdagen.webp 1200w\" sizes=\"auto, (max-width: 1024px) 100vw, 1024px\" \/>P\u00e4\u00e4si\u00e4isp\u00e4iv\u00e4 ja helluntai<\/h1>\n<p>P\u00e4\u00e4si\u00e4inen ja helluntai ovat per\u00e4isin l\u00e4hes muinaisista ajoista, ja ne toistuvat jatkuvasti hyvin monissa ruotsalaisissa kotitalouksissa. Ainutlaatuista ruotsalaisessa juhlassa on sen sijaan se, ett\u00e4 siin\u00e4 yhdistyv\u00e4t kristilliset perinteet alkuper\u00e4iskansojen elementteihin, jotka ulottuvat vanhannorjalaiseen kulttuuriin. Siksi niiden ruotsalaisten vuosikertojen lomilla on monia asioita, joille ei ole vastaavaa muualla maailmassa.<\/p>\n<p>Mutta mist\u00e4 niiss\u00e4 oikein on kyse? Ja miten me juhlimme niit\u00e4?<\/p>\n<h2>p\u00e4\u00e4si\u00e4isp\u00e4iv\u00e4<\/h2>\n<p>P\u00e4\u00e4si\u00e4inen on vuosittainen kristillinen juhla, jossa juhlitaan Jeesuksen yl\u00f6snousemusta. Siksi sit\u00e4 kutsutaan my\u00f6s yl\u00f6snousemusp\u00e4iv\u00e4ksi. Se tapahtuu aina kev\u00e4tp\u00e4iv\u00e4ntasauksen j\u00e4lkeisen ensimm\u00e4isen ns. kirkollisen t\u00e4ysikuun j\u00e4lkeisen\u00e4 sunnuntaina. Siksi se tapahtuu eri p\u00e4ivin\u00e4 joka vuosi.<\/p>\n<p>Miten p\u00e4\u00e4si\u00e4ist\u00e4 sitten vietet\u00e4\u00e4n?<\/p>\n<ul>\n<li>Sy\u00f6 erikoisruokia, kuten lammasta, joka juontaa juurensa sek\u00e4 uhrilammasta ett\u00e4 esikristillisest\u00e4 blotista. Sukulaisia ja yst\u00e4vi\u00e4 kutsutaan usein.<\/li>\n<li>Erikoiskoristeita ja makeisia, joissa painopiste on kananmunissa, joiden juuret ovat joidenkin mielest\u00e4 uudestisyntymisen idea. Monet ihmiset haluavat keskitty\u00e4 munanmets\u00e4stykseen ja yll\u00e4tyksiin<\/li>\n<\/ul>\n<p>Ruotsalaisella ja modernilla tavalla juhla on monella tapaa osittain maallistunut. Siksi juhlat vaihtelevat suuresti.<\/p>\n<h2>Helluntai<\/h2>\n<p>Helluntai on kristillinen juhla, jolloin vietet\u00e4\u00e4n Pyh\u00e4n Hengen ilmestymist\u00e4 niille, joista tuli Jeesuksen apostoleita. T\u00e4st\u00e4 syyst\u00e4 p\u00e4iv\u00e4\u00e4 kutsutaan joskus modernin kirkon syntym\u00e4p\u00e4iv\u00e4ksi. P\u00e4iv\u00e4n ajankohta vaihtelee 10. toukokuuta ja 26. kes\u00e4kuuta v\u00e4lill\u00e4 riippuen sek\u00e4 vuodesta ett\u00e4 seurakunnasta.<\/p>\n<p>Toisin kuin p\u00e4\u00e4si\u00e4isen viett\u00e4minen, helluntaiden viett\u00e4minen ei ole saavuttanut suurta suosiota niiden keskuudessa, jotka eiv\u00e4t osallistu kirkon toimintaan. Helluntain viett\u00e4minen liittyy siksi edelleen l\u00e4heisesti helluntaihin ja seurakunnan toimintaan. Toisin kuin p\u00e4\u00e4si\u00e4isp\u00e4iv\u00e4, monet uskovat, ett\u00e4 helluntain tulisi olla toteuttaessaan spartalaista ja keskitty\u00e4 huomioimaan ja hy\u00f6dynt\u00e4m\u00e4\u00e4n sit\u00e4, mit\u00e4 ymp\u00e4rill\u00e4mme on.<\/p>\n\t\t\t\t\t\t<\/div><!-- .entry-content -->\n\t\t\t\t\t<div class=\"wpsp-read-more\"><a title=\"P\u00e4\u00e4si\u00e4isp\u00e4iv\u00e4 ja helluntai\" class=\"wp-show-posts-read-more\" href=\"https:\/\/xn--arbetstimmarpermnad-gxb.se\/fi\/paasiainen-ja-helluntai\/\">Lue lis\u00e4\u00e4...<\/a><\/div><\/div><!-- wp-show-posts-inner --><div class=\"wpsp-clear\"><\/div><\/article><\/section><!-- .wp-show-posts -->","protected":false},"excerpt":{"rendered":"","protected":false},"author":1,"featured_media":0,"parent":0,"menu_order":0,"comment_status":"closed","ping_status":"closed","template":"","meta":{"site-sidebar-layout":"default","site-content-layout":"default","ast-site-content-layout":"","site-content-style":"default","site-sidebar-style":"default","ast-global-header-display":"","ast-banner-title-visibility":"","ast-main-header-display":"","ast-hfb-above-header-display":"","ast-hfb-below-header-display":"","ast-hfb-mobile-header-display":"","site-post-title":"","ast-breadcrumbs-content":"","ast-featured-img":"","footer-sml-layout":"","theme-transparent-header-meta":"default","adv-header-id-meta":"","stick-header-meta":"","header-above-stick-meta":"","header-main-stick-meta":"","header-below-stick-meta":"","astra-migrate-meta-layouts":"default","ast-page-background-enabled":"default","ast-page-background-meta":{"desktop":{"background-color":"var(--ast-global-color-4)","background-image":"","background-repeat":"repeat","background-position":"center center","background-size":"auto","background-attachment":"scroll","background-type":"","background-media":"","overlay-type":"","overlay-color":"","overlay-opacity":"","overlay-gradient":""},"tablet":{"background-color":"","background-image":"","background-repeat":"repeat","background-position":"center center","background-size":"auto","background-attachment":"scroll","background-type":"","background-media":"","overlay-type":"","overlay-color":"","overlay-opacity":"","overlay-gradient":""},"mobile":{"background-color":"","background-image":"","background-repeat":"repeat","background-position":"center center","background-size":"auto","background-attachment":"scroll","background-type":"","background-media":"","overlay-type":"","overlay-color":"","overlay-opacity":"","overlay-gradient":""}},"ast-content-background-meta":{"desktop":{"background-color":"var(--ast-global-color-5)","background-image":"","background-repeat":"repeat","background-position":"center center","background-size":"auto","background-attachment":"scroll","background-type":"","background-media":"","overlay-type":"","overlay-color":"","overlay-opacity":"","overlay-gradient":""},"tablet":{"background-color":"var(--ast-global-color-5)","background-image":"","background-repeat":"repeat","background-position":"center center","background-size":"auto","background-attachment":"scroll","background-type":"","background-media":"","overlay-type":"","overlay-color":"","overlay-opacity":"","overlay-gradient":""},"mobile":{"background-color":"var(--ast-global-color-5)","background-image":"","background-repeat":"repeat","background-position":"center center","background-size":"auto","background-attachment":"scroll","background-type":"","background-media":"","overlay-type":"","overlay-color":"","overlay-opacity":"","overlay-gradient":""}},"footnotes":""},"class_list":["post-248","page","type-page","status-publish","hentry"],"_links":{"self":[{"href":"https:\/\/xn--arbetstimmarpermnad-gxb.se\/fi\/wp-json\/wp\/v2\/pages\/248","targetHints":{"allow":["GET"]}}],"collection":[{"href":"https:\/\/xn--arbetstimmarpermnad-gxb.se\/fi\/wp-json\/wp\/v2\/pages"}],"about":[{"href":"https:\/\/xn--arbetstimmarpermnad-gxb.se\/fi\/wp-json\/wp\/v2\/types\/page"}],"author":[{"embeddable":true,"href":"https:\/\/xn--arbetstimmarpermnad-gxb.se\/fi\/wp-json\/wp\/v2\/users\/1"}],"replies":[{"embeddable":true,"href":"https:\/\/xn--arbetstimmarpermnad-gxb.se\/fi\/wp-json\/wp\/v2\/comments?post=248"}],"version-history":[{"count":1,"href":"https:\/\/xn--arbetstimmarpermnad-gxb.se\/fi\/wp-json\/wp\/v2\/pages\/248\/revisions"}],"predecessor-version":[{"id":250,"href":"https:\/\/xn--arbetstimmarpermnad-gxb.se\/fi\/wp-json\/wp\/v2\/pages\/248\/revisions\/250"}],"wp:attachment":[{"href":"https:\/\/xn--arbetstimmarpermnad-gxb.se\/fi\/wp-json\/wp\/v2\/media?parent=248"}],"curies":[{"name":"wp","href":"https:\/\/api.w.org\/{rel}","templated":true}]}}