{"id":226,"date":"2024-02-28T20:46:18","date_gmt":"2024-02-28T19:46:18","guid":{"rendered":"https:\/\/xn--arbetstimmarpermnad-gxb.se\/?page_id=226"},"modified":"2025-02-07T12:21:11","modified_gmt":"2025-02-07T11:21:11","slug":"arbetstimmar-per-manad-2025","status":"publish","type":"page","link":"https:\/\/xn--arbetstimmarpermnad-gxb.se\/fi\/arbetstimmar-per-manad-2025\/","title":{"rendered":"Arbetstimmar per m\u00e5nad 2025"},"content":{"rendered":"<p><a style=\"font-size: 18px; font-weight: bold; color: red;\" href=\"https:\/\/xn--arbetstimmarpermnad-gxb.se\/fi\/roda-dagar-2025\/\"><br \/>\nGUIDE: Planera och maximera din semester med hj\u00e4lp av r\u00f6da dagar 2025<br \/>\n<\/a><\/p>\n\n<table id=\"tablepress-7\" class=\"tablepress tablepress-id-7 tablepress-responsive\">\n<thead>\n<tr class=\"row-1\">\n\t<th class=\"column-1\">Kuukausi<\/th><th class=\"column-2\">Ty\u00f6p\u00e4iv\u00e4t<\/th><th class=\"column-3\">Ty\u00f6tunnit<\/th><th class=\"column-4\">la &amp; su.<\/th><th class=\"column-5\">muut<\/th>\n<\/tr>\n<\/thead>\n<tbody class=\"row-striping row-hover\">\n<tr class=\"row-2\">\n\t<td class=\"column-1\"><a href=\"https:\/\/xn--arbetstimmarpermnad-gxb.se\/fi\/januari-2025\/\">tammikuu<\/a><\/td><td class=\"column-2\">22<\/td><td class=\"column-3\">176<\/td><td class=\"column-4\">8<\/td><td class=\"column-5\">1<\/td>\n<\/tr>\n<tr class=\"row-3\">\n\t<td class=\"column-1\"><a href=\"https:\/\/xn--arbetstimmarpermnad-gxb.se\/fi\/februari-2025\/\">helmikuu<\/a><\/td><td class=\"column-2\">20<\/td><td class=\"column-3\">160<\/td><td class=\"column-4\">8<\/td><td class=\"column-5\">0<\/td>\n<\/tr>\n<tr class=\"row-4\">\n\t<td class=\"column-1\"><a href=\"https:\/\/xn--arbetstimmarpermnad-gxb.se\/fi\/mars-2025\/\">maaliskuuta<\/a><\/td><td class=\"column-2\">21<\/td><td class=\"column-3\">168<\/td><td class=\"column-4\">10<\/td><td class=\"column-5\">0<\/td>\n<\/tr>\n<tr class=\"row-5\">\n\t<td class=\"column-1\"><a href=\"https:\/\/xn--arbetstimmarpermnad-gxb.se\/fi\/april-2025\/\">huhtikuu<\/a><\/td><td class=\"column-2\">20<\/td><td class=\"column-3\">160<\/td><td class=\"column-4\">8<\/td><td class=\"column-5\">2<\/td>\n<\/tr>\n<tr class=\"row-6\">\n\t<td class=\"column-1\"><a href=\"https:\/\/xn--arbetstimmarpermnad-gxb.se\/fi\/maj-2025\/\">saattaa<\/a><\/td><td class=\"column-2\">20<\/td><td class=\"column-3\">160<\/td><td class=\"column-4\">9<\/td><td class=\"column-5\">2<\/td>\n<\/tr>\n<tr class=\"row-7\">\n\t<td class=\"column-1\"><a href=\"https:\/\/xn--arbetstimmarpermnad-gxb.se\/fi\/juni-2025\/\">kes\u00e4kuuta<\/a><\/td><td class=\"column-2\">18<\/td><td class=\"column-3\">144<\/td><td class=\"column-4\">9<\/td><td class=\"column-5\">3<\/td>\n<\/tr>\n<tr class=\"row-8\">\n\t<td class=\"column-1\"><a href=\"https:\/\/xn--arbetstimmarpermnad-gxb.se\/fi\/juli-2025\/\">hein\u00e4kuu<\/a><\/td><td class=\"column-2\">23<\/td><td class=\"column-3\">184<\/td><td class=\"column-4\">8<\/td><td class=\"column-5\">0<\/td>\n<\/tr>\n<tr class=\"row-9\">\n\t<td class=\"column-1\"><a href=\"https:\/\/xn--arbetstimmarpermnad-gxb.se\/fi\/augusti-2025\/\">elokuu<\/a><\/td><td class=\"column-2\">21<\/td><td class=\"column-3\">168<\/td><td class=\"column-4\">10<\/td><td class=\"column-5\">0<\/td>\n<\/tr>\n<tr class=\"row-10\">\n\t<td class=\"column-1\"><a href=\"https:\/\/xn--arbetstimmarpermnad-gxb.se\/fi\/september-2025\/\">syyskuu<\/a><\/td><td class=\"column-2\">22<\/td><td class=\"column-3\">176<\/td><td class=\"column-4\">8<\/td><td class=\"column-5\">0<\/td>\n<\/tr>\n<tr class=\"row-11\">\n\t<td class=\"column-1\"><a href=\"https:\/\/xn--arbetstimmarpermnad-gxb.se\/fi\/oktober-2025\/\">lokakuu<\/a><\/td><td class=\"column-2\">23<\/td><td class=\"column-3\">184<\/td><td class=\"column-4\">8<\/td><td class=\"column-5\">0<\/td>\n<\/tr>\n<tr class=\"row-12\">\n\t<td class=\"column-1\"><a href=\"https:\/\/xn--arbetstimmarpermnad-gxb.se\/fi\/november-2025\/\">marraskuu<\/a><\/td><td class=\"column-2\">20<\/td><td class=\"column-3\">160<\/td><td class=\"column-4\">10<\/td><td class=\"column-5\">0<\/td>\n<\/tr>\n<tr class=\"row-13\">\n\t<td class=\"column-1\"><a href=\"https:\/\/xn--arbetstimmarpermnad-gxb.se\/fi\/december-2025\/\">joulukuu<\/a><\/td><td class=\"column-2\">21<\/td><td class=\"column-3\">168<\/td><td class=\"column-4\">8<\/td><td class=\"column-5\">2<\/td>\n<\/tr>\n<tr class=\"row-14\">\n\t<td class=\"column-1\"><strong>Vuotuinen ty\u00f6aika yhteens\u00e4<\/strong><\/td><td class=\"column-2\"><strong>251<\/strong><\/td><td class=\"column-3\"><strong>2008<\/strong><\/td><td class=\"column-4\"><strong>104<\/strong><\/td><td class=\"column-5\"><strong>12<\/strong><\/td>\n<\/tr>\n<\/tbody>\n<tfoot>\n<tr class=\"row-15\">\n\t<th class=\"column-1\">Keskim\u00e4\u00e4r\u00e4inen \/ kuukausi<\/th><th class=\"column-2\">21<\/th><th class=\"column-3\">167<\/th><th class=\"column-4\">8.67<\/th><th class=\"column-5\">0.83<\/th>\n<\/tr>\n<\/tfoot>\n<\/table>\n\n<style>.wp-show-posts-columns#wpsp-113 {margin-left: -2em; }.wp-show-posts-columns#wpsp-113 .wp-show-posts-inner {margin: 0 0 2em 2em; }<\/style><section id=\"wpsp-113\" class=\"wp-show-posts\" style=\"\"><article class=\"wp-show-posts-single wpsp-clearfix post-142 post type-post status-publish format-standard hentry category-dagar\" itemtype=\"http:\/\/schema.org\/CreativeWork\" itemscope><div class=\"wp-show-posts-inner\" style=\"\">\t\t\t\t\t\t<header class=\"wp-show-posts-entry-header\">\n\t\t\t\t\t\t\t<h2 class=\"wp-show-posts-entry-title\" itemprop=\"headline\"><a href=\"https:\/\/xn--arbetstimmarpermnad-gxb.se\/fi\/joulu-paiva-ja-toinen-paiva-joulu\/\" rel=\"bookmark\">Joulup\u00e4iv\u00e4 ja jouluaatto<\/a><\/h2>\t\t\t\t\t\t<\/header><!-- .entry-header -->\n\t\t\t\t\t\t\t\t\t\t\t<div class=\"wp-show-posts-entry-content\" itemprop=\"text\">\n\t\t\t\t\t\t\t<h1 class=\"western\" align=\"JUSTIFY\"><img loading=\"lazy\" decoding=\"async\" class=\"aligncenter size-full wp-image-143\" src=\"https:\/\/xn--arbetstimmarpermnad-gxb.se\/wp-content\/uploads\/2022\/04\/juldagen-och-annandag-jul.jpg\" alt=\"Joulup\u00e4iv\u00e4 ja jouluaatto\" width=\"1024\" height=\"576\" srcset=\"https:\/\/xn--arbetstimmarpermnad-gxb.se\/wp-content\/uploads\/2022\/04\/juldagen-och-annandag-jul.jpg 1024w, https:\/\/xn--arbetstimmarpermnad-gxb.se\/wp-content\/uploads\/2022\/04\/juldagen-och-annandag-jul-300x169.jpg 300w, https:\/\/xn--arbetstimmarpermnad-gxb.se\/wp-content\/uploads\/2022\/04\/juldagen-och-annandag-jul-768x432.jpg 768w\" sizes=\"auto, (max-width: 1024px) 100vw, 1024px\" \/>Joulup\u00e4iv\u00e4 ja jouluaatto<\/h1>\n<p align=\"JUSTIFY\">Maanantai ja joulup\u00e4iv\u00e4 ovat kaksi hyvin vakiintunutta juhlap\u00e4iv\u00e4\u00e4 yhteisess\u00e4 l\u00e4nsimaisessa kulttuurissa. Sen historia liittyy l\u00e4heisesti kirkon kasvuun, mutta sit\u00e4 juhlii hyvin suuri joukko ihmisi\u00e4 ilman l\u00e4heisemp\u00e4\u00e4 kirkollista yhteytt\u00e4. Monille ruotsalaisille n\u00e4it\u00e4 p\u00e4ivi\u00e4 leimaa l\u00e4hinn\u00e4 er\u00e4\u00e4nlainen myrskyn j\u00e4lkeinen tyynyys, jossa viet\u00e4mme aikaa nauttien joulun j\u00e4lkeisest\u00e4 tyynest\u00e4 ja keskittyen nykyhetkeen.<\/p>\n<p align=\"JUSTIFY\">Mutta mist\u00e4 n\u00e4iss\u00e4 p\u00e4iviss\u00e4 on kyse? Olemme katsoneet tarkemmin joulup\u00e4iv\u00e4\u00e4 ja joulun toista p\u00e4iv\u00e4\u00e4.<\/p>\n<h2 class=\"western\" align=\"JUSTIFY\">Joulup\u00e4iv\u00e4<\/h2>\n<p align=\"JUSTIFY\">Joulup\u00e4iv\u00e4 on alun perin kristillinen juhla, jonka tarkoituksena on juhlistaa Jeesuksen syntym\u00e4\u00e4, ja siksi sit\u00e4 vietet\u00e4\u00e4n joka vuosi 25. joulukuuta. Nykyaikana joulup\u00e4iv\u00e4st\u00e4 on kuitenkin muodostunut yhteisen joulujuhlan symboli, jolle ovat ominaisia kuuset, kynttil\u00e4t, koristeet ja yleiset koristeet.<\/p>\n<p align=\"JUSTIFY\">Perinteiselle juhlalle on tunnusomaista iltaisin kirkollinen messu, joka ulottuu puoleny\u00f6n j\u00e4lkeen ja merkitsee jouluy\u00f6n siirtym\u00e4\u00e4. Siksi sit\u00e4 kutsutaan my\u00f6s joulun y\u00f6messuiksi. Monille ihmisille joulup\u00e4iv\u00e4 on p\u00e4\u00e4asiassa jouluaaton j\u00e4lkeinen p\u00e4iv\u00e4, ja siksi se merkitsee joulun viett\u00e4misen hidasta loppua, ei erityisen merkitt\u00e4v\u00e4\u00e4 lomaa. T\u00e4m\u00e4 vastaa my\u00f6s pohjoismaista perinnett\u00e4, jossa joulua edelt\u00e4v\u00e4\u00e4 p\u00e4iv\u00e4\u00e4 pidettiin t\u00e4rkeimp\u00e4n\u00e4.<\/p>\n<h2 class=\"western\">Joulun toinen p\u00e4iv\u00e4<\/h2>\n<p>Joulup\u00e4iv\u00e4 on joulup\u00e4iv\u00e4n j\u00e4lkeinen p\u00e4iv\u00e4. Sit\u00e4 kutsutaan usein my\u00f6s toiseksi p\u00e4iv\u00e4ksi. Se tapahtuu joulun j\u00e4lkeisen\u00e4 p\u00e4iv\u00e4n\u00e4 ja on siten toinen p\u00e4iv\u00e4 Jeesuksen syntym\u00e4n j\u00e4lkeen. Monissa osissa maailmaa se on juhlap\u00e4iv\u00e4, mutta sen viett\u00e4minen vaihtelee suuresti. Ruotsissa se on tyypillisesti tarkoittanut varsin hillitty\u00e4 juhlaa, jossa p\u00e4\u00e4asiassa nautitaan rauhasta usein hektisen joulun j\u00e4lkeen.<\/p>\n<p>Monissa maissa, joissa puhutaan englantia, toista p\u00e4iv\u00e4\u00e4 kutsutaan tapaninp\u00e4iv\u00e4ksi. Tapaninp\u00e4iv\u00e4 on yleinen vapaap\u00e4iv\u00e4 muun muassa Australiassa, Kanadassa, Irlannissa, Uudessa-Seelannissa ja Isossa-Britanniassa. Yhdysvalloissa se on ep\u00e4virallinen kokonainen p\u00e4iv\u00e4. Aivan kuten toinenkin p\u00e4iv\u00e4 on joulukuun 26. p\u00e4iv\u00e4.<\/p>\n<p>&nbsp;<\/p>\n\t\t\t\t\t\t<\/div><!-- .entry-content -->\n\t\t\t\t\t<div class=\"wpsp-read-more\"><a title=\"Joulup\u00e4iv\u00e4 ja jouluaatto\" class=\"wp-show-posts-read-more\" href=\"https:\/\/xn--arbetstimmarpermnad-gxb.se\/fi\/joulu-paiva-ja-toinen-paiva-joulu\/\">Lue lis\u00e4\u00e4...<\/a><\/div><\/div><!-- wp-show-posts-inner --><div class=\"wpsp-clear\"><\/div><\/article><article class=\"wp-show-posts-single wpsp-clearfix post-135 post type-post status-publish format-standard hentry category-dagar\" itemtype=\"http:\/\/schema.org\/CreativeWork\" itemscope><div class=\"wp-show-posts-inner\" style=\"\">\t\t\t\t\t\t<header class=\"wp-show-posts-entry-header\">\n\t\t\t\t\t\t\t<h2 class=\"wp-show-posts-entry-title\" itemprop=\"headline\"><a href=\"https:\/\/xn--arbetstimmarpermnad-gxb.se\/fi\/forsta-maj\/\" rel=\"bookmark\">Toukokuun 1. p\u00e4iv\u00e4<\/a><\/h2>\t\t\t\t\t\t<\/header><!-- .entry-header -->\n\t\t\t\t\t\t\t\t\t\t\t<div class=\"wp-show-posts-entry-content\" itemprop=\"text\">\n\t\t\t\t\t\t\t<h1 class=\"western\" align=\"JUSTIFY\"><img loading=\"lazy\" decoding=\"async\" class=\"aligncenter size-full wp-image-136\" src=\"https:\/\/xn--arbetstimmarpermnad-gxb.se\/wp-content\/uploads\/2022\/04\/forsta-maj.jpg\" alt=\"1. toukokuuta - 1. toukokuuta\" width=\"732\" height=\"135\" srcset=\"https:\/\/xn--arbetstimmarpermnad-gxb.se\/wp-content\/uploads\/2022\/04\/forsta-maj.jpg 732w, https:\/\/xn--arbetstimmarpermnad-gxb.se\/wp-content\/uploads\/2022\/04\/forsta-maj-300x55.jpg 300w\" sizes=\"auto, (max-width: 732px) 100vw, 732px\" \/>Toukokuun 1. p\u00e4iv\u00e4<\/h1>\n<p align=\"JUSTIFY\">Vappu on 1800-luvun lopusta l\u00e4htien ollut yksi ty\u00f6v\u00e4enliikkeen t\u00e4rkeimmist\u00e4 toistuvista juhlista ja tapahtumista. Sen historia liittyy l\u00e4heisesti sosialismin nousuun Euroopassa, ja sill\u00e4 on ollut eritt\u00e4in vahva valta etenkin Ruotsissa.<\/p>\n<p align=\"JUSTIFY\">Mutta mist\u00e4 toukokuun ensimm\u00e4isest\u00e4 p\u00e4iv\u00e4st\u00e4 oikein on kyse?<\/p>\n<h2 class=\"western\" align=\"JUSTIFY\">Ty\u00f6v\u00e4enliikkeen kasvu<\/h2>\n<p align=\"JUSTIFY\">Huolimatta siit\u00e4, ett\u00e4 Yhdysvallat liitet\u00e4\u00e4n nyky\u00e4\u00e4n p\u00e4\u00e4asiassa vapaisiin markkinoihin, itse asiassa ensimm\u00e4inen toukokuu on per\u00e4isin sielt\u00e4. Vaikka teosten j\u00e4rjest\u00e4misell\u00e4 on paljon pidempi historia, useimmat uskovat sen mallin olevan Yhdysvalloissa vuonna 1884 tehty p\u00e4\u00e4t\u00f6s. Amerikkalainen ty\u00f6v\u00e4enliike Federation of Labour (AFL) p\u00e4\u00e4tti vaatia ty\u00f6p\u00e4iv\u00e4n laajaa rajoittamista kahdeksaan tuntiin.<\/p>\n<p>Toinen Internationaali oli Pariisissa perustettu j\u00e4rjest\u00f6, joka oli er\u00e4\u00e4nlainen symbolinen Ranskan vallankumouksen jatke, samalla kun se iski tulevien ty\u00f6ntekij\u00f6iden oikeuksiin. Niiden muodostuminen vuonna 1889 n\u00e4hd\u00e4\u00e4n my\u00f6s yleens\u00e4 er\u00e4\u00e4nlaisena ensimm\u00e4isen maissiasennon alkuna virallisena vapaap\u00e4iv\u00e4n\u00e4.<\/p>\n<p>Ty\u00f6v\u00e4enliike on sittemmin ollut hajautettu sosiaalinen liike, joka keskittyy ty\u00f6ntekij\u00f6iden oikeuksien parantamiseen. K\u00e4site on laaja ja sis\u00e4lt\u00e4\u00e4 sek\u00e4 j\u00e4rjest\u00e4ytyneet ammattiliitot ett\u00e4 yksil\u00f6iden tavoitteet ja ilmaisut. Ty\u00f6v\u00e4enliike on ollut aktiivinen monissa maissa l\u00e4pi historian, mutta menestynein se on l\u00e4ntisiss\u00e4 teollisuusmaissa. Ty\u00f6v\u00e4enliike yhdistet\u00e4\u00e4n usein sosialistisiin ja kommunistisiin poliittisiin puolueisiin ja j\u00e4rjest\u00f6ihin, mutta se ei v\u00e4ltt\u00e4m\u00e4tt\u00e4 ole sidottu mihink\u00e4\u00e4n tiettyyn ideologiaan.<\/p>\n<h2 class=\"western\">Toukokuun ensimm\u00e4inen juna<\/h2>\n<p>Vappup\u00e4iv\u00e4n erityinen symboli on toukokuun ensimm\u00e4inen juna, joka kulkee vuosittain useissa maissa. Eik\u00e4 v\u00e4hiten Ruotsissa, sill\u00e4 on ollut eritt\u00e4in vahva asema. Laulu Internationalen on monessa paikassa junan enemm\u00e4n tai v\u00e4hemm\u00e4n virallinen tunnari. Vaikka juna on yleinen, heill\u00e4 on edelleen kiistanalainen asema monissa osissa maailmaa, joissa ty\u00f6v\u00e4enliikett\u00e4 ei viel\u00e4 hyv\u00e4ksyt\u00e4.<\/p>\n<p align=\"JUSTIFY\">\n\t\t\t\t\t\t<\/div><!-- .entry-content -->\n\t\t\t\t\t<div class=\"wpsp-read-more\"><a title=\"Toukokuun 1. p\u00e4iv\u00e4\" class=\"wp-show-posts-read-more\" href=\"https:\/\/xn--arbetstimmarpermnad-gxb.se\/fi\/forsta-maj\/\">Lue lis\u00e4\u00e4...<\/a><\/div><\/div><!-- wp-show-posts-inner --><div class=\"wpsp-clear\"><\/div><\/article><\/section><!-- .wp-show-posts -->","protected":false},"excerpt":{"rendered":"<p>GUIDE: Planera och maximera din semester med hj\u00e4lp av r\u00f6da dagar 2025<\/p>","protected":false},"author":1,"featured_media":0,"parent":0,"menu_order":0,"comment_status":"closed","ping_status":"closed","template":"","meta":{"site-sidebar-layout":"default","site-content-layout":"default","ast-site-content-layout":"","site-content-style":"default","site-sidebar-style":"default","ast-global-header-display":"","ast-banner-title-visibility":"","ast-main-header-display":"","ast-hfb-above-header-display":"","ast-hfb-below-header-display":"","ast-hfb-mobile-header-display":"","site-post-title":"","ast-breadcrumbs-content":"","ast-featured-img":"","footer-sml-layout":"","theme-transparent-header-meta":"default","adv-header-id-meta":"","stick-header-meta":"","header-above-stick-meta":"","header-main-stick-meta":"","header-below-stick-meta":"","astra-migrate-meta-layouts":"default","ast-page-background-enabled":"default","ast-page-background-meta":{"desktop":{"background-color":"var(--ast-global-color-4)","background-image":"","background-repeat":"repeat","background-position":"center center","background-size":"auto","background-attachment":"scroll","background-type":"","background-media":"","overlay-type":"","overlay-color":"","overlay-opacity":"","overlay-gradient":""},"tablet":{"background-color":"","background-image":"","background-repeat":"repeat","background-position":"center center","background-size":"auto","background-attachment":"scroll","background-type":"","background-media":"","overlay-type":"","overlay-color":"","overlay-opacity":"","overlay-gradient":""},"mobile":{"background-color":"","background-image":"","background-repeat":"repeat","background-position":"center center","background-size":"auto","background-attachment":"scroll","background-type":"","background-media":"","overlay-type":"","overlay-color":"","overlay-opacity":"","overlay-gradient":""}},"ast-content-background-meta":{"desktop":{"background-color":"var(--ast-global-color-5)","background-image":"","background-repeat":"repeat","background-position":"center center","background-size":"auto","background-attachment":"scroll","background-type":"","background-media":"","overlay-type":"","overlay-color":"","overlay-opacity":"","overlay-gradient":""},"tablet":{"background-color":"var(--ast-global-color-5)","background-image":"","background-repeat":"repeat","background-position":"center center","background-size":"auto","background-attachment":"scroll","background-type":"","background-media":"","overlay-type":"","overlay-color":"","overlay-opacity":"","overlay-gradient":""},"mobile":{"background-color":"var(--ast-global-color-5)","background-image":"","background-repeat":"repeat","background-position":"center center","background-size":"auto","background-attachment":"scroll","background-type":"","background-media":"","overlay-type":"","overlay-color":"","overlay-opacity":"","overlay-gradient":""}},"footnotes":""},"class_list":["post-226","page","type-page","status-publish","hentry"],"_links":{"self":[{"href":"https:\/\/xn--arbetstimmarpermnad-gxb.se\/fi\/wp-json\/wp\/v2\/pages\/226","targetHints":{"allow":["GET"]}}],"collection":[{"href":"https:\/\/xn--arbetstimmarpermnad-gxb.se\/fi\/wp-json\/wp\/v2\/pages"}],"about":[{"href":"https:\/\/xn--arbetstimmarpermnad-gxb.se\/fi\/wp-json\/wp\/v2\/types\/page"}],"author":[{"embeddable":true,"href":"https:\/\/xn--arbetstimmarpermnad-gxb.se\/fi\/wp-json\/wp\/v2\/users\/1"}],"replies":[{"embeddable":true,"href":"https:\/\/xn--arbetstimmarpermnad-gxb.se\/fi\/wp-json\/wp\/v2\/comments?post=226"}],"version-history":[{"count":11,"href":"https:\/\/xn--arbetstimmarpermnad-gxb.se\/fi\/wp-json\/wp\/v2\/pages\/226\/revisions"}],"predecessor-version":[{"id":617,"href":"https:\/\/xn--arbetstimmarpermnad-gxb.se\/fi\/wp-json\/wp\/v2\/pages\/226\/revisions\/617"}],"wp:attachment":[{"href":"https:\/\/xn--arbetstimmarpermnad-gxb.se\/fi\/wp-json\/wp\/v2\/media?parent=226"}],"curies":[{"name":"wp","href":"https:\/\/api.w.org\/{rel}","templated":true}]}}