{"id":214,"date":"2023-09-09T17:29:33","date_gmt":"2023-09-09T15:29:33","guid":{"rendered":"https:\/\/xn--arbetstimmarpermnad-gxb.se\/?page_id=214"},"modified":"2024-02-28T20:50:43","modified_gmt":"2024-02-28T19:50:43","slug":"arbetstimmar-per-manad-2024","status":"publish","type":"page","link":"https:\/\/xn--arbetstimmarpermnad-gxb.se\/fi\/tyotunteja-kuukaudessa-2024\/","title":{"rendered":"Ty\u00f6tunnit kuukaudessa vuonna 2024"},"content":{"rendered":"<table id=\"tablepress-6\" class=\"tablepress tablepress-id-6 tablepress-responsive\">\n<thead>\n<tr class=\"row-1\">\n\t<th class=\"column-1\">Kuukausi<\/th><th class=\"column-2\">Ty\u00f6p\u00e4iv\u00e4t<\/th><th class=\"column-3\">Ty\u00f6tunnit<\/th><th class=\"column-4\">la &amp; su.<\/th><th class=\"column-5\">muut<\/th>\n<\/tr>\n<\/thead>\n<tbody class=\"row-striping row-hover\">\n<tr class=\"row-2\">\n\t<td class=\"column-1\">tammikuu<\/td><td class=\"column-2\">22<\/td><td class=\"column-3\">176<\/td><td class=\"column-4\">8<\/td><td class=\"column-5\">1<\/td>\n<\/tr>\n<tr class=\"row-3\">\n\t<td class=\"column-1\">helmikuu<\/td><td class=\"column-2\">21<\/td><td class=\"column-3\">168<\/td><td class=\"column-4\">8<\/td><td class=\"column-5\">0<\/td>\n<\/tr>\n<tr class=\"row-4\">\n\t<td class=\"column-1\">maaliskuuta<\/td><td class=\"column-2\">20<\/td><td class=\"column-3\">160<\/td><td class=\"column-4\">10<\/td><td class=\"column-5\">1<\/td>\n<\/tr>\n<tr class=\"row-5\">\n\t<td class=\"column-1\">huhtikuu<\/td><td class=\"column-2\">21<\/td><td class=\"column-3\">168<\/td><td class=\"column-4\">8<\/td><td class=\"column-5\">1<\/td>\n<\/tr>\n<tr class=\"row-6\">\n\t<td class=\"column-1\">saattaa<\/td><td class=\"column-2\">21<\/td><td class=\"column-3\">168<\/td><td class=\"column-4\">8<\/td><td class=\"column-5\">2<\/td>\n<\/tr>\n<tr class=\"row-7\">\n\t<td class=\"column-1\">kes\u00e4kuuta<\/td><td class=\"column-2\">18<\/td><td class=\"column-3\">144<\/td><td class=\"column-4\">10<\/td><td class=\"column-5\">2<\/td>\n<\/tr>\n<tr class=\"row-8\">\n\t<td class=\"column-1\">hein\u00e4kuu<\/td><td class=\"column-2\">23<\/td><td class=\"column-3\">184<\/td><td class=\"column-4\">8<\/td><td class=\"column-5\">0<\/td>\n<\/tr>\n<tr class=\"row-9\">\n\t<td class=\"column-1\">elokuu<\/td><td class=\"column-2\">22<\/td><td class=\"column-3\">176<\/td><td class=\"column-4\">9<\/td><td class=\"column-5\">0<\/td>\n<\/tr>\n<tr class=\"row-10\">\n\t<td class=\"column-1\">syyskuu<\/td><td class=\"column-2\">21<\/td><td class=\"column-3\">168<\/td><td class=\"column-4\">9<\/td><td class=\"column-5\">0<\/td>\n<\/tr>\n<tr class=\"row-11\">\n\t<td class=\"column-1\">lokakuu<\/td><td class=\"column-2\">23<\/td><td class=\"column-3\">184<\/td><td class=\"column-4\">8<\/td><td class=\"column-5\">0<\/td>\n<\/tr>\n<tr class=\"row-12\">\n\t<td class=\"column-1\">marraskuu<\/td><td class=\"column-2\">21<\/td><td class=\"column-3\">168<\/td><td class=\"column-4\">9<\/td><td class=\"column-5\">0<\/td>\n<\/tr>\n<tr class=\"row-13\">\n\t<td class=\"column-1\">joulukuu<\/td><td class=\"column-2\">18<\/td><td class=\"column-3\">144<\/td><td class=\"column-4\">9<\/td><td class=\"column-5\">4<\/td>\n<\/tr>\n<tr class=\"row-14\">\n\t<td class=\"column-1\"><strong>Vuotuinen ty\u00f6aika yhteens\u00e4<\/strong><\/td><td class=\"column-2\"><strong>251<\/strong><\/td><td class=\"column-3\"><strong>2008<\/strong><\/td><td class=\"column-4\"><strong>104<\/strong><\/td><td class=\"column-5\"><strong>11<\/strong><\/td>\n<\/tr>\n<\/tbody>\n<tfoot>\n<tr class=\"row-15\">\n\t<th class=\"column-1\">Keskim\u00e4\u00e4r\u00e4inen \/ kuukausi<\/th><th class=\"column-2\">21<\/th><th class=\"column-3\">167<\/th><th class=\"column-4\">8.67<\/th><th class=\"column-5\">0.92<\/th>\n<\/tr>\n<\/tfoot>\n<\/table>\n\n<style>.wp-show-posts-columns#wpsp-152 {margin-left: -2em; }.wp-show-posts-columns#wpsp-152 .wp-show-posts-inner {margin: 0 0 2em 2em; }<\/style><section id=\"wpsp-152\" class=\"wp-show-posts-columns wp-show-posts\" style=\"\"><article class=\"wp-show-posts-single post-221 post type-post status-publish format-standard hentry category-uncategorized wpsp-col-6\" itemtype=\"http:\/\/schema.org\/CreativeWork\" itemscope><div class=\"wp-show-posts-inner\" style=\"\">\t\t\t\t\t\t<div class=\"wp-show-posts-entry-summary\" itemprop=\"text\">\n\t\t\t\t\t\t\t<p>I takt med att den digitala eran forts\u00e4tter att forma v\u00e5rt s\u00e4tt att interagera med v\u00e4rlden, har behovet av tillf\u00f6rlitlig, l\u00e4ttillg\u00e4nglig information n\u00e4ra mig blivit mer framtr\u00e4dande \u00e4n n\u00e5gonsin. F\u00f6r&#8230;<\/p>\n\t\t\t\t\t\t<\/div><!-- .entry-summary -->\n\t\t\t\t\t<\/div><!-- wp-show-posts-inner --><\/article><article class=\"wp-show-posts-single post-152 post type-post status-publish format-standard hentry category-dagar wpsp-col-6\" itemtype=\"http:\/\/schema.org\/CreativeWork\" itemscope><div class=\"wp-show-posts-inner\" style=\"\">\t\t\t\t\t\t<div class=\"wp-show-posts-entry-summary\" itemprop=\"text\">\n\t\t\t\t\t\t\t<p>Kristi himmelsf\u00e4rdsdag Kristi himmelsf\u00e4rdsdag \u00e4r en v\u00e4ldigt betydande dag inom kristendomen. Den \u00e4r \u00e4ven allm\u00e4n h\u00f6gtid i ett stort antal l\u00e4nder, men hur den faktiskt firas skiljer sig \u00e5t i&#8230;<\/p>\n\t\t\t\t\t\t<\/div><!-- .entry-summary -->\n\t\t\t\t\t<\/div><!-- wp-show-posts-inner --><\/article><article class=\"wp-show-posts-single post-135 post type-post status-publish format-standard hentry category-dagar wpsp-col-6\" itemtype=\"http:\/\/schema.org\/CreativeWork\" itemscope><div class=\"wp-show-posts-inner\" style=\"\">\t\t\t\t\t\t<div class=\"wp-show-posts-entry-summary\" itemprop=\"text\">\n\t\t\t\t\t\t\t<p>F\u00f6rsta maj Sedan slutet av 1800-talet har f\u00f6rsta maj varit en av arbetarr\u00f6relsens viktigaste \u00e5terkommande h\u00f6gtider och evenemang. Dess historisk \u00e4r n\u00e4ra f\u00f6rknippad med socialismens framv\u00e4xt i Europa och har&#8230;<\/p>\n\t\t\t\t\t\t<\/div><!-- .entry-summary -->\n\t\t\t\t\t<\/div><!-- wp-show-posts-inner --><\/article><article class=\"wp-show-posts-single post-157 post type-post status-publish format-standard hentry category-dagar wpsp-col-6\" itemtype=\"http:\/\/schema.org\/CreativeWork\" itemscope><div class=\"wp-show-posts-inner\" style=\"\">\t\t\t\t\t\t<div class=\"wp-show-posts-entry-summary\" itemprop=\"text\">\n\t\t\t\t\t\t\t<p>Sveriges nationaldag Trots sin v\u00e4ldiga s\u00e4rst\u00e4llning s\u00e5 har Sveriges nationaldag faktiskt inte varit helgdag s\u00e4rskilt l\u00e4nge. Men samtidigt har den anor som str\u00e4cker sig flera hundra \u00e5r bak\u00e5t i tiden&#8230;.<\/p>\n\t\t\t\t\t\t<\/div><!-- .entry-summary -->\n\t\t\t\t\t<\/div><!-- wp-show-posts-inner --><\/article><article class=\"wp-show-posts-single post-122 post type-post status-publish format-standard hentry category-dagar wpsp-col-6\" itemtype=\"http:\/\/schema.org\/CreativeWork\" itemscope><div class=\"wp-show-posts-inner\" style=\"\">\t\t\t\t\t\t<div class=\"wp-show-posts-entry-summary\" itemprop=\"text\">\n\t\t\t\t\t\t\t<p>P\u00e5skdagen och pingstdagen P\u00e5sk och pingst har i det n\u00e4rmaste ur\u00e5ldriga anor och \u00e4r stadigt \u00e5terkommande i v\u00e4ldigt m\u00e5nga svenska hush\u00e5ll. Vad som d\u00e4remot \u00e4r unikt med just det svenska&#8230;<\/p>\n\t\t\t\t\t\t<\/div><!-- .entry-summary -->\n\t\t\t\t\t<\/div><!-- wp-show-posts-inner --><\/article><article class=\"wp-show-posts-single post-126 post type-post status-publish format-standard hentry category-dagar wpsp-col-6\" itemtype=\"http:\/\/schema.org\/CreativeWork\" itemscope><div class=\"wp-show-posts-inner\" style=\"\">\t\t\t\t\t\t<div class=\"wp-show-posts-entry-summary\" itemprop=\"text\">\n\t\t\t\t\t\t\t<p>Ny\u00e5rsdagen och Trettondedag jul Att fyra ny\u00e5rsdagen och trettondagen \u00e4r en sj\u00e4lvklar f\u00f6r v\u00e4ldigt m\u00e5nga personer. Men dess kulturella och historiska anor \u00e4r inte alltid helt uppenbara. Trots att de&#8230;<\/p>\n\t\t\t\t\t\t<\/div><!-- .entry-summary -->\n\t\t\t\t\t<\/div><!-- wp-show-posts-inner --><\/article><article class=\"wp-show-posts-single post-142 post type-post status-publish format-standard hentry category-dagar wpsp-col-6\" itemtype=\"http:\/\/schema.org\/CreativeWork\" itemscope><div class=\"wp-show-posts-inner\" style=\"\">\t\t\t\t\t\t<div class=\"wp-show-posts-entry-summary\" itemprop=\"text\">\n\t\t\t\t\t\t\t<p>Juldagen och Annandag jul Annandagen och juldagen \u00e4r tv\u00e5 v\u00e4ldigt etablerade h\u00f6gtider i den gemensamma v\u00e4sterl\u00e4ndska kulturen. Dess historia \u00e4r t\u00e4tt sammanl\u00e4nkad med kyrkans framv\u00e4xt men firas av ett v\u00e4ldigt&#8230;<\/p>\n\t\t\t\t\t\t<\/div><!-- .entry-summary -->\n\t\t\t\t\t<\/div><!-- wp-show-posts-inner --><\/article><article class=\"wp-show-posts-single post-162 post type-post status-publish format-standard hentry category-dagar wpsp-col-6\" itemtype=\"http:\/\/schema.org\/CreativeWork\" itemscope><div class=\"wp-show-posts-inner\" style=\"\">\t\t\t\t\t\t<div class=\"wp-show-posts-entry-summary\" itemprop=\"text\">\n\t\t\t\t\t\t\t<p>Midsommardagen \u00c4ven om midsommar f\u00f6r m\u00e5nga f\u00f6r tankarna till ett specifikt svenskt firande s\u00e5 \u00e4r midsommardagen en unik h\u00f6gtid som utspelar sig p\u00e5 ett stort antal olika platser i v\u00e4rlden&#8230;.<\/p>\n\t\t\t\t\t\t<\/div><!-- .entry-summary -->\n\t\t\t\t\t<\/div><!-- wp-show-posts-inner --><\/article><article class=\"wp-show-posts-single post-167 post type-post status-publish format-standard hentry category-dagar wpsp-col-6\" itemtype=\"http:\/\/schema.org\/CreativeWork\" itemscope><div class=\"wp-show-posts-inner\" style=\"\">\t\t\t\t\t\t<div class=\"wp-show-posts-entry-summary\" itemprop=\"text\">\n\t\t\t\t\t\t\t<p>Alla helgons dag Alla helgons dag \u00e4r en v\u00e4ldigt m\u00e5ngfacetterad h\u00f6gtid vars historia p\u00e5 s\u00e4tt och vis \u00e4r dold i dunkel. Men som kristen tradition har den visat sig vara&#8230;<\/p>\n\t\t\t\t\t\t<\/div><!-- .entry-summary -->\n\t\t\t\t\t<\/div><!-- wp-show-posts-inner --><\/article><article class=\"wp-show-posts-single post-146 post type-post status-publish format-standard hentry category-dagar wpsp-col-6\" itemtype=\"http:\/\/schema.org\/CreativeWork\" itemscope><div class=\"wp-show-posts-inner\" style=\"\">\t\t\t\t\t\t<div class=\"wp-show-posts-entry-summary\" itemprop=\"text\">\n\t\t\t\t\t\t\t<p>L\u00e5ngfredagen och Annandag p\u00e5sk Inom kristen tradition s\u00e5 \u00e4r l\u00e5ngfredag och annandag p\u00e5sk tv\u00e5 v\u00e4ldigt viktiga h\u00f6gtider som b\u00e5de \u00e4r v\u00e4sentliga i uppm\u00e4rksammandet av Jesus. Men \u00e4ven i den sekulariserade&#8230;<\/p>\n\t\t\t\t\t\t<\/div><!-- .entry-summary -->\n\t\t\t\t\t<\/div><!-- wp-show-posts-inner --><\/article><div class=\"wpsp-clear\"><\/div><\/section><!-- .wp-show-posts -->","protected":false},"excerpt":{"rendered":"","protected":false},"author":1,"featured_media":0,"parent":0,"menu_order":0,"comment_status":"closed","ping_status":"closed","template":"","meta":{"site-sidebar-layout":"default","site-content-layout":"default","ast-site-content-layout":"","site-content-style":"default","site-sidebar-style":"default","ast-global-header-display":"","ast-banner-title-visibility":"","ast-main-header-display":"","ast-hfb-above-header-display":"","ast-hfb-below-header-display":"","ast-hfb-mobile-header-display":"","site-post-title":"","ast-breadcrumbs-content":"","ast-featured-img":"","footer-sml-layout":"","theme-transparent-header-meta":"default","adv-header-id-meta":"","stick-header-meta":"","header-above-stick-meta":"","header-main-stick-meta":"","header-below-stick-meta":"","astra-migrate-meta-layouts":"default","ast-page-background-enabled":"default","ast-page-background-meta":{"desktop":{"background-color":"var(--ast-global-color-4)","background-image":"","background-repeat":"repeat","background-position":"center center","background-size":"auto","background-attachment":"scroll","background-type":"","background-media":"","overlay-type":"","overlay-color":"","overlay-opacity":"","overlay-gradient":""},"tablet":{"background-color":"","background-image":"","background-repeat":"repeat","background-position":"center center","background-size":"auto","background-attachment":"scroll","background-type":"","background-media":"","overlay-type":"","overlay-color":"","overlay-opacity":"","overlay-gradient":""},"mobile":{"background-color":"","background-image":"","background-repeat":"repeat","background-position":"center center","background-size":"auto","background-attachment":"scroll","background-type":"","background-media":"","overlay-type":"","overlay-color":"","overlay-opacity":"","overlay-gradient":""}},"ast-content-background-meta":{"desktop":{"background-color":"var(--ast-global-color-5)","background-image":"","background-repeat":"repeat","background-position":"center center","background-size":"auto","background-attachment":"scroll","background-type":"","background-media":"","overlay-type":"","overlay-color":"","overlay-opacity":"","overlay-gradient":""},"tablet":{"background-color":"var(--ast-global-color-5)","background-image":"","background-repeat":"repeat","background-position":"center center","background-size":"auto","background-attachment":"scroll","background-type":"","background-media":"","overlay-type":"","overlay-color":"","overlay-opacity":"","overlay-gradient":""},"mobile":{"background-color":"var(--ast-global-color-5)","background-image":"","background-repeat":"repeat","background-position":"center center","background-size":"auto","background-attachment":"scroll","background-type":"","background-media":"","overlay-type":"","overlay-color":"","overlay-opacity":"","overlay-gradient":""}},"footnotes":""},"class_list":["post-214","page","type-page","status-publish","hentry"],"_links":{"self":[{"href":"https:\/\/xn--arbetstimmarpermnad-gxb.se\/fi\/wp-json\/wp\/v2\/pages\/214","targetHints":{"allow":["GET"]}}],"collection":[{"href":"https:\/\/xn--arbetstimmarpermnad-gxb.se\/fi\/wp-json\/wp\/v2\/pages"}],"about":[{"href":"https:\/\/xn--arbetstimmarpermnad-gxb.se\/fi\/wp-json\/wp\/v2\/types\/page"}],"author":[{"embeddable":true,"href":"https:\/\/xn--arbetstimmarpermnad-gxb.se\/fi\/wp-json\/wp\/v2\/users\/1"}],"replies":[{"embeddable":true,"href":"https:\/\/xn--arbetstimmarpermnad-gxb.se\/fi\/wp-json\/wp\/v2\/comments?post=214"}],"version-history":[{"count":3,"href":"https:\/\/xn--arbetstimmarpermnad-gxb.se\/fi\/wp-json\/wp\/v2\/pages\/214\/revisions"}],"predecessor-version":[{"id":230,"href":"https:\/\/xn--arbetstimmarpermnad-gxb.se\/fi\/wp-json\/wp\/v2\/pages\/214\/revisions\/230"}],"wp:attachment":[{"href":"https:\/\/xn--arbetstimmarpermnad-gxb.se\/fi\/wp-json\/wp\/v2\/media?parent=214"}],"curies":[{"name":"wp","href":"https:\/\/api.w.org\/{rel}","templated":true}]}}