{"id":116,"date":"2009-01-01T11:09:11","date_gmt":"2009-01-01T10:09:11","guid":{"rendered":"https:\/\/xn--arbetstimmarpermnad-gxb.se\/?page_id=116"},"modified":"2023-09-09T17:39:52","modified_gmt":"2023-09-09T15:39:52","slug":"arbetstimmar-per-manad-2023","status":"publish","type":"page","link":"https:\/\/xn--arbetstimmarpermnad-gxb.se\/fi\/tyotunteja-kuukaudessa-2023\/","title":{"rendered":"Ty\u00f6tunnit kuukaudessa 2023"},"content":{"rendered":"<table id=\"tablepress-5\" class=\"tablepress tablepress-id-5 tablepress-responsive\">\n<thead>\n<tr class=\"row-1\">\n\t<th class=\"column-1\">Kuukausi<\/th><th class=\"column-2\">Ty\u00f6p\u00e4iv\u00e4t<\/th><th class=\"column-3\">Ty\u00f6tunnit<\/th><th class=\"column-4\">la &amp; su.<\/th><th class=\"column-5\">muut<\/th>\n<\/tr>\n<\/thead>\n<tbody class=\"row-striping row-hover\">\n<tr class=\"row-2\">\n\t<td class=\"column-1\">tammikuu<\/td><td class=\"column-2\">21<\/td><td class=\"column-3\">168<\/td><td class=\"column-4\">9<\/td><td class=\"column-5\">1<\/td>\n<\/tr>\n<tr class=\"row-3\">\n\t<td class=\"column-1\">helmikuu<\/td><td class=\"column-2\">20<\/td><td class=\"column-3\">160<\/td><td class=\"column-4\">8<\/td><td class=\"column-5\">0<\/td>\n<\/tr>\n<tr class=\"row-4\">\n\t<td class=\"column-1\">maaliskuuta<\/td><td class=\"column-2\">23<\/td><td class=\"column-3\">184<\/td><td class=\"column-4\">8<\/td><td class=\"column-5\">0<\/td>\n<\/tr>\n<tr class=\"row-5\">\n\t<td class=\"column-1\">huhtikuu<\/td><td class=\"column-2\">18<\/td><td class=\"column-3\">144<\/td><td class=\"column-4\">10<\/td><td class=\"column-5\">2<\/td>\n<\/tr>\n<tr class=\"row-6\">\n\t<td class=\"column-1\">saattaa<\/td><td class=\"column-2\">21<\/td><td class=\"column-3\">168<\/td><td class=\"column-4\">8<\/td><td class=\"column-5\">2<\/td>\n<\/tr>\n<tr class=\"row-7\">\n\t<td class=\"column-1\">kes\u00e4kuuta<\/td><td class=\"column-2\">19<\/td><td class=\"column-3\">152<\/td><td class=\"column-4\">8<\/td><td class=\"column-5\">2<\/td>\n<\/tr>\n<tr class=\"row-8\">\n\t<td class=\"column-1\">hein\u00e4kuu<\/td><td class=\"column-2\">21<\/td><td class=\"column-3\">168<\/td><td class=\"column-4\">10<\/td><td class=\"column-5\">0<\/td>\n<\/tr>\n<tr class=\"row-9\">\n\t<td class=\"column-1\">elokuu<\/td><td class=\"column-2\">23<\/td><td class=\"column-3\">184<\/td><td class=\"column-4\">8<\/td><td class=\"column-5\">0<\/td>\n<\/tr>\n<tr class=\"row-10\">\n\t<td class=\"column-1\">syyskuu<\/td><td class=\"column-2\">21<\/td><td class=\"column-3\">168<\/td><td class=\"column-4\">9<\/td><td class=\"column-5\">0<\/td>\n<\/tr>\n<tr class=\"row-11\">\n\t<td class=\"column-1\">lokakuu<\/td><td class=\"column-2\">22<\/td><td class=\"column-3\">176<\/td><td class=\"column-4\">9<\/td><td class=\"column-5\">0<\/td>\n<\/tr>\n<tr class=\"row-12\">\n\t<td class=\"column-1\">marraskuu<\/td><td class=\"column-2\">22<\/td><td class=\"column-3\">176<\/td><td class=\"column-4\">8<\/td><td class=\"column-5\">0<\/td>\n<\/tr>\n<tr class=\"row-13\">\n\t<td class=\"column-1\">joulukuu<\/td><td class=\"column-2\">19<\/td><td class=\"column-3\">152<\/td><td class=\"column-4\">10<\/td><td class=\"column-5\">2<\/td>\n<\/tr>\n<tr class=\"row-14\">\n\t<td class=\"column-1\"><strong>Vuotuinen ty\u00f6aika yhteens\u00e4<\/strong><\/td><td class=\"column-2\"><strong>250<\/strong><\/td><td class=\"column-3\"><strong>2000<\/strong><\/td><td class=\"column-4\"><strong>105<\/strong><\/td><td class=\"column-5\"><strong>9<\/strong><\/td>\n<\/tr>\n<\/tbody>\n<tfoot>\n<tr class=\"row-15\">\n\t<th class=\"column-1\">Keskim\u00e4\u00e4r\u00e4inen \/ kuukausi<\/th><th class=\"column-2\">21<\/th><th class=\"column-3\">167<\/th><th class=\"column-4\">8.75<\/th><th class=\"column-5\">0.75<\/th>\n<\/tr>\n<\/tfoot>\n<\/table>\n\n<style>.wp-show-posts-columns#wpsp-113 {margin-left: -2em; }.wp-show-posts-columns#wpsp-113 .wp-show-posts-inner {margin: 0 0 2em 2em; }<\/style><section id=\"wpsp-113\" class=\"wp-show-posts\" style=\"\"><article class=\"wp-show-posts-single wpsp-clearfix post-167 post type-post status-publish format-standard hentry category-dagar\" itemtype=\"http:\/\/schema.org\/CreativeWork\" itemscope><div class=\"wp-show-posts-inner\" style=\"\">\t\t\t\t\t\t<header class=\"wp-show-posts-entry-header\">\n\t\t\t\t\t\t\t<h2 class=\"wp-show-posts-entry-title\" itemprop=\"headline\"><a href=\"https:\/\/xn--arbetstimmarpermnad-gxb.se\/fi\/pyhainpaiva\/\" rel=\"bookmark\">Pyh\u00e4inp\u00e4iv\u00e4<\/a><\/h2>\t\t\t\t\t\t<\/header><!-- .entry-header -->\n\t\t\t\t\t\t\t\t\t\t\t<div class=\"wp-show-posts-entry-content\" itemprop=\"text\">\n\t\t\t\t\t\t\t<img loading=\"lazy\" decoding=\"async\" class=\"aligncenter size-large wp-image-168\" src=\"https:\/\/xn--arbetstimmarpermnad-gxb.se\/wp-content\/uploads\/2022\/04\/alla-helgons-dag-1024x577.webp\" alt=\"Pyh\u00e4inp\u00e4iv\u00e4\" width=\"1024\" height=\"577\" srcset=\"https:\/\/xn--arbetstimmarpermnad-gxb.se\/wp-content\/uploads\/2022\/04\/alla-helgons-dag-1024x577.webp 1024w, https:\/\/xn--arbetstimmarpermnad-gxb.se\/wp-content\/uploads\/2022\/04\/alla-helgons-dag-300x169.webp 300w, https:\/\/xn--arbetstimmarpermnad-gxb.se\/wp-content\/uploads\/2022\/04\/alla-helgons-dag-768x432.webp 768w, https:\/\/xn--arbetstimmarpermnad-gxb.se\/wp-content\/uploads\/2022\/04\/alla-helgons-dag-1536x865.webp 1536w, https:\/\/xn--arbetstimmarpermnad-gxb.se\/wp-content\/uploads\/2022\/04\/alla-helgons-dag-2048x1153.webp 2048w\" sizes=\"auto, (max-width: 1024px) 100vw, 1024px\" \/>\r\n<h1 class=\"western\" align=\"JUSTIFY\">Pyh\u00e4inp\u00e4iv\u00e4<\/h1>\r\n<p align=\"JUSTIFY\">Pyhien p\u00e4iv\u00e4 on hyvin monipuolinen juhla, jonka historia on tavallaan piilossa h\u00e4m\u00e4r\u00e4ss\u00e4. Mutta kristillisen\u00e4 perinteen\u00e4 se on osoittautunut ep\u00e4tavallisen monitahoiseksi ja el\u00e4v\u00e4ksi. T\u00e4m\u00e4 on tehnyt sit\u00e4 juhlittu monin eri tavoin riippuen siit\u00e4, miss\u00e4 olet maailmassa.<\/p>\r\n<p align=\"JUSTIFY\">Olemme katsoneet pyh\u00e4inp\u00e4iv\u00e4\u00e4 ja n\u00e4hneet, mik\u00e4 erottaa sen muista.<\/p>\r\n\r\n<h2 class=\"western\" align=\"JUSTIFY\">Yleinen, mutta v\u00e4\u00e4rinymm\u00e4rretty p\u00e4iv\u00e4<\/h2>\r\n<p align=\"JUSTIFY\">Pyh\u00e4inp\u00e4iv\u00e4n l\u00e4ht\u00f6kohtana pidet\u00e4\u00e4n tyypillisesti kirkollista pyrkimyst\u00e4 kiinnitt\u00e4\u00e4 pyhien ja marttyyrien huomio uhrauksiinsa. Kaikkien pyhien p\u00e4iv\u00e4 on kristillinen juhla, jossa juhlitaan kaikkien pyhien el\u00e4m\u00e4\u00e4. Se, milloin sit\u00e4 juhlitaan, vaihtelee eri puolilla maailmaa, mutta yleens\u00e4 se tapahtuu 1. marraskuuta tai joskus 31. lokakuuta ja 6. marraskuuta v\u00e4lill\u00e4.<\/p>\r\n<p align=\"JUSTIFY\">Mutta mik\u00e4 pyhimys oikein on? Pyhimys on henkil\u00f6, jonka kirkko on tunnustanut saavuttaneen eritt\u00e4in korkean pyhyyden ja hyveen tason.<\/p>\r\n<p align=\"JUSTIFY\">Ajan my\u00f6t\u00e4 pyhimysten p\u00e4iv\u00e4st\u00e4 on kuitenkin tullut enemm\u00e4n maallisesta el\u00e4m\u00e4st\u00e4 l\u00e4hteneiden ihmisten yleist\u00e4 huomiota. Olipa kyse pyhimyksist\u00e4 tai omista rakkaistamme. Siksi nykyp\u00e4iv\u00e4n pyh\u00e4inp\u00e4iv\u00e4n viett\u00e4minen liittyy l\u00e4heisesti hautausmaalla vierailemiseen. Kynttil\u00f6iden sytt\u00e4minen ja haudalla k\u00e4ynti on huomattavasti yleisemp\u00e4\u00e4 kuin kirkossa viett\u00e4minen.<\/p>\r\n<p align=\"JUSTIFY\">Monissa paikoissa p\u00e4iv\u00e4 todenn\u00e4k\u00f6isesti liittyy enemm\u00e4n Halloweeniin, vaikka ne eiv\u00e4t oikeastaan liity muuten kuin ett\u00e4 ne tapahtuvat per\u00e4kk\u00e4in. T\u00e4m\u00e4n katsotaan yleens\u00e4 johtuvan kielellisest\u00e4 yhteydest\u00e4.<\/p>\r\n<p align=\"JUSTIFY\">Pyh\u00e4inp\u00e4iv\u00e4 on edelleen suosittu juhla, mutta sit\u00e4 vietet\u00e4\u00e4n monin eri tavoin. Omana aikanamme se on luultavasti kohdannut monella tapaa suurta kilpailua Halloweenin kanssa, vaikka n\u00e4ill\u00e4 kahdella ilmi\u00f6ll\u00e4 on t\u00e4ysin eri alkuper\u00e4.<\/p>\r\n<div class=\"ast-oembed-container\" style=\"height: 100%;\"><iframe loading=\"lazy\" title=\"Ruotsin juhlapyh\u00e4t - pyhimysten p\u00e4iv\u00e4 - pyhimysten p\u00e4iv\u00e4\" width=\"500\" height=\"281\" src=\"https:\/\/www.youtube.com\/embed\/Ff2CfhMfbPQ?feature=oembed\" frameborder=\"0\" allow=\"accelerometer; autoplay; clipboard-write; encrypted-media; gyroscope; picture-in-picture; web-share\" referrerpolicy=\"strict-origin-when-cross-origin\" allowfullscreen><\/iframe><\/div>\t\t\t\t\t\t<\/div><!-- .entry-content -->\n\t\t\t\t\t<div class=\"wpsp-read-more\"><a title=\"Pyh\u00e4inp\u00e4iv\u00e4\" class=\"wp-show-posts-read-more\" href=\"https:\/\/xn--arbetstimmarpermnad-gxb.se\/fi\/pyhainpaiva\/\">Lue lis\u00e4\u00e4...<\/a><\/div><\/div><!-- wp-show-posts-inner --><div class=\"wpsp-clear\"><\/div><\/article><article class=\"wp-show-posts-single wpsp-clearfix post-142 post type-post status-publish format-standard hentry category-dagar\" itemtype=\"http:\/\/schema.org\/CreativeWork\" itemscope><div class=\"wp-show-posts-inner\" style=\"\">\t\t\t\t\t\t<header class=\"wp-show-posts-entry-header\">\n\t\t\t\t\t\t\t<h2 class=\"wp-show-posts-entry-title\" itemprop=\"headline\"><a href=\"https:\/\/xn--arbetstimmarpermnad-gxb.se\/fi\/joulu-paiva-ja-toinen-paiva-joulu\/\" rel=\"bookmark\">Joulup\u00e4iv\u00e4 ja jouluaatto<\/a><\/h2>\t\t\t\t\t\t<\/header><!-- .entry-header -->\n\t\t\t\t\t\t\t\t\t\t\t<div class=\"wp-show-posts-entry-content\" itemprop=\"text\">\n\t\t\t\t\t\t\t<h1 class=\"western\" align=\"JUSTIFY\"><img loading=\"lazy\" decoding=\"async\" class=\"aligncenter size-full wp-image-143\" src=\"https:\/\/xn--arbetstimmarpermnad-gxb.se\/wp-content\/uploads\/2022\/04\/juldagen-och-annandag-jul.jpg\" alt=\"Joulup\u00e4iv\u00e4 ja jouluaatto\" width=\"1024\" height=\"576\" srcset=\"https:\/\/xn--arbetstimmarpermnad-gxb.se\/wp-content\/uploads\/2022\/04\/juldagen-och-annandag-jul.jpg 1024w, https:\/\/xn--arbetstimmarpermnad-gxb.se\/wp-content\/uploads\/2022\/04\/juldagen-och-annandag-jul-300x169.jpg 300w, https:\/\/xn--arbetstimmarpermnad-gxb.se\/wp-content\/uploads\/2022\/04\/juldagen-och-annandag-jul-768x432.jpg 768w\" sizes=\"auto, (max-width: 1024px) 100vw, 1024px\" \/>Joulup\u00e4iv\u00e4 ja jouluaatto<\/h1>\n<p align=\"JUSTIFY\">Maanantai ja joulup\u00e4iv\u00e4 ovat kaksi hyvin vakiintunutta juhlap\u00e4iv\u00e4\u00e4 yhteisess\u00e4 l\u00e4nsimaisessa kulttuurissa. Sen historia liittyy l\u00e4heisesti kirkon kasvuun, mutta sit\u00e4 juhlii hyvin suuri joukko ihmisi\u00e4 ilman l\u00e4heisemp\u00e4\u00e4 kirkollista yhteytt\u00e4. Monille ruotsalaisille n\u00e4it\u00e4 p\u00e4ivi\u00e4 leimaa l\u00e4hinn\u00e4 er\u00e4\u00e4nlainen myrskyn j\u00e4lkeinen tyynyys, jossa viet\u00e4mme aikaa nauttien joulun j\u00e4lkeisest\u00e4 tyynest\u00e4 ja keskittyen nykyhetkeen.<\/p>\n<p align=\"JUSTIFY\">Mutta mist\u00e4 n\u00e4iss\u00e4 p\u00e4iviss\u00e4 on kyse? Olemme katsoneet tarkemmin joulup\u00e4iv\u00e4\u00e4 ja joulun toista p\u00e4iv\u00e4\u00e4.<\/p>\n<h2 class=\"western\" align=\"JUSTIFY\">Joulup\u00e4iv\u00e4<\/h2>\n<p align=\"JUSTIFY\">Joulup\u00e4iv\u00e4 on alun perin kristillinen juhla, jonka tarkoituksena on juhlistaa Jeesuksen syntym\u00e4\u00e4, ja siksi sit\u00e4 vietet\u00e4\u00e4n joka vuosi 25. joulukuuta. Nykyaikana joulup\u00e4iv\u00e4st\u00e4 on kuitenkin muodostunut yhteisen joulujuhlan symboli, jolle ovat ominaisia kuuset, kynttil\u00e4t, koristeet ja yleiset koristeet.<\/p>\n<p align=\"JUSTIFY\">Perinteiselle juhlalle on tunnusomaista iltaisin kirkollinen messu, joka ulottuu puoleny\u00f6n j\u00e4lkeen ja merkitsee jouluy\u00f6n siirtym\u00e4\u00e4. Siksi sit\u00e4 kutsutaan my\u00f6s joulun y\u00f6messuiksi. Monille ihmisille joulup\u00e4iv\u00e4 on p\u00e4\u00e4asiassa jouluaaton j\u00e4lkeinen p\u00e4iv\u00e4, ja siksi se merkitsee joulun viett\u00e4misen hidasta loppua, ei erityisen merkitt\u00e4v\u00e4\u00e4 lomaa. T\u00e4m\u00e4 vastaa my\u00f6s pohjoismaista perinnett\u00e4, jossa joulua edelt\u00e4v\u00e4\u00e4 p\u00e4iv\u00e4\u00e4 pidettiin t\u00e4rkeimp\u00e4n\u00e4.<\/p>\n<h2 class=\"western\">Joulun toinen p\u00e4iv\u00e4<\/h2>\n<p>Joulup\u00e4iv\u00e4 on joulup\u00e4iv\u00e4n j\u00e4lkeinen p\u00e4iv\u00e4. Sit\u00e4 kutsutaan usein my\u00f6s toiseksi p\u00e4iv\u00e4ksi. Se tapahtuu joulun j\u00e4lkeisen\u00e4 p\u00e4iv\u00e4n\u00e4 ja on siten toinen p\u00e4iv\u00e4 Jeesuksen syntym\u00e4n j\u00e4lkeen. Monissa osissa maailmaa se on juhlap\u00e4iv\u00e4, mutta sen viett\u00e4minen vaihtelee suuresti. Ruotsissa se on tyypillisesti tarkoittanut varsin hillitty\u00e4 juhlaa, jossa p\u00e4\u00e4asiassa nautitaan rauhasta usein hektisen joulun j\u00e4lkeen.<\/p>\n<p>Monissa maissa, joissa puhutaan englantia, toista p\u00e4iv\u00e4\u00e4 kutsutaan tapaninp\u00e4iv\u00e4ksi. Tapaninp\u00e4iv\u00e4 on yleinen vapaap\u00e4iv\u00e4 muun muassa Australiassa, Kanadassa, Irlannissa, Uudessa-Seelannissa ja Isossa-Britanniassa. Yhdysvalloissa se on ep\u00e4virallinen kokonainen p\u00e4iv\u00e4. Aivan kuten toinenkin p\u00e4iv\u00e4 on joulukuun 26. p\u00e4iv\u00e4.<\/p>\n<p>&nbsp;<\/p>\n\t\t\t\t\t\t<\/div><!-- .entry-content -->\n\t\t\t\t\t<div class=\"wpsp-read-more\"><a title=\"Joulup\u00e4iv\u00e4 ja jouluaatto\" class=\"wp-show-posts-read-more\" href=\"https:\/\/xn--arbetstimmarpermnad-gxb.se\/fi\/joulu-paiva-ja-toinen-paiva-joulu\/\">Lue lis\u00e4\u00e4...<\/a><\/div><\/div><!-- wp-show-posts-inner --><div class=\"wpsp-clear\"><\/div><\/article><\/section><!-- .wp-show-posts -->","protected":false},"excerpt":{"rendered":"","protected":false},"author":1,"featured_media":0,"parent":0,"menu_order":0,"comment_status":"closed","ping_status":"closed","template":"","meta":{"site-sidebar-layout":"default","site-content-layout":"default","ast-site-content-layout":"","site-content-style":"default","site-sidebar-style":"default","ast-global-header-display":"","ast-banner-title-visibility":"","ast-main-header-display":"","ast-hfb-above-header-display":"","ast-hfb-below-header-display":"","ast-hfb-mobile-header-display":"","site-post-title":"","ast-breadcrumbs-content":"","ast-featured-img":"","footer-sml-layout":"","theme-transparent-header-meta":"default","adv-header-id-meta":"","stick-header-meta":"","header-above-stick-meta":"","header-main-stick-meta":"","header-below-stick-meta":"","astra-migrate-meta-layouts":"default","ast-page-background-enabled":"default","ast-page-background-meta":{"desktop":{"background-color":"var(--ast-global-color-4)","background-image":"","background-repeat":"repeat","background-position":"center center","background-size":"auto","background-attachment":"scroll","background-type":"","background-media":"","overlay-type":"","overlay-color":"","overlay-opacity":"","overlay-gradient":""},"tablet":{"background-color":"","background-image":"","background-repeat":"repeat","background-position":"center center","background-size":"auto","background-attachment":"scroll","background-type":"","background-media":"","overlay-type":"","overlay-color":"","overlay-opacity":"","overlay-gradient":""},"mobile":{"background-color":"","background-image":"","background-repeat":"repeat","background-position":"center center","background-size":"auto","background-attachment":"scroll","background-type":"","background-media":"","overlay-type":"","overlay-color":"","overlay-opacity":"","overlay-gradient":""}},"ast-content-background-meta":{"desktop":{"background-color":"var(--ast-global-color-5)","background-image":"","background-repeat":"repeat","background-position":"center center","background-size":"auto","background-attachment":"scroll","background-type":"","background-media":"","overlay-type":"","overlay-color":"","overlay-opacity":"","overlay-gradient":""},"tablet":{"background-color":"var(--ast-global-color-5)","background-image":"","background-repeat":"repeat","background-position":"center center","background-size":"auto","background-attachment":"scroll","background-type":"","background-media":"","overlay-type":"","overlay-color":"","overlay-opacity":"","overlay-gradient":""},"mobile":{"background-color":"var(--ast-global-color-5)","background-image":"","background-repeat":"repeat","background-position":"center center","background-size":"auto","background-attachment":"scroll","background-type":"","background-media":"","overlay-type":"","overlay-color":"","overlay-opacity":"","overlay-gradient":""}},"footnotes":""},"class_list":["post-116","page","type-page","status-publish","hentry"],"_links":{"self":[{"href":"https:\/\/xn--arbetstimmarpermnad-gxb.se\/fi\/wp-json\/wp\/v2\/pages\/116","targetHints":{"allow":["GET"]}}],"collection":[{"href":"https:\/\/xn--arbetstimmarpermnad-gxb.se\/fi\/wp-json\/wp\/v2\/pages"}],"about":[{"href":"https:\/\/xn--arbetstimmarpermnad-gxb.se\/fi\/wp-json\/wp\/v2\/types\/page"}],"author":[{"embeddable":true,"href":"https:\/\/xn--arbetstimmarpermnad-gxb.se\/fi\/wp-json\/wp\/v2\/users\/1"}],"replies":[{"embeddable":true,"href":"https:\/\/xn--arbetstimmarpermnad-gxb.se\/fi\/wp-json\/wp\/v2\/comments?post=116"}],"version-history":[{"count":2,"href":"https:\/\/xn--arbetstimmarpermnad-gxb.se\/fi\/wp-json\/wp\/v2\/pages\/116\/revisions"}],"predecessor-version":[{"id":219,"href":"https:\/\/xn--arbetstimmarpermnad-gxb.se\/fi\/wp-json\/wp\/v2\/pages\/116\/revisions\/219"}],"wp:attachment":[{"href":"https:\/\/xn--arbetstimmarpermnad-gxb.se\/fi\/wp-json\/wp\/v2\/media?parent=116"}],"curies":[{"name":"wp","href":"https:\/\/api.w.org\/{rel}","templated":true}]}}