{"id":106,"date":"2022-04-06T16:12:23","date_gmt":"2022-04-06T14:12:23","guid":{"rendered":"https:\/\/xn--arbetstimmarpermnad-gxb.se\/?page_id=106"},"modified":"2022-04-19T14:22:55","modified_gmt":"2022-04-19T12:22:55","slug":"arbetstimmar-per-manad-2022","status":"publish","type":"page","link":"https:\/\/xn--arbetstimmarpermnad-gxb.se\/fi\/tyotunteja-kuukaudessa-2022\/","title":{"rendered":"Ty\u00f6tunnit kuukaudessa 2022"},"content":{"rendered":"<p>Kun puhutaan ty\u00f6tuntien m\u00e4\u00e4r\u00e4st\u00e4 kuukaudessa vuonna 2022, sanotaan yleens\u00e4 160, mik\u00e4 ei useinkaan pid\u00e4 paikkaansa. Esimerkiksi t\u00e4n\u00e4 vuonna (2022) se on 152-184 ty\u00f6tuntia ja keskim\u00e4\u00e4rin 169 tuntia kuukaudessa! T\u00e4st\u00e4 alla olevasta taulukosta n\u00e4et tarkalleen kuinka monta ty\u00f6p\u00e4iv\u00e4\u00e4, ty\u00f6aikaa, lauantai- ja sunnuntaip\u00e4ivien lukum\u00e4\u00e4r\u00e4\u00e4 sek\u00e4 muita vapaita p\u00e4ivi\u00e4, esimerkiksi punaisia p\u00e4ivi\u00e4, juhannusaattoa, jouluaattoa ja uudenvuodenaattoa. Jos punainen p\u00e4iv\u00e4 osuu samaan aikaan lauantain tai sunnuntain kanssa, se sis\u00e4llytet\u00e4\u00e4n lauantai- ja sunnuntaisarakkeeseen. Laskemme my\u00f6s 8 tunnin ty\u00f6p\u00e4iviin. Se, mitk\u00e4 p\u00e4iv\u00e4t Ruotsissa lasketaan yleisiksi vapaap\u00e4iviksi, on s\u00e4\u00e4detty <a href=\"https:\/\/www.riksdagen.se\/sv\/dokument-lagar\/dokument\/svensk-forfattningssamling\/lag-1989253-om-allmanna-helgdagar_sfs-1989-253\" target=\"_blank\" rel=\"nofollow noopener\" data-schema-attribute=\"\">Viive (1989: 253)<\/a> &quot;Yleispyh\u00e4laki&quot;. Suurin osa ihmisist\u00e4 on siis vapaita seuraavina pyh\u00e4p\u00e4ivin\u00e4, vaikka ne satuisivatkin tavalliseen arkip\u00e4iv\u00e4\u00e4n:<\/p>\r\n<ul>\r\n<li><a href=\"https:\/\/xn--arbetstimmarpermnad-gxb.se\/fi\/paasiainen-ja-helluntai\/\">P\u00e4\u00e4si\u00e4isp\u00e4iv\u00e4 ja helluntai<\/a><\/li>\r\n<li><a href=\"https:\/\/xn--arbetstimmarpermnad-gxb.se\/fi\/uudenvuodenpaiva-ja-kolmetoista-paiva-joulu\/\">uudenvuodenp\u00e4iv\u00e4 ja joulun kolmastoista p\u00e4iv\u00e4<\/a><\/li>\r\n<li><a href=\"https:\/\/xn--arbetstimmarpermnad-gxb.se\/fi\/forsta-maj\/\">Toukokuun 1. p\u00e4iv\u00e4<\/a><\/li>\r\n<li><a href=\"https:\/\/xn--arbetstimmarpermnad-gxb.se\/fi\/joulu-paiva-ja-toinen-paiva-joulu\/\">Joulup\u00e4iv\u00e4 ja jouluaatto<\/a><\/li>\r\n<li><a href=\"https:\/\/xn--arbetstimmarpermnad-gxb.se\/fi\/pitkaperjantai-maanantai-paasiainen\/\">Pitk\u00e4perjantai ja p\u00e4\u00e4si\u00e4ismaanantai<\/a><\/li>\r\n<li><a href=\"https:\/\/xn--arbetstimmarpermnad-gxb.se\/fi\/helatorstai\/\">Helatorstai<\/a><\/li>\r\n<li><a href=\"https:\/\/xn--arbetstimmarpermnad-gxb.se\/fi\/ruotsin-kansallispaiva\/\">Ruotsin kansallisp\u00e4iv\u00e4<\/a><\/li>\r\n<li><a href=\"https:\/\/xn--arbetstimmarpermnad-gxb.se\/fi\/juhannuspaiva\/\">Juhannusp\u00e4iv\u00e4<\/a><\/li>\r\n<li><a href=\"https:\/\/xn--arbetstimmarpermnad-gxb.se\/fi\/pyhainpaiva\/\">Pyh\u00e4inp\u00e4iv\u00e4<\/a><\/li>\r\n<\/ul>\r\n\r\n\r\n\n<table id=\"tablepress-3\" class=\"tablepress tablepress-id-3 tablepress-responsive\">\n<thead>\n<tr class=\"row-1\">\n\t<th class=\"column-1\">Kuukausi<\/th><th class=\"column-2\">Ty\u00f6p\u00e4iv\u00e4t<\/th><th class=\"column-3\">Ty\u00f6tunnit<\/th><th class=\"column-4\">la &amp; su.<\/th><th class=\"column-5\">muut<\/th>\n<\/tr>\n<\/thead>\n<tbody class=\"row-striping row-hover\">\n<tr class=\"row-2\">\n\t<td class=\"column-1\">tammikuu<\/td><td class=\"column-2\">20<\/td><td class=\"column-3\">160<\/td><td class=\"column-4\">10<\/td><td class=\"column-5\">1<\/td>\n<\/tr>\n<tr class=\"row-3\">\n\t<td class=\"column-1\">helmikuu<\/td><td class=\"column-2\">20<\/td><td class=\"column-3\">160<\/td><td class=\"column-4\">8<\/td><td class=\"column-5\">0<\/td>\n<\/tr>\n<tr class=\"row-4\">\n\t<td class=\"column-1\">maaliskuuta<\/td><td class=\"column-2\">23<\/td><td class=\"column-3\">184<\/td><td class=\"column-4\">8<\/td><td class=\"column-5\">0<\/td>\n<\/tr>\n<tr class=\"row-5\">\n\t<td class=\"column-1\">huhtikuu<\/td><td class=\"column-2\">19<\/td><td class=\"column-3\">152<\/td><td class=\"column-4\">9<\/td><td class=\"column-5\">2<\/td>\n<\/tr>\n<tr class=\"row-6\">\n\t<td class=\"column-1\">saattaa<\/td><td class=\"column-2\">21<\/td><td class=\"column-3\">168<\/td><td class=\"column-4\">9<\/td><td class=\"column-5\">1<\/td>\n<\/tr>\n<tr class=\"row-7\">\n\t<td class=\"column-1\">kes\u00e4kuuta<\/td><td class=\"column-2\">20<\/td><td class=\"column-3\">160<\/td><td class=\"column-4\">8<\/td><td class=\"column-5\">2<\/td>\n<\/tr>\n<tr class=\"row-8\">\n\t<td class=\"column-1\">hein\u00e4kuu<\/td><td class=\"column-2\">21<\/td><td class=\"column-3\">168<\/td><td class=\"column-4\">10<\/td><td class=\"column-5\">0<\/td>\n<\/tr>\n<tr class=\"row-9\">\n\t<td class=\"column-1\">elokuu<\/td><td class=\"column-2\">23<\/td><td class=\"column-3\">184<\/td><td class=\"column-4\">8<\/td><td class=\"column-5\">0<\/td>\n<\/tr>\n<tr class=\"row-10\">\n\t<td class=\"column-1\">syyskuu<\/td><td class=\"column-2\">22<\/td><td class=\"column-3\">176<\/td><td class=\"column-4\">8<\/td><td class=\"column-5\">0<\/td>\n<\/tr>\n<tr class=\"row-11\">\n\t<td class=\"column-1\">lokakuu<\/td><td class=\"column-2\">21<\/td><td class=\"column-3\">168<\/td><td class=\"column-4\">10<\/td><td class=\"column-5\">0<\/td>\n<\/tr>\n<tr class=\"row-12\">\n\t<td class=\"column-1\">marraskuu<\/td><td class=\"column-2\">22<\/td><td class=\"column-3\">176<\/td><td class=\"column-4\">8<\/td><td class=\"column-5\">0<\/td>\n<\/tr>\n<tr class=\"row-13\">\n\t<td class=\"column-1\">joulukuu<\/td><td class=\"column-2\">21<\/td><td class=\"column-3\">168<\/td><td class=\"column-4\">9<\/td><td class=\"column-5\">1<\/td>\n<\/tr>\n<tr class=\"row-14\">\n\t<td class=\"column-1\"><strong>Vuotuinen ty\u00f6aika yhteens\u00e4<\/strong><\/td><td class=\"column-2\"><strong>253<\/strong><\/td><td class=\"column-3\"><strong>2024<\/strong><\/td><td class=\"column-4\"><strong>105<\/strong><\/td><td class=\"column-5\"><strong>7<\/strong><\/td>\n<\/tr>\n<\/tbody>\n<tfoot>\n<tr class=\"row-15\">\n\t<th class=\"column-1\">Keskim\u00e4\u00e4r\u00e4inen \/ kuukausi<\/th><th class=\"column-2\">21<\/th><th class=\"column-3\">169<\/th><th class=\"column-4\">8.75<\/th><th class=\"column-5\">0.58<\/th>\n<\/tr>\n<\/tfoot>\n<\/table>\n\n<p>&nbsp;<\/p>\n\r\n\r\n\r\n<style>.wp-show-posts-columns#wpsp-113 {margin-left: -2em; }.wp-show-posts-columns#wpsp-113 .wp-show-posts-inner {margin: 0 0 2em 2em; }<\/style><section id=\"wpsp-113\" class=\"wp-show-posts\" style=\"\"><article class=\"wp-show-posts-single wpsp-clearfix post-135 post type-post status-publish format-standard hentry category-dagar\" itemtype=\"http:\/\/schema.org\/CreativeWork\" itemscope><div class=\"wp-show-posts-inner\" style=\"\">\t\t\t\t\t\t<header class=\"wp-show-posts-entry-header\">\n\t\t\t\t\t\t\t<h2 class=\"wp-show-posts-entry-title\" itemprop=\"headline\"><a href=\"https:\/\/xn--arbetstimmarpermnad-gxb.se\/fi\/forsta-maj\/\" rel=\"bookmark\">Toukokuun 1. p\u00e4iv\u00e4<\/a><\/h2>\t\t\t\t\t\t<\/header><!-- .entry-header -->\n\t\t\t\t\t\t\t\t\t\t\t<div class=\"wp-show-posts-entry-content\" itemprop=\"text\">\n\t\t\t\t\t\t\t<h1 class=\"western\" align=\"JUSTIFY\"><img loading=\"lazy\" decoding=\"async\" class=\"aligncenter size-full wp-image-136\" src=\"https:\/\/xn--arbetstimmarpermnad-gxb.se\/wp-content\/uploads\/2022\/04\/forsta-maj.jpg\" alt=\"1. toukokuuta - 1. toukokuuta\" width=\"732\" height=\"135\" srcset=\"https:\/\/xn--arbetstimmarpermnad-gxb.se\/wp-content\/uploads\/2022\/04\/forsta-maj.jpg 732w, https:\/\/xn--arbetstimmarpermnad-gxb.se\/wp-content\/uploads\/2022\/04\/forsta-maj-300x55.jpg 300w\" sizes=\"auto, (max-width: 732px) 100vw, 732px\" \/>Toukokuun 1. p\u00e4iv\u00e4<\/h1>\r\n<p align=\"JUSTIFY\">Vappu on 1800-luvun lopusta l\u00e4htien ollut yksi ty\u00f6v\u00e4enliikkeen t\u00e4rkeimmist\u00e4 toistuvista juhlista ja tapahtumista. Sen historia liittyy l\u00e4heisesti sosialismin nousuun Euroopassa, ja sill\u00e4 on ollut eritt\u00e4in vahva valta etenkin Ruotsissa.<\/p>\r\n<p align=\"JUSTIFY\">Mutta mist\u00e4 toukokuun ensimm\u00e4isest\u00e4 p\u00e4iv\u00e4st\u00e4 oikein on kyse?<\/p>\r\n\r\n<h2 class=\"western\" align=\"JUSTIFY\">Ty\u00f6v\u00e4enliikkeen kasvu<\/h2>\r\n<p align=\"JUSTIFY\">Huolimatta siit\u00e4, ett\u00e4 Yhdysvallat liitet\u00e4\u00e4n nyky\u00e4\u00e4n p\u00e4\u00e4asiassa vapaisiin markkinoihin, itse asiassa ensimm\u00e4inen toukokuu on per\u00e4isin sielt\u00e4. Vaikka teosten j\u00e4rjest\u00e4misell\u00e4 on paljon pidempi historia, useimmat uskovat sen mallin olevan Yhdysvalloissa vuonna 1884 tehty p\u00e4\u00e4t\u00f6s. Amerikkalainen ty\u00f6v\u00e4enliike Federation of Labour (AFL) p\u00e4\u00e4tti vaatia ty\u00f6p\u00e4iv\u00e4n laajaa rajoittamista kahdeksaan tuntiin.<\/p>\r\nToinen Internationaali oli Pariisissa perustettu j\u00e4rjest\u00f6, joka oli er\u00e4\u00e4nlainen symbolinen Ranskan vallankumouksen jatke, samalla kun se iski tulevien ty\u00f6ntekij\u00f6iden oikeuksiin. Niiden muodostuminen vuonna 1889 n\u00e4hd\u00e4\u00e4n my\u00f6s yleens\u00e4 er\u00e4\u00e4nlaisena ensimm\u00e4isen maissiasennon alkuna virallisena vapaap\u00e4iv\u00e4n\u00e4. Ty\u00f6v\u00e4enliike on sittemmin ollut hajautettu sosiaalinen liike, joka keskittyy ty\u00f6ntekij\u00f6iden oikeuksien parantamiseen. K\u00e4site on laaja ja kattaa sek\u00e4 j\u00e4rjest\u00e4ytyneet ammattiliitot ett\u00e4 yksil\u00f6iden tavoitteet ja ilmaisut. Ty\u00f6v\u00e4enliike on ollut aktiivinen monissa maissa l\u00e4pi historian, mutta menestynein se on l\u00e4ntisiss\u00e4 teollisuusmaissa. Ty\u00f6v\u00e4enliike yhdistet\u00e4\u00e4n usein sosialistisiin ja kommunistisiin poliittisiin puolueisiin ja j\u00e4rjest\u00f6ihin, mutta se ei v\u00e4ltt\u00e4m\u00e4tt\u00e4 ole sidottu mihink\u00e4\u00e4n tiettyyn ideologiaan.\r\n<h2 class=\"western\">Toukokuun ensimm\u00e4inen juna<\/h2>\r\nVappup\u00e4iv\u00e4n erityinen symboli on toukokuun ensimm\u00e4inen juna, joka kulkee vuosittain useissa maissa. Eik\u00e4 v\u00e4hiten Ruotsissa, sill\u00e4 on ollut eritt\u00e4in vahva asema. Laulu Internationalen on monessa paikassa junan enemm\u00e4n tai v\u00e4hemm\u00e4n virallinen tunnari. Vaikka juna on yleinen, heill\u00e4 on edelleen kiistanalainen asema monissa osissa maailmaa, joissa ty\u00f6v\u00e4enliikett\u00e4 ei viel\u00e4 hyv\u00e4ksyt\u00e4.\r\n<p align=\"JUSTIFY\"><\/p>\t\t\t\t\t\t<\/div><!-- .entry-content -->\n\t\t\t\t\t<div class=\"wpsp-read-more\"><a title=\"Toukokuun 1. p\u00e4iv\u00e4\" class=\"wp-show-posts-read-more\" href=\"https:\/\/xn--arbetstimmarpermnad-gxb.se\/fi\/forsta-maj\/\">Lue lis\u00e4\u00e4...<\/a><\/div><\/div><!-- wp-show-posts-inner --><div class=\"wpsp-clear\"><\/div><\/article><article class=\"wp-show-posts-single wpsp-clearfix post-152 post type-post status-publish format-standard hentry category-dagar\" itemtype=\"http:\/\/schema.org\/CreativeWork\" itemscope><div class=\"wp-show-posts-inner\" style=\"\">\t\t\t\t\t\t<header class=\"wp-show-posts-entry-header\">\n\t\t\t\t\t\t\t<h2 class=\"wp-show-posts-entry-title\" itemprop=\"headline\"><a href=\"https:\/\/xn--arbetstimmarpermnad-gxb.se\/fi\/helatorstai\/\" rel=\"bookmark\">Helatorstai<\/a><\/h2>\t\t\t\t\t\t<\/header><!-- .entry-header -->\n\t\t\t\t\t\t\t\t\t\t\t<div class=\"wp-show-posts-entry-content\" itemprop=\"text\">\n\t\t\t\t\t\t\t<h1 class=\"western\" align=\"JUSTIFY\"><img loading=\"lazy\" decoding=\"async\" class=\"aligncenter size-full wp-image-153\" src=\"https:\/\/xn--arbetstimmarpermnad-gxb.se\/wp-content\/uploads\/2022\/04\/kristi-himmelsfardsdag.jpg\" alt=\"Helatorstai\" width=\"600\" height=\"450\" srcset=\"https:\/\/xn--arbetstimmarpermnad-gxb.se\/wp-content\/uploads\/2022\/04\/kristi-himmelsfardsdag.jpg 600w, https:\/\/xn--arbetstimmarpermnad-gxb.se\/wp-content\/uploads\/2022\/04\/kristi-himmelsfardsdag-300x225.jpg 300w\" sizes=\"auto, (max-width: 600px) 100vw, 600px\" \/>Helatorstai<\/h1>\n<p align=\"JUSTIFY\">Helatorstaita on hyvin t\u00e4rke\u00e4 p\u00e4iv\u00e4 kristinuskossa. Se on my\u00f6s yleinen vapaap\u00e4iv\u00e4 monissa maissa, mutta tapa, jolla sit\u00e4 todellisuudessa juhlitaan, vaihtelee useissa suhteissa. Ruotsissa sill\u00e4 on pitk\u00e4 historia, joka liittyy monin tavoin my\u00f6s esikristilliseen aikaan.<\/p>\n<p align=\"JUSTIFY\">T\u00e4ss\u00e4 on tietoa Kristuksen taivaaseenastumisp\u00e4iv\u00e4st\u00e4 ja siit\u00e4, mik\u00e4 on ominaista sille nykyaikanamme.<\/p>\n<h2 class=\"western\" align=\"JUSTIFY\">Kristitty ja samalla esikristillinen<\/h2>\n<p align=\"JUSTIFY\">Ascension Day on kristillinen juhla, jonka tarkoituksena on juhlistaa p\u00e4iv\u00e4\u00e4, jolloin Jeesus l\u00e4hti maallisesta el\u00e4m\u00e4st\u00e4 taivaaseen. Se tapahtuu aina 40. p\u00e4iv\u00e4n\u00e4 p\u00e4\u00e4si\u00e4isen j\u00e4lkeen. Koska t\u00e4m\u00e4 on aina torstai, p\u00e4iv\u00e4\u00e4 on joskus kutsuttu pyh\u00e4n\u00e4 torstaina.<\/p>\n<p align=\"JUSTIFY\">Tapa, jolla sit\u00e4 juhlitaan, vaihtelee suuresti sen mukaan, miss\u00e4 m\u00e4\u00e4rin maa on sekularisoitunut. Perinteisempi Kristuksen taivaaseenastumisen juhla sis\u00e4lt\u00e4\u00e4 jumalanpalveluksen ja vierailun hautausmaalla, jossa l\u00e4heiset ovat.<\/p>\n<p align=\"JUSTIFY\">Erityisen Ruotsissa sille antaa erityisaseman se, ett\u00e4 helatorsta on samaan aikaan kuin p\u00e4iv\u00e4, jolloin maanviljelij\u00e4t vapauttavat lehm\u00e4t laitumelle. Siksi p\u00e4iv\u00e4 tunnetaan historiallisesti my\u00f6s laidunvapautusp\u00e4iv\u00e4n\u00e4\/lehm\u00e4n vapauttamisp\u00e4iv\u00e4n\u00e4. T\u00e4m\u00e4 tarkoittaa, ett\u00e4 sill\u00e4 on kulttuurisesti ankkuripaikka my\u00f6s talonpoikaisyhteiskunnassa, jonka historia on monella tapaa vanhempi kuin kristinuskon historia Ruotsissa.<\/p>\n<h2 class=\"western\" align=\"JUSTIFY\">Loma, jota harva viett\u00e4\u00e4<\/h2>\n<p align=\"JUSTIFY\">Monissa tapauksissa Helatorstaiden p\u00e4iv\u00e4 osuu samaan aikaan Ruotsin kansallisp\u00e4iv\u00e4n kanssa niin, ett\u00e4 yhdess\u00e4 niist\u00e4 muodostuu erityisen pitk\u00e4 viikonloppu. Siksi helatorstaista tulee joskus osa Ruotsin pisint\u00e4 viikonloppua.<\/p>\n<p align=\"JUSTIFY\">Huolimatta siit\u00e4, ett\u00e4 se on juhlap\u00e4iv\u00e4, on Ruotsissa suhteellisen ep\u00e4tavallista viett\u00e4\u00e4 helatorstaita. Edelleen p\u00e4\u00e4asiassa kristityt ja uskovat kiinnitt\u00e4v\u00e4t jossain m\u00e4\u00e4rin huomiota p\u00e4iv\u00e4\u00e4n. Mutta juhla on lis\u00e4\u00e4ntynyt, ja monet ennustavat, ett\u00e4 siit\u00e4 tulee pian suurempi ilmi\u00f6 kuin ennen.<\/p>\n\t\t\t\t\t\t<\/div><!-- .entry-content -->\n\t\t\t\t\t<div class=\"wpsp-read-more\"><a title=\"Helatorstai\" class=\"wp-show-posts-read-more\" href=\"https:\/\/xn--arbetstimmarpermnad-gxb.se\/fi\/helatorstai\/\">Lue lis\u00e4\u00e4...<\/a><\/div><\/div><!-- wp-show-posts-inner --><div class=\"wpsp-clear\"><\/div><\/article><\/section><!-- .wp-show-posts -->","protected":false},"excerpt":{"rendered":"<p>N\u00e4r man pratar om antal arbetstimmar per m\u00e5nad 2022 brukar man s\u00e4ga 160 vilket ju ofta inte riktigt st\u00e4mmer. I \u00e5r (2022) \u00e4r det ju till exempel mellan 152 och 184 arbetstimmar med ett genomsnitt p\u00e5 hela 169 timmar per m\u00e5nad! H\u00e4r i tabellen under kan du se exakt hur m\u00e5nga arbetsdagar, arbetstimmar, antal l\u00f6rdagar [&hellip;]<\/p>","protected":false},"author":1,"featured_media":0,"parent":0,"menu_order":0,"comment_status":"closed","ping_status":"closed","template":"","meta":{"site-sidebar-layout":"default","site-content-layout":"default","ast-site-content-layout":"","site-content-style":"default","site-sidebar-style":"default","ast-global-header-display":"","ast-banner-title-visibility":"","ast-main-header-display":"","ast-hfb-above-header-display":"","ast-hfb-below-header-display":"","ast-hfb-mobile-header-display":"","site-post-title":"","ast-breadcrumbs-content":"","ast-featured-img":"","footer-sml-layout":"","theme-transparent-header-meta":"default","adv-header-id-meta":"","stick-header-meta":"","header-above-stick-meta":"","header-main-stick-meta":"","header-below-stick-meta":"","astra-migrate-meta-layouts":"default","ast-page-background-enabled":"default","ast-page-background-meta":{"desktop":{"background-color":"var(--ast-global-color-4)","background-image":"","background-repeat":"repeat","background-position":"center center","background-size":"auto","background-attachment":"scroll","background-type":"","background-media":"","overlay-type":"","overlay-color":"","overlay-opacity":"","overlay-gradient":""},"tablet":{"background-color":"","background-image":"","background-repeat":"repeat","background-position":"center center","background-size":"auto","background-attachment":"scroll","background-type":"","background-media":"","overlay-type":"","overlay-color":"","overlay-opacity":"","overlay-gradient":""},"mobile":{"background-color":"","background-image":"","background-repeat":"repeat","background-position":"center center","background-size":"auto","background-attachment":"scroll","background-type":"","background-media":"","overlay-type":"","overlay-color":"","overlay-opacity":"","overlay-gradient":""}},"ast-content-background-meta":{"desktop":{"background-color":"var(--ast-global-color-5)","background-image":"","background-repeat":"repeat","background-position":"center center","background-size":"auto","background-attachment":"scroll","background-type":"","background-media":"","overlay-type":"","overlay-color":"","overlay-opacity":"","overlay-gradient":""},"tablet":{"background-color":"var(--ast-global-color-5)","background-image":"","background-repeat":"repeat","background-position":"center center","background-size":"auto","background-attachment":"scroll","background-type":"","background-media":"","overlay-type":"","overlay-color":"","overlay-opacity":"","overlay-gradient":""},"mobile":{"background-color":"var(--ast-global-color-5)","background-image":"","background-repeat":"repeat","background-position":"center center","background-size":"auto","background-attachment":"scroll","background-type":"","background-media":"","overlay-type":"","overlay-color":"","overlay-opacity":"","overlay-gradient":""}},"footnotes":""},"class_list":["post-106","page","type-page","status-publish","hentry"],"_links":{"self":[{"href":"https:\/\/xn--arbetstimmarpermnad-gxb.se\/fi\/wp-json\/wp\/v2\/pages\/106","targetHints":{"allow":["GET"]}}],"collection":[{"href":"https:\/\/xn--arbetstimmarpermnad-gxb.se\/fi\/wp-json\/wp\/v2\/pages"}],"about":[{"href":"https:\/\/xn--arbetstimmarpermnad-gxb.se\/fi\/wp-json\/wp\/v2\/types\/page"}],"author":[{"embeddable":true,"href":"https:\/\/xn--arbetstimmarpermnad-gxb.se\/fi\/wp-json\/wp\/v2\/users\/1"}],"replies":[{"embeddable":true,"href":"https:\/\/xn--arbetstimmarpermnad-gxb.se\/fi\/wp-json\/wp\/v2\/comments?post=106"}],"version-history":[{"count":14,"href":"https:\/\/xn--arbetstimmarpermnad-gxb.se\/fi\/wp-json\/wp\/v2\/pages\/106\/revisions"}],"predecessor-version":[{"id":171,"href":"https:\/\/xn--arbetstimmarpermnad-gxb.se\/fi\/wp-json\/wp\/v2\/pages\/106\/revisions\/171"}],"wp:attachment":[{"href":"https:\/\/xn--arbetstimmarpermnad-gxb.se\/fi\/wp-json\/wp\/v2\/media?parent=106"}],"curies":[{"name":"wp","href":"https:\/\/api.w.org\/{rel}","templated":true}]}}