{"id":259,"date":"2025-01-13T15:08:48","date_gmt":"2025-01-13T14:08:48","guid":{"rendered":"https:\/\/xn--arbetstimmarpermnad-gxb.se\/?page_id=259"},"modified":"2025-01-14T10:08:09","modified_gmt":"2025-01-14T09:08:09","slug":"januari","status":"publish","type":"page","link":"https:\/\/xn--arbetstimmarpermnad-gxb.se\/da\/januari\/","title":{"rendered":"Januari -26"},"content":{"rendered":"<div class=\"calendar\">\n<div class=\"calendar-header\"><span class=\"prev-month\">&lt;<\/span> <span class=\"month-name\">Januari 2026<\/span> <span class=\"next-month\">&gt;<\/span><\/div>\n<div class=\"calendar-grid\">\n<div class=\"day-header\">M\u00e5n<\/div>\n<div class=\"day-header\">Tis<\/div>\n<div class=\"day-header\">Ons<\/div>\n<div class=\"day-header\">Tor<\/div>\n<div class=\"day-header\">Fre<\/div>\n<div class=\"day-header\">L\u00f6r<\/div>\n<div class=\"day-header\">S\u00f6n<\/div>\n<div class=\"day empty\"><\/div>\n<p><!-- Empty space for alignment --><\/p>\n<div class=\"day\">1<\/div>\n<div class=\"day\">2<\/div>\n<div class=\"day\">3<\/div>\n<div class=\"day\">4<\/div>\n<div class=\"day\">5<\/div>\n<div class=\"day\">6<\/span><\/strong><\/div>\n<div class=\"day\">7<\/div>\n<div class=\"day\">8<\/div>\n<div class=\"day\">9<\/div>\n<div class=\"day\">10<\/div>\n<div class=\"day\">11<\/div>\n<div class=\"day\">12<\/div>\n<div class=\"day\">13<\/div>\n<div class=\"day\">14<\/div>\n<div class=\"day\">15<\/div>\n<div class=\"day\">16<\/div>\n<div class=\"day\">17<\/div>\n<div class=\"day\">18<\/div>\n<div class=\"day\">19<\/div>\n<div class=\"day\">20<\/div>\n<div class=\"day\">21<\/div>\n<div class=\"day\">22<\/div>\n<div class=\"day\">23<\/div>\n<div class=\"day\">24<\/div>\n<div class=\"day\">25<\/div>\n<div class=\"day\">26<\/div>\n<div class=\"day\">27<\/div>\n<div class=\"day\">28<\/div>\n<div class=\"day\">29<\/div>\n<div class=\"day\">30<\/div>\n<div class=\"day\">31<\/div>\n<\/div>\n<\/div>","protected":false},"excerpt":{"rendered":"<p>&lt; Januari 2026 &gt; M\u00e5n Tis Ons Tor Fre L\u00f6r S\u00f6n 1 2 3 4 5 6 7 8 9 10 11 12 13 14 15 16 17 18 19 20 21 22 23 24 25 26 27 28 29 30 31<\/p>","protected":false},"author":1,"featured_media":0,"parent":0,"menu_order":0,"comment_status":"closed","ping_status":"closed","template":"","meta":{"site-sidebar-layout":"default","site-content-layout":"default","ast-site-content-layout":"","site-content-style":"default","site-sidebar-style":"default","ast-global-header-display":"","ast-banner-title-visibility":"","ast-main-header-display":"","ast-hfb-above-header-display":"","ast-hfb-below-header-display":"","ast-hfb-mobile-header-display":"","site-post-title":"","ast-breadcrumbs-content":"","ast-featured-img":"","footer-sml-layout":"","theme-transparent-header-meta":"default","adv-header-id-meta":"","stick-header-meta":"","header-above-stick-meta":"","header-main-stick-meta":"","header-below-stick-meta":"","astra-migrate-meta-layouts":"default","ast-page-background-enabled":"default","ast-page-background-meta":{"desktop":{"background-color":"var(--ast-global-color-4)","background-image":"","background-repeat":"repeat","background-position":"center center","background-size":"auto","background-attachment":"scroll","background-type":"","background-media":"","overlay-type":"","overlay-color":"","overlay-opacity":"","overlay-gradient":""},"tablet":{"background-color":"","background-image":"","background-repeat":"repeat","background-position":"center center","background-size":"auto","background-attachment":"scroll","background-type":"","background-media":"","overlay-type":"","overlay-color":"","overlay-opacity":"","overlay-gradient":""},"mobile":{"background-color":"","background-image":"","background-repeat":"repeat","background-position":"center center","background-size":"auto","background-attachment":"scroll","background-type":"","background-media":"","overlay-type":"","overlay-color":"","overlay-opacity":"","overlay-gradient":""}},"ast-content-background-meta":{"desktop":{"background-color":"var(--ast-global-color-5)","background-image":"","background-repeat":"repeat","background-position":"center center","background-size":"auto","background-attachment":"scroll","background-type":"","background-media":"","overlay-type":"","overlay-color":"","overlay-opacity":"","overlay-gradient":""},"tablet":{"background-color":"var(--ast-global-color-5)","background-image":"","background-repeat":"repeat","background-position":"center center","background-size":"auto","background-attachment":"scroll","background-type":"","background-media":"","overlay-type":"","overlay-color":"","overlay-opacity":"","overlay-gradient":""},"mobile":{"background-color":"var(--ast-global-color-5)","background-image":"","background-repeat":"repeat","background-position":"center center","background-size":"auto","background-attachment":"scroll","background-type":"","background-media":"","overlay-type":"","overlay-color":"","overlay-opacity":"","overlay-gradient":""}},"footnotes":""},"class_list":["post-259","page","type-page","status-publish","hentry"],"_links":{"self":[{"href":"https:\/\/xn--arbetstimmarpermnad-gxb.se\/da\/wp-json\/wp\/v2\/pages\/259","targetHints":{"allow":["GET"]}}],"collection":[{"href":"https:\/\/xn--arbetstimmarpermnad-gxb.se\/da\/wp-json\/wp\/v2\/pages"}],"about":[{"href":"https:\/\/xn--arbetstimmarpermnad-gxb.se\/da\/wp-json\/wp\/v2\/types\/page"}],"author":[{"embeddable":true,"href":"https:\/\/xn--arbetstimmarpermnad-gxb.se\/da\/wp-json\/wp\/v2\/users\/1"}],"replies":[{"embeddable":true,"href":"https:\/\/xn--arbetstimmarpermnad-gxb.se\/da\/wp-json\/wp\/v2\/comments?post=259"}],"version-history":[{"count":6,"href":"https:\/\/xn--arbetstimmarpermnad-gxb.se\/da\/wp-json\/wp\/v2\/pages\/259\/revisions"}],"predecessor-version":[{"id":292,"href":"https:\/\/xn--arbetstimmarpermnad-gxb.se\/da\/wp-json\/wp\/v2\/pages\/259\/revisions\/292"}],"wp:attachment":[{"href":"https:\/\/xn--arbetstimmarpermnad-gxb.se\/da\/wp-json\/wp\/v2\/media?parent=259"}],"curies":[{"name":"wp","href":"https:\/\/api.w.org\/{rel}","templated":true}]}}