{"id":116,"date":"2009-01-01T11:09:11","date_gmt":"2009-01-01T10:09:11","guid":{"rendered":"https:\/\/xn--arbetstimmarpermnad-gxb.se\/?page_id=116"},"modified":"2023-09-09T17:39:52","modified_gmt":"2023-09-09T15:39:52","slug":"arbetstimmar-per-manad-2023","status":"publish","type":"page","link":"https:\/\/xn--arbetstimmarpermnad-gxb.se\/da\/arbejdstid-om-maned-2023\/","title":{"rendered":"Arbejdstid om m\u00e5neden 2023"},"content":{"rendered":"<table id=\"tablepress-5\" class=\"tablepress tablepress-id-5 tablepress-responsive\">\n<thead>\n<tr class=\"row-1\">\n\t<th class=\"column-1\">M\u00e5ned<\/th><th class=\"column-2\">Arbejdsdage<\/th><th class=\"column-3\">Arbejdstimer<\/th><th class=\"column-4\">L\u00f8r &amp; S\u00f8n.<\/th><th class=\"column-5\">Andre<\/th>\n<\/tr>\n<\/thead>\n<tbody class=\"row-striping row-hover\">\n<tr class=\"row-2\">\n\t<td class=\"column-1\">januar<\/td><td class=\"column-2\">21<\/td><td class=\"column-3\">168<\/td><td class=\"column-4\">9<\/td><td class=\"column-5\">1<\/td>\n<\/tr>\n<tr class=\"row-3\">\n\t<td class=\"column-1\">februar<\/td><td class=\"column-2\">20<\/td><td class=\"column-3\">160<\/td><td class=\"column-4\">8<\/td><td class=\"column-5\">0<\/td>\n<\/tr>\n<tr class=\"row-4\">\n\t<td class=\"column-1\">marts<\/td><td class=\"column-2\">23<\/td><td class=\"column-3\">184<\/td><td class=\"column-4\">8<\/td><td class=\"column-5\">0<\/td>\n<\/tr>\n<tr class=\"row-5\">\n\t<td class=\"column-1\">April<\/td><td class=\"column-2\">18<\/td><td class=\"column-3\">144<\/td><td class=\"column-4\">10<\/td><td class=\"column-5\">2<\/td>\n<\/tr>\n<tr class=\"row-6\">\n\t<td class=\"column-1\">Kan<\/td><td class=\"column-2\">21<\/td><td class=\"column-3\">168<\/td><td class=\"column-4\">8<\/td><td class=\"column-5\">2<\/td>\n<\/tr>\n<tr class=\"row-7\">\n\t<td class=\"column-1\">juni<\/td><td class=\"column-2\">19<\/td><td class=\"column-3\">152<\/td><td class=\"column-4\">8<\/td><td class=\"column-5\">2<\/td>\n<\/tr>\n<tr class=\"row-8\">\n\t<td class=\"column-1\">juli<\/td><td class=\"column-2\">21<\/td><td class=\"column-3\">168<\/td><td class=\"column-4\">10<\/td><td class=\"column-5\">0<\/td>\n<\/tr>\n<tr class=\"row-9\">\n\t<td class=\"column-1\">august<\/td><td class=\"column-2\">23<\/td><td class=\"column-3\">184<\/td><td class=\"column-4\">8<\/td><td class=\"column-5\">0<\/td>\n<\/tr>\n<tr class=\"row-10\">\n\t<td class=\"column-1\">september<\/td><td class=\"column-2\">21<\/td><td class=\"column-3\">168<\/td><td class=\"column-4\">9<\/td><td class=\"column-5\">0<\/td>\n<\/tr>\n<tr class=\"row-11\">\n\t<td class=\"column-1\">oktober<\/td><td class=\"column-2\">22<\/td><td class=\"column-3\">176<\/td><td class=\"column-4\">9<\/td><td class=\"column-5\">0<\/td>\n<\/tr>\n<tr class=\"row-12\">\n\t<td class=\"column-1\">november<\/td><td class=\"column-2\">22<\/td><td class=\"column-3\">176<\/td><td class=\"column-4\">8<\/td><td class=\"column-5\">0<\/td>\n<\/tr>\n<tr class=\"row-13\">\n\t<td class=\"column-1\">december<\/td><td class=\"column-2\">19<\/td><td class=\"column-3\">152<\/td><td class=\"column-4\">10<\/td><td class=\"column-5\">2<\/td>\n<\/tr>\n<tr class=\"row-14\">\n\t<td class=\"column-1\"><strong>Samlet \u00e5rlig arbejdstid<\/strong><\/td><td class=\"column-2\"><strong>250<\/strong><\/td><td class=\"column-3\"><strong>2000<\/strong><\/td><td class=\"column-4\"><strong>105<\/strong><\/td><td class=\"column-5\"><strong>9<\/strong><\/td>\n<\/tr>\n<\/tbody>\n<tfoot>\n<tr class=\"row-15\">\n\t<th class=\"column-1\">Gennemsnit \/ m\u00e5ned<\/th><th class=\"column-2\">21<\/th><th class=\"column-3\">167<\/th><th class=\"column-4\">8.75<\/th><th class=\"column-5\">0.75<\/th>\n<\/tr>\n<\/tfoot>\n<\/table>\n\n<style>.wp-show-posts-columns#wpsp-113 {margin-left: -2em; }.wp-show-posts-columns#wpsp-113 .wp-show-posts-inner {margin: 0 0 2em 2em; }<\/style><section id=\"wpsp-113\" class=\"wp-show-posts\" style=\"\"><article class=\"wp-show-posts-single wpsp-clearfix post-152 post type-post status-publish format-standard hentry category-dagar\" itemtype=\"http:\/\/schema.org\/CreativeWork\" itemscope><div class=\"wp-show-posts-inner\" style=\"\">\t\t\t\t\t\t<header class=\"wp-show-posts-entry-header\">\n\t\t\t\t\t\t\t<h2 class=\"wp-show-posts-entry-title\" itemprop=\"headline\"><a href=\"https:\/\/xn--arbetstimmarpermnad-gxb.se\/da\/kristi-himmelfartsdag\/\" rel=\"bookmark\">Kristi Himmelfartsdag<\/a><\/h2>\t\t\t\t\t\t<\/header><!-- .entry-header -->\n\t\t\t\t\t\t\t\t\t\t\t<div class=\"wp-show-posts-entry-content\" itemprop=\"text\">\n\t\t\t\t\t\t\t<h1 class=\"western\" align=\"JUSTIFY\"><img loading=\"lazy\" decoding=\"async\" class=\"aligncenter size-full wp-image-153\" src=\"https:\/\/xn--arbetstimmarpermnad-gxb.se\/wp-content\/uploads\/2022\/04\/kristi-himmelsfardsdag.jpg\" alt=\"Kristi Himmelfartsdag\" width=\"600\" height=\"450\" srcset=\"https:\/\/xn--arbetstimmarpermnad-gxb.se\/wp-content\/uploads\/2022\/04\/kristi-himmelsfardsdag.jpg 600w, https:\/\/xn--arbetstimmarpermnad-gxb.se\/wp-content\/uploads\/2022\/04\/kristi-himmelsfardsdag-300x225.jpg 300w\" sizes=\"auto, (max-width: 600px) 100vw, 600px\" \/>Kristi Himmelfartsdag<\/h1>\r\n<p align=\"JUSTIFY\">Kristi Himmelfartsdag er en meget betydningsfuld dag i kristendommen. Det er ogs\u00e5 en helligdag i en lang r\u00e6kke lande, men hvordan den faktisk fejres er forskellig p\u00e5 flere punkter. I Sverige har den en lang historie, der p\u00e5 mange m\u00e5der ogs\u00e5 h\u00e6nger sammen med f\u00f8rkristen tid.<\/p>\r\n<p align=\"JUSTIFY\">Her er lidt information om Kristi himmelfartsdag og hvad der kendetegner den i vores moderne tid.<\/p>\r\n\r\n<h2 class=\"western\" align=\"JUSTIFY\">Kristen og p\u00e5 samme tid f\u00f8rkristen<\/h2>\r\n<p align=\"JUSTIFY\">Kristi Himmelfartsdag er en kristen h\u00f8jtid, der har til form\u00e5l at markere dagen, hvor Jesus forlod det jordiske liv til himlen. Det foreg\u00e5r altid den 40. dag efter p\u00e5ske. Da dette altid er en torsdag, er dagen nogle gange blevet omtalt som helligtorsdag.<\/p>\r\n<p align=\"JUSTIFY\">Hvordan det fejres, varierer meget afh\u00e6ngigt af, i hvor h\u00f8j grad et land er blevet sekulariseret. Den mere traditionelle fejring af Kristi himmelfart inkluderer en gudstjeneste og et bes\u00f8g p\u00e5 kirkeg\u00e5rden, hvor de k\u00e6re er.<\/p>\r\n<p align=\"JUSTIFY\">Det, der giver den en s\u00e6rstilling i is\u00e6r Sverige, er, at Kristi Himmelfartsdag ogs\u00e5 falder sammen med den dag, hvor landm\u00e6ndene slipper k\u00f8erne ud p\u00e5 gr\u00e6s. Derfor er dagen historisk set ogs\u00e5 kendt som dagen for afgr\u00e6sningsuds\u00e6tning\/kouds\u00e6tning. Det betyder, at den kulturelt ogs\u00e5 har en forankring i bondesamfundet, hvis historie p\u00e5 mange m\u00e5der er \u00e6ldre end kristendommens historie i Sverige.<\/p>\r\n\r\n<h2 class=\"western\" align=\"JUSTIFY\">Ferie, som de f\u00e6rreste faktisk fejrer<\/h2>\r\n<p align=\"JUSTIFY\">I mange tilf\u00e6lde falder Kristi Himmelfartsdag sammen med Sveriges nationaldag p\u00e5 en s\u00e5dan m\u00e5de, at de tilsammen danner en s\u00e6rlig lang weekend. Derfor bliver Kristi Himmelfartsdag nogle gange en del af Sveriges l\u00e6ngste weekendperiode.<\/p>\r\n<p align=\"JUSTIFY\">P\u00e5 trods af sin status som helligdag er det relativt us\u00e6dvanligt i Sverige at fejre Kristi Himmelfartsdag. Det er stadig prim\u00e6rt de kristne og troende, der til en vis grad l\u00e6gger m\u00e6rke til dagen. Men fejringen er steget, og mange sp\u00e5r, at det snart bliver et st\u00f8rre f\u00e6nomen, end det har v\u00e6ret f\u00f8r.<\/p>\t\t\t\t\t\t<\/div><!-- .entry-content -->\n\t\t\t\t\t<div class=\"wpsp-read-more\"><a title=\"Kristi Himmelfartsdag\" class=\"wp-show-posts-read-more\" href=\"https:\/\/xn--arbetstimmarpermnad-gxb.se\/da\/kristi-himmelfartsdag\/\">L\u00e6s mere...<\/a><\/div><\/div><!-- wp-show-posts-inner --><div class=\"wpsp-clear\"><\/div><\/article><article class=\"wp-show-posts-single wpsp-clearfix post-126 post type-post status-publish format-standard hentry category-dagar\" itemtype=\"http:\/\/schema.org\/CreativeWork\" itemscope><div class=\"wp-show-posts-inner\" style=\"\">\t\t\t\t\t\t<header class=\"wp-show-posts-entry-header\">\n\t\t\t\t\t\t\t<h2 class=\"wp-show-posts-entry-title\" itemprop=\"headline\"><a href=\"https:\/\/xn--arbetstimmarpermnad-gxb.se\/da\/nytarsdag-og-tretten-dag-jul\/\" rel=\"bookmark\">nyt\u00e5rsdag og trettende juledag<\/a><\/h2>\t\t\t\t\t\t<\/header><!-- .entry-header -->\n\t\t\t\t\t\t\t\t\t\t\t<div class=\"wp-show-posts-entry-content\" itemprop=\"text\">\n\t\t\t\t\t\t\t<p><img loading=\"lazy\" decoding=\"async\" class=\"aligncenter size-full wp-image-127\" src=\"https:\/\/xn--arbetstimmarpermnad-gxb.se\/wp-content\/uploads\/2022\/04\/nyarsdagen-och-trettondedag-jul.webp\" alt=\"nyt\u00e5rsdag og trettende juledag\" width=\"1024\" height=\"512\" srcset=\"https:\/\/xn--arbetstimmarpermnad-gxb.se\/wp-content\/uploads\/2022\/04\/nyarsdagen-och-trettondedag-jul.webp 1024w, https:\/\/xn--arbetstimmarpermnad-gxb.se\/wp-content\/uploads\/2022\/04\/nyarsdagen-och-trettondedag-jul-300x150.webp 300w, https:\/\/xn--arbetstimmarpermnad-gxb.se\/wp-content\/uploads\/2022\/04\/nyarsdagen-och-trettondedag-jul-768x384.webp 768w\" sizes=\"auto, (max-width: 1024px) 100vw, 1024px\" \/><\/p>\n<h1 class=\"western\" align=\"JUSTIFY\">nyt\u00e5rsdag og trettende juledag<\/h1>\n<p align=\"JUSTIFY\">At fire nyt\u00e5rsdage og trettendedage er en selvf\u00f8lge for rigtig mange mennesker. Men dens kulturelle og historiske oprindelse er ikke altid helt indlysende. Selvom de har ophav, som ikke n\u00f8dvendigvis har med hinanden at g\u00f8re, danner de en grundl\u00e6ggende ramme for, hvordan vi b\u00e5de slutter af og g\u00e5r det nye \u00e5r i m\u00f8de.<\/p>\n<p align=\"JUSTIFY\">Vi har kigget n\u00e6rmere p\u00e5 13. juledag og nyt\u00e5rsdag.<\/p>\n<h2 class=\"western\" align=\"JUSTIFY\">\u00c5benbaring<\/h2>\n<p align=\"JUSTIFY\">Den trettende dag i julen har f\u00e5et sit navn, fordi den finder sted p\u00e5 den trettende dag efter jul. Det sker s\u00e5ledes normalt den 6. januar. Udover at v\u00e6re en af kirkens vigtigste h\u00f8jtider, er det ogs\u00e5 en helligdag i mange lande. Dagen har til hensigt at fejre dagen, hvor det blev \u00e5benbaret, at Jesus var Guds s\u00f8n.<\/p>\n<p align=\"JUSTIFY\">Hvordan fejres den trettende dag i julen?<\/p>\n<ul>\n<li>\n<p align=\"JUSTIFY\">I Sverige g\u00e5r dagen ofte ubem\u00e6rket hen. Men mange andre lande har en position, der svarer til vores juleaften, med gaver og socialt samv\u00e6r.<\/p>\n<\/li>\n<li>\n<p align=\"JUSTIFY\">Mange i Sverige har p\u00e5 det seneste valgt at fejre dagen med god mad.<\/p>\n<\/li>\n<\/ul>\n<p align=\"JUSTIFY\">Selvom trettendedagen ofte finder sted uden s\u00e6rlig fejring, er det en vigtig kristen h\u00f8jtid, der er en del af vores f\u00e6lles kulturarv.<\/p>\n<h2 class=\"western\" align=\"JUSTIFY\">Nyt\u00e5rsdag<\/h2>\n<p align=\"JUSTIFY\">Nyt\u00e5rsdag er dagen til at markere den endelige start p\u00e5 et nyt \u00e5r. Det finder sted den 1. januar og er dermed \u00e5rets f\u00f8rste kalenderdag. Det er en helligdag i de fleste lande rundt om i verden og har paradoksalt nok f\u00e5et status af at v\u00e6re dagen til at rydde op i rodet fra nyt\u00e5rsfejringen.<\/p>\n<p>Det unikke ved nyt\u00e5rsdag er, at den er et resultat af f\u00f8rkristne traditioner kombineret med romerske og kristne elementer. Derfor er det en ferie, der p\u00e5 en m\u00e5de ikke har nogen rigtig konkret r\u00f8d tr\u00e5d. Men p\u00e5 trods af dette bliver det ved med at v\u00e6re en h\u00f8jtid, der b\u00e5de best\u00e5r af reng\u00f8ring og en henrykkelse over, at et nyt \u00e5r er begyndt.<\/p>\n\t\t\t\t\t\t<\/div><!-- .entry-content -->\n\t\t\t\t\t<div class=\"wpsp-read-more\"><a title=\"nyt\u00e5rsdag og trettende juledag\" class=\"wp-show-posts-read-more\" href=\"https:\/\/xn--arbetstimmarpermnad-gxb.se\/da\/nytarsdag-og-tretten-dag-jul\/\">L\u00e6s mere...<\/a><\/div><\/div><!-- wp-show-posts-inner --><div class=\"wpsp-clear\"><\/div><\/article><\/section><!-- .wp-show-posts -->","protected":false},"excerpt":{"rendered":"","protected":false},"author":1,"featured_media":0,"parent":0,"menu_order":0,"comment_status":"closed","ping_status":"closed","template":"","meta":{"site-sidebar-layout":"default","site-content-layout":"default","ast-site-content-layout":"","site-content-style":"default","site-sidebar-style":"default","ast-global-header-display":"","ast-banner-title-visibility":"","ast-main-header-display":"","ast-hfb-above-header-display":"","ast-hfb-below-header-display":"","ast-hfb-mobile-header-display":"","site-post-title":"","ast-breadcrumbs-content":"","ast-featured-img":"","footer-sml-layout":"","theme-transparent-header-meta":"default","adv-header-id-meta":"","stick-header-meta":"","header-above-stick-meta":"","header-main-stick-meta":"","header-below-stick-meta":"","astra-migrate-meta-layouts":"default","ast-page-background-enabled":"default","ast-page-background-meta":{"desktop":{"background-color":"var(--ast-global-color-4)","background-image":"","background-repeat":"repeat","background-position":"center center","background-size":"auto","background-attachment":"scroll","background-type":"","background-media":"","overlay-type":"","overlay-color":"","overlay-opacity":"","overlay-gradient":""},"tablet":{"background-color":"","background-image":"","background-repeat":"repeat","background-position":"center center","background-size":"auto","background-attachment":"scroll","background-type":"","background-media":"","overlay-type":"","overlay-color":"","overlay-opacity":"","overlay-gradient":""},"mobile":{"background-color":"","background-image":"","background-repeat":"repeat","background-position":"center center","background-size":"auto","background-attachment":"scroll","background-type":"","background-media":"","overlay-type":"","overlay-color":"","overlay-opacity":"","overlay-gradient":""}},"ast-content-background-meta":{"desktop":{"background-color":"var(--ast-global-color-5)","background-image":"","background-repeat":"repeat","background-position":"center center","background-size":"auto","background-attachment":"scroll","background-type":"","background-media":"","overlay-type":"","overlay-color":"","overlay-opacity":"","overlay-gradient":""},"tablet":{"background-color":"var(--ast-global-color-5)","background-image":"","background-repeat":"repeat","background-position":"center center","background-size":"auto","background-attachment":"scroll","background-type":"","background-media":"","overlay-type":"","overlay-color":"","overlay-opacity":"","overlay-gradient":""},"mobile":{"background-color":"var(--ast-global-color-5)","background-image":"","background-repeat":"repeat","background-position":"center center","background-size":"auto","background-attachment":"scroll","background-type":"","background-media":"","overlay-type":"","overlay-color":"","overlay-opacity":"","overlay-gradient":""}},"footnotes":""},"class_list":["post-116","page","type-page","status-publish","hentry"],"_links":{"self":[{"href":"https:\/\/xn--arbetstimmarpermnad-gxb.se\/da\/wp-json\/wp\/v2\/pages\/116","targetHints":{"allow":["GET"]}}],"collection":[{"href":"https:\/\/xn--arbetstimmarpermnad-gxb.se\/da\/wp-json\/wp\/v2\/pages"}],"about":[{"href":"https:\/\/xn--arbetstimmarpermnad-gxb.se\/da\/wp-json\/wp\/v2\/types\/page"}],"author":[{"embeddable":true,"href":"https:\/\/xn--arbetstimmarpermnad-gxb.se\/da\/wp-json\/wp\/v2\/users\/1"}],"replies":[{"embeddable":true,"href":"https:\/\/xn--arbetstimmarpermnad-gxb.se\/da\/wp-json\/wp\/v2\/comments?post=116"}],"version-history":[{"count":2,"href":"https:\/\/xn--arbetstimmarpermnad-gxb.se\/da\/wp-json\/wp\/v2\/pages\/116\/revisions"}],"predecessor-version":[{"id":219,"href":"https:\/\/xn--arbetstimmarpermnad-gxb.se\/da\/wp-json\/wp\/v2\/pages\/116\/revisions\/219"}],"wp:attachment":[{"href":"https:\/\/xn--arbetstimmarpermnad-gxb.se\/da\/wp-json\/wp\/v2\/media?parent=116"}],"curies":[{"name":"wp","href":"https:\/\/api.w.org\/{rel}","templated":true}]}}