{"id":106,"date":"2022-04-06T16:12:23","date_gmt":"2022-04-06T14:12:23","guid":{"rendered":"https:\/\/xn--arbetstimmarpermnad-gxb.se\/?page_id=106"},"modified":"2022-04-19T14:22:55","modified_gmt":"2022-04-19T12:22:55","slug":"arbetstimmar-per-manad-2022","status":"publish","type":"page","link":"https:\/\/xn--arbetstimmarpermnad-gxb.se\/da\/arbejdstid-om-maned-2022\/","title":{"rendered":"Arbejdstid om m\u00e5neden 2022"},"content":{"rendered":"<p>N\u00e5r man taler om antallet af arbejdstimer om m\u00e5neden i 2022, plejer man at sige 160, hvilket ofte ikke er helt rigtigt. I \u00e5r (2022) er det for eksempel mellem 152 og 184 arbejdstimer med et gennemsnit p\u00e5 169 timer om m\u00e5neden! Her i nedenst\u00e5ende tabel kan du se pr\u00e6cis hvor mange arbejdsdage, arbejdstimer, antal l\u00f8rdage og s\u00f8ndage samt andre fridage, for eksempel r\u00f8de dage, sankthansaften, juleaftensdag og nyt\u00e5rsaftensdag. I de tilf\u00e6lde, hvor en r\u00f8d dag falder sammen med en l\u00f8rdag eller s\u00f8ndag, er den inkluderet i kolonnen L\u00f8rdag og s\u00f8ndag. Vi regner ogs\u00e5 med 8 timers arbejdsdage. Hvilke dage i Sverige der t\u00e6ller med som helligdage er reguleret i <a href=\"https:\/\/www.riksdagen.se\/sv\/dokument-lagar\/dokument\/svensk-forfattningssamling\/lag-1989253-om-allmanna-helgdagar_sfs-1989-253\" target=\"_blank\" rel=\"nofollow noopener\" data-schema-attribute=\"\">Lag (1989: 253)<\/a> &quot;Helligdagsloven&quot;. De fleste har s\u00e5ledes fri p\u00e5 f\u00f8lgende helligdage, selvom de falder sammen med en almindelig hverdag:<\/p>\r\n<ul>\r\n<li><a href=\"https:\/\/xn--arbetstimmarpermnad-gxb.se\/da\/paske-og-pinsedag\/\">p\u00e5skedag og pinsedag<\/a><\/li>\r\n<li><a href=\"https:\/\/xn--arbetstimmarpermnad-gxb.se\/da\/nytarsdag-og-tretten-dag-jul\/\">nyt\u00e5rsdag og trettende juledag<\/a><\/li>\r\n<li><a href=\"https:\/\/xn--arbetstimmarpermnad-gxb.se\/da\/forsta-maj\/\">1. maj<\/a><\/li>\r\n<li><a href=\"https:\/\/xn--arbetstimmarpermnad-gxb.se\/da\/jule-dag-og-anden-dag-jul\/\">juledag og juleaftensdag<\/a><\/li>\r\n<li><a href=\"https:\/\/xn--arbetstimmarpermnad-gxb.se\/da\/langfredag-og-mandag-paske\/\">Langfredag og p\u00e5skedag<\/a><\/li>\r\n<li><a href=\"https:\/\/xn--arbetstimmarpermnad-gxb.se\/da\/kristi-himmelfartsdag\/\">Kristi Himmelfartsdag<\/a><\/li>\r\n<li><a href=\"https:\/\/xn--arbetstimmarpermnad-gxb.se\/da\/sveriges-nationaldag\/\">Sveriges nationaldag<\/a><\/li>\r\n<li><a href=\"https:\/\/xn--arbetstimmarpermnad-gxb.se\/da\/midsommerdag\/\">Midsommerdag<\/a><\/li>\r\n<li><a href=\"https:\/\/xn--arbetstimmarpermnad-gxb.se\/da\/allehelgensdag\/\">Allehelgensdag<\/a><\/li>\r\n<\/ul>\r\n\r\n\r\n\n<table id=\"tablepress-3\" class=\"tablepress tablepress-id-3 tablepress-responsive\">\n<thead>\n<tr class=\"row-1\">\n\t<th class=\"column-1\">M\u00e5ned<\/th><th class=\"column-2\">Arbejdsdage<\/th><th class=\"column-3\">Arbejdstimer<\/th><th class=\"column-4\">L\u00f8r &amp; S\u00f8n.<\/th><th class=\"column-5\">Andre<\/th>\n<\/tr>\n<\/thead>\n<tbody class=\"row-striping row-hover\">\n<tr class=\"row-2\">\n\t<td class=\"column-1\">januar<\/td><td class=\"column-2\">20<\/td><td class=\"column-3\">160<\/td><td class=\"column-4\">10<\/td><td class=\"column-5\">1<\/td>\n<\/tr>\n<tr class=\"row-3\">\n\t<td class=\"column-1\">februar<\/td><td class=\"column-2\">20<\/td><td class=\"column-3\">160<\/td><td class=\"column-4\">8<\/td><td class=\"column-5\">0<\/td>\n<\/tr>\n<tr class=\"row-4\">\n\t<td class=\"column-1\">marts<\/td><td class=\"column-2\">23<\/td><td class=\"column-3\">184<\/td><td class=\"column-4\">8<\/td><td class=\"column-5\">0<\/td>\n<\/tr>\n<tr class=\"row-5\">\n\t<td class=\"column-1\">April<\/td><td class=\"column-2\">19<\/td><td class=\"column-3\">152<\/td><td class=\"column-4\">9<\/td><td class=\"column-5\">2<\/td>\n<\/tr>\n<tr class=\"row-6\">\n\t<td class=\"column-1\">Kan<\/td><td class=\"column-2\">21<\/td><td class=\"column-3\">168<\/td><td class=\"column-4\">9<\/td><td class=\"column-5\">1<\/td>\n<\/tr>\n<tr class=\"row-7\">\n\t<td class=\"column-1\">juni<\/td><td class=\"column-2\">20<\/td><td class=\"column-3\">160<\/td><td class=\"column-4\">8<\/td><td class=\"column-5\">2<\/td>\n<\/tr>\n<tr class=\"row-8\">\n\t<td class=\"column-1\">juli<\/td><td class=\"column-2\">21<\/td><td class=\"column-3\">168<\/td><td class=\"column-4\">10<\/td><td class=\"column-5\">0<\/td>\n<\/tr>\n<tr class=\"row-9\">\n\t<td class=\"column-1\">august<\/td><td class=\"column-2\">23<\/td><td class=\"column-3\">184<\/td><td class=\"column-4\">8<\/td><td class=\"column-5\">0<\/td>\n<\/tr>\n<tr class=\"row-10\">\n\t<td class=\"column-1\">september<\/td><td class=\"column-2\">22<\/td><td class=\"column-3\">176<\/td><td class=\"column-4\">8<\/td><td class=\"column-5\">0<\/td>\n<\/tr>\n<tr class=\"row-11\">\n\t<td class=\"column-1\">oktober<\/td><td class=\"column-2\">21<\/td><td class=\"column-3\">168<\/td><td class=\"column-4\">10<\/td><td class=\"column-5\">0<\/td>\n<\/tr>\n<tr class=\"row-12\">\n\t<td class=\"column-1\">november<\/td><td class=\"column-2\">22<\/td><td class=\"column-3\">176<\/td><td class=\"column-4\">8<\/td><td class=\"column-5\">0<\/td>\n<\/tr>\n<tr class=\"row-13\">\n\t<td class=\"column-1\">december<\/td><td class=\"column-2\">21<\/td><td class=\"column-3\">168<\/td><td class=\"column-4\">9<\/td><td class=\"column-5\">1<\/td>\n<\/tr>\n<tr class=\"row-14\">\n\t<td class=\"column-1\"><strong>Samlet \u00e5rlig arbejdstid<\/strong><\/td><td class=\"column-2\"><strong>253<\/strong><\/td><td class=\"column-3\"><strong>2024<\/strong><\/td><td class=\"column-4\"><strong>105<\/strong><\/td><td class=\"column-5\"><strong>7<\/strong><\/td>\n<\/tr>\n<\/tbody>\n<tfoot>\n<tr class=\"row-15\">\n\t<th class=\"column-1\">Gennemsnit \/ m\u00e5ned<\/th><th class=\"column-2\">21<\/th><th class=\"column-3\">169<\/th><th class=\"column-4\">8.75<\/th><th class=\"column-5\">0.58<\/th>\n<\/tr>\n<\/tfoot>\n<\/table>\n\n<p>&nbsp;<\/p>\n\r\n\r\n\r\n<style>.wp-show-posts-columns#wpsp-113 {margin-left: -2em; }.wp-show-posts-columns#wpsp-113 .wp-show-posts-inner {margin: 0 0 2em 2em; }<\/style><section id=\"wpsp-113\" class=\"wp-show-posts\" style=\"\"><article class=\"wp-show-posts-single wpsp-clearfix post-167 post type-post status-publish format-standard hentry category-dagar\" itemtype=\"http:\/\/schema.org\/CreativeWork\" itemscope><div class=\"wp-show-posts-inner\" style=\"\">\t\t\t\t\t\t<header class=\"wp-show-posts-entry-header\">\n\t\t\t\t\t\t\t<h2 class=\"wp-show-posts-entry-title\" itemprop=\"headline\"><a href=\"https:\/\/xn--arbetstimmarpermnad-gxb.se\/da\/allehelgensdag\/\" rel=\"bookmark\">Allehelgensdag<\/a><\/h2>\t\t\t\t\t\t<\/header><!-- .entry-header -->\n\t\t\t\t\t\t\t\t\t\t\t<div class=\"wp-show-posts-entry-content\" itemprop=\"text\">\n\t\t\t\t\t\t\t<img loading=\"lazy\" decoding=\"async\" class=\"aligncenter size-large wp-image-168\" src=\"https:\/\/xn--arbetstimmarpermnad-gxb.se\/wp-content\/uploads\/2022\/04\/alla-helgons-dag-1024x577.webp\" alt=\"Allehelgensdag\" width=\"1024\" height=\"577\" srcset=\"https:\/\/xn--arbetstimmarpermnad-gxb.se\/wp-content\/uploads\/2022\/04\/alla-helgons-dag-1024x577.webp 1024w, https:\/\/xn--arbetstimmarpermnad-gxb.se\/wp-content\/uploads\/2022\/04\/alla-helgons-dag-300x169.webp 300w, https:\/\/xn--arbetstimmarpermnad-gxb.se\/wp-content\/uploads\/2022\/04\/alla-helgons-dag-768x432.webp 768w, https:\/\/xn--arbetstimmarpermnad-gxb.se\/wp-content\/uploads\/2022\/04\/alla-helgons-dag-1536x865.webp 1536w, https:\/\/xn--arbetstimmarpermnad-gxb.se\/wp-content\/uploads\/2022\/04\/alla-helgons-dag-2048x1153.webp 2048w\" sizes=\"auto, (max-width: 1024px) 100vw, 1024px\" \/>\r\n<h1 class=\"western\" align=\"JUSTIFY\">Allehelgensdag<\/h1>\r\n<p align=\"JUSTIFY\">Allehelgensdag er en meget mangefacetteret h\u00f8jtid, hvis historie p\u00e5 en m\u00e5de er skjult i uklarhed. Men som en kristen tradition har den vist sig at v\u00e6re us\u00e6dvanlig mangefacetteret og levende. Dette har gjort det fejret p\u00e5 mange forskellige m\u00e5der afh\u00e6ngigt af hvor du er i verden.<\/p>\r\n<p align=\"JUSTIFY\">Vi har kigget p\u00e5 Allehelgensdag og set, hvad der adskiller den.<\/p>\r\n\r\n<h2 class=\"western\" align=\"JUSTIFY\">En almindelig men misforst\u00e5et dag<\/h2>\r\n<p align=\"JUSTIFY\">Oprindelsen til Allehelgensdag anses typisk for at v\u00e6re den kirkelige ambition om at henlede helgeners og martyrers opm\u00e6rksomhed p\u00e5 deres ofre. Allehelgensdag er en kristen h\u00f8jtid, der fejrer alle helgeners liv. Pr\u00e6cis hvorn\u00e5r det fejres varierer mellem forskellige steder i verden, men det foreg\u00e5r typisk 1. november eller engang mellem 31. oktober og 6. november.<\/p>\r\n<p align=\"JUSTIFY\">Men hvad er egentlig en helgen? En helgen er en person, der er blevet anerkendt af Kirken for at have opn\u00e5et et meget h\u00f8jt niveau af hellighed og dyd.<\/p>\r\n<p align=\"JUSTIFY\">Med tiden er Allehelgen dog mere blevet en generel opm\u00e6rksomhed hos de mennesker, der har forladt det jordiske liv. Uanset om det handler om helgener eller vores egne k\u00e6re. Derfor er den nutidige fejring af Allehelgensdag meget t\u00e6t knyttet til kirkeg\u00e5rdsbes\u00f8g. At t\u00e6nde stearinlys og bes\u00f8ge grave er betydeligt mere almindeligt end rent faktisk at tilbringe tid i kirken.<\/p>\r\n<p align=\"JUSTIFY\">Mange steder er dagen nok mere forbundet med Halloween, selvom de egentlig ikke h\u00e6nger sammen andet, end at de opst\u00e5r efter hinanden. Dette anses typisk for at v\u00e6re resultatet af en sproglig sammenkobling.<\/p>\r\n<p align=\"JUSTIFY\">Allehelgen er fortsat en popul\u00e6r h\u00f8jtid, men fejres p\u00e5 mange forskellige m\u00e5der. I vores egen tid har den nok p\u00e5 mange m\u00e5der f\u00e5et stor konkurrence fra Halloween, selvom disse to f\u00e6nomener har helt forskellig oprindelse.<\/p>\r\n<div class=\"ast-oembed-container\" style=\"height: 100%;\"><iframe loading=\"lazy\" title=\"Svenske helligdage - Allehelgensdagen - Allehelgensdagen\" width=\"500\" height=\"281\" src=\"https:\/\/www.youtube.com\/embed\/Ff2CfhMfbPQ?feature=oembed\" frameborder=\"0\" allow=\"accelerometer; autoplay; clipboard-write; encrypted-media; gyroscope; picture-in-picture; web-share\" referrerpolicy=\"strict-origin-when-cross-origin\" allowfullscreen><\/iframe><\/div>\t\t\t\t\t\t<\/div><!-- .entry-content -->\n\t\t\t\t\t<div class=\"wpsp-read-more\"><a title=\"Allehelgensdag\" class=\"wp-show-posts-read-more\" href=\"https:\/\/xn--arbetstimmarpermnad-gxb.se\/da\/allehelgensdag\/\">L\u00e6s mere...<\/a><\/div><\/div><!-- wp-show-posts-inner --><div class=\"wpsp-clear\"><\/div><\/article><article class=\"wp-show-posts-single wpsp-clearfix post-135 post type-post status-publish format-standard hentry category-dagar\" itemtype=\"http:\/\/schema.org\/CreativeWork\" itemscope><div class=\"wp-show-posts-inner\" style=\"\">\t\t\t\t\t\t<header class=\"wp-show-posts-entry-header\">\n\t\t\t\t\t\t\t<h2 class=\"wp-show-posts-entry-title\" itemprop=\"headline\"><a href=\"https:\/\/xn--arbetstimmarpermnad-gxb.se\/da\/forsta-maj\/\" rel=\"bookmark\">1. maj<\/a><\/h2>\t\t\t\t\t\t<\/header><!-- .entry-header -->\n\t\t\t\t\t\t\t\t\t\t\t<div class=\"wp-show-posts-entry-content\" itemprop=\"text\">\n\t\t\t\t\t\t\t<h1 class=\"western\" align=\"JUSTIFY\"><img loading=\"lazy\" decoding=\"async\" class=\"aligncenter size-full wp-image-136\" src=\"https:\/\/xn--arbetstimmarpermnad-gxb.se\/wp-content\/uploads\/2022\/04\/forsta-maj.jpg\" alt=\"F\u00f8rste maj - 1. maj\" width=\"732\" height=\"135\" srcset=\"https:\/\/xn--arbetstimmarpermnad-gxb.se\/wp-content\/uploads\/2022\/04\/forsta-maj.jpg 732w, https:\/\/xn--arbetstimmarpermnad-gxb.se\/wp-content\/uploads\/2022\/04\/forsta-maj-300x55.jpg 300w\" sizes=\"auto, (max-width: 732px) 100vw, 732px\" \/>1. maj<\/h1>\n<p align=\"JUSTIFY\">Siden slutningen af 1800-tallet har 1. maj v\u00e6ret en af arbejderbev\u00e6gelsens vigtigste tilbagevendende h\u00f8jtider og begivenheder. Dens historie er t\u00e6t forbundet med socialismens fremkomst i Europa og har haft et meget st\u00e6rkt hold, ikke mindst i Sverige.<\/p>\n<p align=\"JUSTIFY\">Men hvad handler f\u00f8rste maj egentlig om?<\/p>\n<h2 class=\"western\" align=\"JUSTIFY\">Arbejderbev\u00e6gelsens v\u00e6kst<\/h2>\n<p align=\"JUSTIFY\">P\u00e5 trods af at USA efterh\u00e5nden hovedsageligt forbindes med det frie marked, er det faktisk derfra, den f\u00f8rste maj udspringer. Selvom ideen om at organisere v\u00e6rker har en meget l\u00e6ngere historie, tror de fleste, at dens model er en beslutning truffet i 1884 i USA. Den amerikanske arbejderbev\u00e6gelse Federation of Labor (AFL) besluttede at kr\u00e6ve en bred begr\u00e6nsning af arbejdsdagen til otte timer.<\/p>\n<p>Den Anden Internationale var en organisation, der blev dannet i Paris for at markere en slags symbolsk forl\u00e6ngelse af den franske revolution, mens den slog et slag for fremtidige arbejderes rettigheder. Deres dannelse i 1889 ses ogs\u00e5 normalt som en slags begyndelse p\u00e5 den f\u00f8rste majsstilling som en officiel helligdag.<\/p>\n<p>Arbejderbev\u00e6gelsen har siden v\u00e6ret en decentral social bev\u00e6gelse med fokus p\u00e5 at forbedre arbejdernes rettigheder. Begrebet er bredt og omfatter b\u00e5de organiserede fagforeninger og enkeltpersoners ambitioner og udtryk. Arbejderbev\u00e6gelsen har v\u00e6ret aktiv i mange lande gennem historien, men den har haft st\u00f8rst succes i vestlige industrilande. Arbejderbev\u00e6gelsen er ofte forbundet med socialistiske og kommunistiske politiske partier og organisationer, men den er ikke n\u00f8dvendigvis bundet til nogen bestemt ideologi.<\/p>\n<h2 class=\"western\">Det f\u00f8rste majtog<\/h2>\n<p>Et s\u00e6rligt symbol for den f\u00f8rste maj er det f\u00f8rste majtog, der k\u00f8rer hvert \u00e5r i flere lande. Ikke mindst i Sverige har den haft en meget st\u00e6rk position. Sangen Internationalen er mange steder togets mere eller mindre officielle kendesang. Selvom toget er almindeligt, har de fortsat en kontroversiel position i mange dele af verden, hvor arbejderbev\u00e6gelsen endnu ikke er accepteret.<\/p>\n<p align=\"JUSTIFY\">\n\t\t\t\t\t\t<\/div><!-- .entry-content -->\n\t\t\t\t\t<div class=\"wpsp-read-more\"><a title=\"1. maj\" class=\"wp-show-posts-read-more\" href=\"https:\/\/xn--arbetstimmarpermnad-gxb.se\/da\/forsta-maj\/\">L\u00e6s mere...<\/a><\/div><\/div><!-- wp-show-posts-inner --><div class=\"wpsp-clear\"><\/div><\/article><\/section><!-- .wp-show-posts -->","protected":false},"excerpt":{"rendered":"<p>N\u00e4r man pratar om antal arbetstimmar per m\u00e5nad 2022 brukar man s\u00e4ga 160 vilket ju ofta inte riktigt st\u00e4mmer. I \u00e5r (2022) \u00e4r det ju till exempel mellan 152 och 184 arbetstimmar med ett genomsnitt p\u00e5 hela 169 timmar per m\u00e5nad! H\u00e4r i tabellen under kan du se exakt hur m\u00e5nga arbetsdagar, arbetstimmar, antal l\u00f6rdagar [&hellip;]<\/p>","protected":false},"author":1,"featured_media":0,"parent":0,"menu_order":0,"comment_status":"closed","ping_status":"closed","template":"","meta":{"site-sidebar-layout":"default","site-content-layout":"default","ast-site-content-layout":"","site-content-style":"default","site-sidebar-style":"default","ast-global-header-display":"","ast-banner-title-visibility":"","ast-main-header-display":"","ast-hfb-above-header-display":"","ast-hfb-below-header-display":"","ast-hfb-mobile-header-display":"","site-post-title":"","ast-breadcrumbs-content":"","ast-featured-img":"","footer-sml-layout":"","theme-transparent-header-meta":"default","adv-header-id-meta":"","stick-header-meta":"","header-above-stick-meta":"","header-main-stick-meta":"","header-below-stick-meta":"","astra-migrate-meta-layouts":"default","ast-page-background-enabled":"default","ast-page-background-meta":{"desktop":{"background-color":"var(--ast-global-color-4)","background-image":"","background-repeat":"repeat","background-position":"center center","background-size":"auto","background-attachment":"scroll","background-type":"","background-media":"","overlay-type":"","overlay-color":"","overlay-opacity":"","overlay-gradient":""},"tablet":{"background-color":"","background-image":"","background-repeat":"repeat","background-position":"center center","background-size":"auto","background-attachment":"scroll","background-type":"","background-media":"","overlay-type":"","overlay-color":"","overlay-opacity":"","overlay-gradient":""},"mobile":{"background-color":"","background-image":"","background-repeat":"repeat","background-position":"center center","background-size":"auto","background-attachment":"scroll","background-type":"","background-media":"","overlay-type":"","overlay-color":"","overlay-opacity":"","overlay-gradient":""}},"ast-content-background-meta":{"desktop":{"background-color":"var(--ast-global-color-5)","background-image":"","background-repeat":"repeat","background-position":"center center","background-size":"auto","background-attachment":"scroll","background-type":"","background-media":"","overlay-type":"","overlay-color":"","overlay-opacity":"","overlay-gradient":""},"tablet":{"background-color":"var(--ast-global-color-5)","background-image":"","background-repeat":"repeat","background-position":"center center","background-size":"auto","background-attachment":"scroll","background-type":"","background-media":"","overlay-type":"","overlay-color":"","overlay-opacity":"","overlay-gradient":""},"mobile":{"background-color":"var(--ast-global-color-5)","background-image":"","background-repeat":"repeat","background-position":"center center","background-size":"auto","background-attachment":"scroll","background-type":"","background-media":"","overlay-type":"","overlay-color":"","overlay-opacity":"","overlay-gradient":""}},"footnotes":""},"class_list":["post-106","page","type-page","status-publish","hentry"],"_links":{"self":[{"href":"https:\/\/xn--arbetstimmarpermnad-gxb.se\/da\/wp-json\/wp\/v2\/pages\/106","targetHints":{"allow":["GET"]}}],"collection":[{"href":"https:\/\/xn--arbetstimmarpermnad-gxb.se\/da\/wp-json\/wp\/v2\/pages"}],"about":[{"href":"https:\/\/xn--arbetstimmarpermnad-gxb.se\/da\/wp-json\/wp\/v2\/types\/page"}],"author":[{"embeddable":true,"href":"https:\/\/xn--arbetstimmarpermnad-gxb.se\/da\/wp-json\/wp\/v2\/users\/1"}],"replies":[{"embeddable":true,"href":"https:\/\/xn--arbetstimmarpermnad-gxb.se\/da\/wp-json\/wp\/v2\/comments?post=106"}],"version-history":[{"count":14,"href":"https:\/\/xn--arbetstimmarpermnad-gxb.se\/da\/wp-json\/wp\/v2\/pages\/106\/revisions"}],"predecessor-version":[{"id":171,"href":"https:\/\/xn--arbetstimmarpermnad-gxb.se\/da\/wp-json\/wp\/v2\/pages\/106\/revisions\/171"}],"wp:attachment":[{"href":"https:\/\/xn--arbetstimmarpermnad-gxb.se\/da\/wp-json\/wp\/v2\/media?parent=106"}],"curies":[{"name":"wp","href":"https:\/\/api.w.org\/{rel}","templated":true}]}}